{"id":2336,"date":"2021-10-13T15:07:33","date_gmt":"2021-10-13T13:07:33","guid":{"rendered":"https:\/\/grondalscamping.se\/?page_id=2336"},"modified":"2026-01-30T11:39:18","modified_gmt":"2026-01-30T10:39:18","slug":"booking","status":"publish","type":"page","link":"https:\/\/grondalscamping.se\/en\/booking\/","title":{"rendered":"Booking"},"content":{"rendered":"\n<div class=\"wp-block-group alignwide py-2\"><div class=\"wp-block-group__inner-container is-layout-flow wp-block-group-is-layout-flow\">\n<h1 class=\"wp-block-heading alignwide lg:px-2\" id=\"lek-sport-aktivitet\">Book your place here!<\/h1>\n<\/div><\/div>\n\n\n\n<div class=\"wp-block-cover alignfull has-custom-content-position is-position-bottom-center mt-0\" style=\"min-height:400px;aspect-ratio:unset;\"><img loading=\"lazy\" decoding=\"async\" width=\"2500\" height=\"1667\" class=\"wp-block-cover__image-background wp-image-4566\" alt=\"\" src=\"https:\/\/grondalscamping.se\/wp-content\/uploads\/2023\/01\/solnedgang-hoppar-grondals-camping.jpg\" style=\"object-position:50% 33%\" data-object-fit=\"cover\" data-object-position=\"50% 33%\" srcset=\"https:\/\/grondalscamping.se\/wp-content\/uploads\/2023\/01\/solnedgang-hoppar-grondals-camping.jpg 2500w, https:\/\/grondalscamping.se\/wp-content\/uploads\/2023\/01\/solnedgang-hoppar-grondals-camping-300x200.jpg 300w, https:\/\/grondalscamping.se\/wp-content\/uploads\/2023\/01\/solnedgang-hoppar-grondals-camping-1024x683.jpg 1024w, https:\/\/grondalscamping.se\/wp-content\/uploads\/2023\/01\/solnedgang-hoppar-grondals-camping-768x512.jpg 768w, https:\/\/grondalscamping.se\/wp-content\/uploads\/2023\/01\/solnedgang-hoppar-grondals-camping-1536x1024.jpg 1536w, https:\/\/grondalscamping.se\/wp-content\/uploads\/2023\/01\/solnedgang-hoppar-grondals-camping-2048x1366.jpg 2048w\" sizes=\"auto, (max-width: 2500px) 100vw, 2500px\" \/><span aria-hidden=\"true\" class=\"wp-block-cover__background has-lightyellow-background-color has-background-dim-0 has-background-dim\"><\/span><div class=\"wp-block-cover__inner-container is-layout-flow wp-block-cover-is-layout-flow\">\n<p class=\"has-text-align-center has-large-font-size\"><\/p>\n<\/div><\/div>\n\n\n\n<h3 class=\"wp-block-heading alignwide mt-1 md:mt-1 lg:mt-2\">Welcome to a family-run campsite with cottages and a beachfront location!<\/h3>\n\n\n\n<p class=\"\">We have five different sizes of camping pitches with electricity for caravans, motorhomes or tents. Be sure to choose a site according to the size you need so that you can keep a <a href=\"https:\/\/grondalscamping.se\/en\/camping\/map\/\">safe distance<\/a>. If you are between two plot sizes, choose the larger one. Choose a special place from the map for 100 SEK.<br>Arrival only during reception <a href=\"https:\/\/grondalscamping.se\/en\/\">opening hours<\/a>.<\/p>\n\n\n\n<div class=\"wp-block-group alignwide\"><div class=\"wp-block-group__inner-container is-layout-constrained wp-block-group-is-layout-constrained\">\n<div style=\"height: 1000px\"><iframe style=\"width: 100%; height: 100%; border: none;\" src=\"https:\/\/grondal.kgv.nu\/\"><span data-mce-type=\"bookmark\" style=\"display: inline-block; width: 0px; overflow: hidden; line-height: 0;\" class=\"mce_SELRES_start\"><\/span><\/iframe><\/div>\n<\/div><\/div>\n\n\n\n<div class=\"wp-block-group alignwide has-lightpink-background-color has-background lg:py-1 lg:px-2\"><div class=\"wp-block-group__inner-container is-layout-flow wp-block-group-is-layout-flow\">\n<h3 class=\"wp-block-heading\" id=\"booking-information\">Booking information<\/h3>\n\n\n\n<p class=\"\">If you book online it is free and you choose when you want to make your booking. If you would like help, you are welcome to contact us at<br><a href=\"mailto:info@grondalscamping.se\">info@grondalscamping.se<\/a> or 0485-722 27 booking with personal service 60 SEK per object.<\/p>\n\n\n\n<p class=\"\"><strong>When will my booking be binding?&nbsp;<\/strong>The booking will be binding when you receive a email confirmation of your booking. <br><strong>No answer?<\/strong>&nbsp;If you have not received an answer from us within 2-3 days, please check your spam inbox, otherwise contact us. <br><strong>Booking terms high season:<\/strong>&nbsp;(5\/7-1\/8) Minimum 5 nights for pitch at the beach &amp; large pitches. Other pitches minimum 3 nights.<br>If you want to book a shorter stay, please contact us by phone or email to see if it is possible.<br><\/p>\n\n\n\n<p class=\"\"><\/p>\n\n\n\n<div class=\"wp-block-buttons is-layout-flex wp-block-buttons-is-layout-flex\">\n<div class=\"wp-block-button\"><a class=\"wp-block-button__link wp-element-button\" href=\"https:\/\/grondalscamping.se\/en\/contact\/booking-and-payment-terms\/\">TERMS<\/a><\/div>\n\n\n\n<div class=\"wp-block-button\"><a class=\"wp-block-button__link has-dark-background-color has-background wp-element-button\" href=\"https:\/\/grondalscamping.se\/en\/camping\/pricelist-camping\/\">PRICELIST CAMPING<\/a><\/div>\n\n\n\n<div class=\"wp-block-button\"><a class=\"wp-block-button__link has-dark-background-color has-background wp-element-button\" href=\"https:\/\/grondalscamping.se\/en\/cottage\/pricelist-cottage\/\">PRICELIST COTTAGES<\/a><\/div>\n\n\n\n<div class=\"wp-block-button\"><a class=\"wp-block-button__link wp-element-button\" href=\"https:\/\/grondalscamping.se\/en\/camping\/map\/\">MAP<\/a><\/div>\n<\/div>\n\n\n\n<p class=\"\"><br><\/p>\n\n\n\n<div style=\"height:33px\" aria-hidden=\"true\" class=\"wp-block-spacer\"><\/div>\n<\/div><\/div>\n","protected":false},"excerpt":{"rendered":"<p>Book your place here! Welcome to a family-run campsite with cottages and a beachfront location! We have five different sizes of camping pitches with electricity for caravans, motorhomes or tents. Be sure to choose a site according to the size you need so that you can keep a safe distance. If you are between two [&hellip;]<\/p>\n","protected":false},"author":1,"featured_media":0,"parent":0,"menu_order":0,"comment_status":"closed","ping_status":"closed","template":"","meta":{"_acf_changed":false,"northosts_mobile_spacing_top":"theme","northosts_mobile_spacing_bottom":"2","northosts_desktop_spacing_top":"theme","northosts_desktop_spacing_bottom":"2","inline_featured_image":false,"footnotes":""},"class_list":["post-2336","page","type-page","status-publish","hentry"],"acf":[],"yoast_head":"<!-- This site is optimized with the Yoast SEO plugin v27.4 - https:\/\/yoast.com\/product\/yoast-seo-wordpress\/ -->\n<title>Booking - Gr\u00f6ndals Camping &amp; Stugor<\/title>\n<meta name=\"robots\" content=\"index, follow, max-snippet:-1, max-image-preview:large, max-video-preview:-1\" \/>\n<link rel=\"canonical\" href=\"https:\/\/grondalscamping.se\/en\/booking\/\" \/>\n<meta property=\"og:locale\" content=\"en_US\" \/>\n<meta property=\"og:type\" content=\"article\" \/>\n<meta property=\"og:title\" content=\"Booking - Gr\u00f6ndals Camping &amp; Stugor\" \/>\n<meta property=\"og:description\" content=\"Book your place here! Welcome to a family-run campsite with cottages and a beachfront location! We have five different sizes of camping pitches with electricity for caravans, motorhomes or tents. Be sure to choose a site according to the size you need so that you can keep a safe distance. If you are between two [&hellip;]\" \/>\n<meta property=\"og:url\" content=\"https:\/\/grondalscamping.se\/en\/booking\/\" \/>\n<meta property=\"og:site_name\" content=\"Gr\u00f6ndals Camping &amp; Stugor\" \/>\n<meta property=\"article:modified_time\" content=\"2026-01-30T10:39:18+00:00\" \/>\n<meta property=\"og:image\" content=\"https:\/\/grondalscamping.se\/wp-content\/uploads\/2023\/01\/solnedgang-hoppar-grondals-camping-1024x683.jpg\" \/>\n\t<meta property=\"og:image:width\" content=\"1024\" \/>\n\t<meta property=\"og:image:height\" content=\"683\" \/>\n\t<meta property=\"og:image:type\" content=\"image\/jpeg\" \/>\n<meta name=\"twitter:card\" content=\"summary_large_image\" \/>\n<meta name=\"twitter:label1\" content=\"Est. reading time\" \/>\n\t<meta name=\"twitter:data1\" content=\"1 minute\" \/>\n<script type=\"application\/ld+json\" class=\"yoast-schema-graph\">{\"@context\":\"https:\\\/\\\/schema.org\",\"@graph\":[{\"@type\":\"WebPage\",\"@id\":\"https:\\\/\\\/grondalscamping.se\\\/en\\\/booking\\\/\",\"url\":\"https:\\\/\\\/grondalscamping.se\\\/en\\\/booking\\\/\",\"name\":\"Booking - Gr\u00f6ndals Camping &amp; Stugor\",\"isPartOf\":{\"@id\":\"https:\\\/\\\/grondalscamping.se\\\/#website\"},\"primaryImageOfPage\":{\"@id\":\"https:\\\/\\\/grondalscamping.se\\\/en\\\/booking\\\/#primaryimage\"},\"image\":{\"@id\":\"https:\\\/\\\/grondalscamping.se\\\/en\\\/booking\\\/#primaryimage\"},\"thumbnailUrl\":\"https:\\\/\\\/grondalscamping.se\\\/wp-content\\\/uploads\\\/2023\\\/01\\\/solnedgang-hoppar-grondals-camping.jpg\",\"datePublished\":\"2021-10-13T13:07:33+00:00\",\"dateModified\":\"2026-01-30T10:39:18+00:00\",\"breadcrumb\":{\"@id\":\"https:\\\/\\\/grondalscamping.se\\\/en\\\/booking\\\/#breadcrumb\"},\"inLanguage\":\"en-US\",\"potentialAction\":[{\"@type\":\"ReadAction\",\"target\":[\"https:\\\/\\\/grondalscamping.se\\\/en\\\/booking\\\/\"]}]},{\"@type\":\"ImageObject\",\"inLanguage\":\"en-US\",\"@id\":\"https:\\\/\\\/grondalscamping.se\\\/en\\\/booking\\\/#primaryimage\",\"url\":\"https:\\\/\\\/grondalscamping.se\\\/wp-content\\\/uploads\\\/2023\\\/01\\\/solnedgang-hoppar-grondals-camping.jpg\",\"contentUrl\":\"https:\\\/\\\/grondalscamping.se\\\/wp-content\\\/uploads\\\/2023\\\/01\\\/solnedgang-hoppar-grondals-camping.jpg\"},{\"@type\":\"BreadcrumbList\",\"@id\":\"https:\\\/\\\/grondalscamping.se\\\/en\\\/booking\\\/#breadcrumb\",\"itemListElement\":[{\"@type\":\"ListItem\",\"position\":1,\"name\":\"Hem\",\"item\":\"https:\\\/\\\/grondalscamping.se\\\/en\\\/\"},{\"@type\":\"ListItem\",\"position\":2,\"name\":\"Booking\"}]},{\"@type\":\"WebSite\",\"@id\":\"https:\\\/\\\/grondalscamping.se\\\/#website\",\"url\":\"https:\\\/\\\/grondalscamping.se\\\/\",\"name\":\"Gr\u00f6ndals Camping &amp; Stugor\",\"description\":\"Familjecamping Gr\u00f6ndals camping &amp; stugor som \u00e4r bel\u00e4gen vid havet mitt i K\u00f6pingsvik vid en av \u00d6lands finaste sandstr\u00e4nder.\",\"publisher\":{\"@id\":\"https:\\\/\\\/grondalscamping.se\\\/#organization\"},\"potentialAction\":[{\"@type\":\"SearchAction\",\"target\":{\"@type\":\"EntryPoint\",\"urlTemplate\":\"https:\\\/\\\/grondalscamping.se\\\/?s={search_term_string}\"},\"query-input\":{\"@type\":\"PropertyValueSpecification\",\"valueRequired\":true,\"valueName\":\"search_term_string\"}}],\"inLanguage\":\"en-US\"},{\"@type\":\"Organization\",\"@id\":\"https:\\\/\\\/grondalscamping.se\\\/#organization\",\"name\":\"Gr\u00f6ndals Camping &amp; Stugor\",\"url\":\"https:\\\/\\\/grondalscamping.se\\\/\",\"logo\":{\"@type\":\"ImageObject\",\"inLanguage\":\"en-US\",\"@id\":\"https:\\\/\\\/grondalscamping.se\\\/#\\\/schema\\\/logo\\\/image\\\/\",\"url\":\"https:\\\/\\\/grondalscamping.se\\\/wp-content\\\/uploads\\\/2021\\\/09\\\/only-logo.png\",\"contentUrl\":\"https:\\\/\\\/grondalscamping.se\\\/wp-content\\\/uploads\\\/2021\\\/09\\\/only-logo.png\",\"width\":347,\"height\":147,\"caption\":\"Gr\u00f6ndals Camping &amp; Stugor\"},\"image\":{\"@id\":\"https:\\\/\\\/grondalscamping.se\\\/#\\\/schema\\\/logo\\\/image\\\/\"}}]}<\/script>\n<!-- \/ Yoast SEO plugin. -->","yoast_head_json":{"title":"Booking - Gr\u00f6ndals Camping &amp; Stugor","robots":{"index":"index","follow":"follow","max-snippet":"max-snippet:-1","max-image-preview":"max-image-preview:large","max-video-preview":"max-video-preview:-1"},"canonical":"https:\/\/grondalscamping.se\/en\/booking\/","og_locale":"en_US","og_type":"article","og_title":"Booking - Gr\u00f6ndals Camping &amp; Stugor","og_description":"Book your place here! Welcome to a family-run campsite with cottages and a beachfront location! We have five different sizes of camping pitches with electricity for caravans, motorhomes or tents. Be sure to choose a site according to the size you need so that you can keep a safe distance. If you are between two [&hellip;]","og_url":"https:\/\/grondalscamping.se\/en\/booking\/","og_site_name":"Gr\u00f6ndals Camping &amp; Stugor","article_modified_time":"2026-01-30T10:39:18+00:00","og_image":[{"width":1024,"height":683,"url":"https:\/\/grondalscamping.se\/wp-content\/uploads\/2023\/01\/solnedgang-hoppar-grondals-camping-1024x683.jpg","type":"image\/jpeg"}],"twitter_card":"summary_large_image","twitter_misc":{"Est. reading time":"1 minute"},"schema":{"@context":"https:\/\/schema.org","@graph":[{"@type":"WebPage","@id":"https:\/\/grondalscamping.se\/en\/booking\/","url":"https:\/\/grondalscamping.se\/en\/booking\/","name":"Booking - Gr\u00f6ndals Camping &amp; Stugor","isPartOf":{"@id":"https:\/\/grondalscamping.se\/#website"},"primaryImageOfPage":{"@id":"https:\/\/grondalscamping.se\/en\/booking\/#primaryimage"},"image":{"@id":"https:\/\/grondalscamping.se\/en\/booking\/#primaryimage"},"thumbnailUrl":"https:\/\/grondalscamping.se\/wp-content\/uploads\/2023\/01\/solnedgang-hoppar-grondals-camping.jpg","datePublished":"2021-10-13T13:07:33+00:00","dateModified":"2026-01-30T10:39:18+00:00","breadcrumb":{"@id":"https:\/\/grondalscamping.se\/en\/booking\/#breadcrumb"},"inLanguage":"en-US","potentialAction":[{"@type":"ReadAction","target":["https:\/\/grondalscamping.se\/en\/booking\/"]}]},{"@type":"ImageObject","inLanguage":"en-US","@id":"https:\/\/grondalscamping.se\/en\/booking\/#primaryimage","url":"https:\/\/grondalscamping.se\/wp-content\/uploads\/2023\/01\/solnedgang-hoppar-grondals-camping.jpg","contentUrl":"https:\/\/grondalscamping.se\/wp-content\/uploads\/2023\/01\/solnedgang-hoppar-grondals-camping.jpg"},{"@type":"BreadcrumbList","@id":"https:\/\/grondalscamping.se\/en\/booking\/#breadcrumb","itemListElement":[{"@type":"ListItem","position":1,"name":"Hem","item":"https:\/\/grondalscamping.se\/en\/"},{"@type":"ListItem","position":2,"name":"Booking"}]},{"@type":"WebSite","@id":"https:\/\/grondalscamping.se\/#website","url":"https:\/\/grondalscamping.se\/","name":"Gr\u00f6ndals Camping &amp; Stugor","description":"Familjecamping Gr\u00f6ndals camping &amp; stugor som \u00e4r bel\u00e4gen vid havet mitt i K\u00f6pingsvik vid en av \u00d6lands finaste sandstr\u00e4nder.","publisher":{"@id":"https:\/\/grondalscamping.se\/#organization"},"potentialAction":[{"@type":"SearchAction","target":{"@type":"EntryPoint","urlTemplate":"https:\/\/grondalscamping.se\/?s={search_term_string}"},"query-input":{"@type":"PropertyValueSpecification","valueRequired":true,"valueName":"search_term_string"}}],"inLanguage":"en-US"},{"@type":"Organization","@id":"https:\/\/grondalscamping.se\/#organization","name":"Gr\u00f6ndals Camping &amp; Stugor","url":"https:\/\/grondalscamping.se\/","logo":{"@type":"ImageObject","inLanguage":"en-US","@id":"https:\/\/grondalscamping.se\/#\/schema\/logo\/image\/","url":"https:\/\/grondalscamping.se\/wp-content\/uploads\/2021\/09\/only-logo.png","contentUrl":"https:\/\/grondalscamping.se\/wp-content\/uploads\/2021\/09\/only-logo.png","width":347,"height":147,"caption":"Gr\u00f6ndals Camping &amp; Stugor"},"image":{"@id":"https:\/\/grondalscamping.se\/#\/schema\/logo\/image\/"}}]}},"_links":{"self":[{"href":"https:\/\/grondalscamping.se\/en\/wp-json\/wp\/v2\/pages\/2336","targetHints":{"allow":["GET"]}}],"collection":[{"href":"https:\/\/grondalscamping.se\/en\/wp-json\/wp\/v2\/pages"}],"about":[{"href":"https:\/\/grondalscamping.se\/en\/wp-json\/wp\/v2\/types\/page"}],"author":[{"embeddable":true,"href":"https:\/\/grondalscamping.se\/en\/wp-json\/wp\/v2\/users\/1"}],"replies":[{"embeddable":true,"href":"https:\/\/grondalscamping.se\/en\/wp-json\/wp\/v2\/comments?post=2336"}],"version-history":[{"count":81,"href":"https:\/\/grondalscamping.se\/en\/wp-json\/wp\/v2\/pages\/2336\/revisions"}],"predecessor-version":[{"id":7473,"href":"https:\/\/grondalscamping.se\/en\/wp-json\/wp\/v2\/pages\/2336\/revisions\/7473"}],"wp:attachment":[{"href":"https:\/\/grondalscamping.se\/en\/wp-json\/wp\/v2\/media?parent=2336"}],"curies":[{"name":"wp","href":"https:\/\/api.w.org\/{rel}","templated":true}]}}