{"id":2332,"date":"2021-10-13T15:07:04","date_gmt":"2021-10-13T13:07:04","guid":{"rendered":"https:\/\/grondalscamping.se\/?page_id=2332"},"modified":"2026-03-02T11:56:25","modified_gmt":"2026-03-02T10:56:25","slug":"flundran","status":"publish","type":"page","link":"https:\/\/grondalscamping.se\/en\/cottage\/flundran\/","title":{"rendered":"Flundran"},"content":{"rendered":"\n<div class=\"wp-block-cover alignfull\" style=\"min-height:650px;aspect-ratio:unset;\"><img data-dominant-color=\"767a82\" data-has-transparency=\"false\" loading=\"lazy\" decoding=\"async\" width=\"1024\" height=\"768\" class=\"wp-block-cover__image-background wp-image-7128 size-large not-transparent\" alt=\"\" src=\"https:\/\/grondalscamping.se\/wp-content\/uploads\/2025\/05\/Flundran20251-1024x768.avif\" style=\"--dominant-color: #767a82; object-position:58% 83%\" data-object-fit=\"cover\" data-object-position=\"58% 83%\" srcset=\"https:\/\/grondalscamping.se\/wp-content\/uploads\/2025\/05\/Flundran20251-1024x768.avif 1024w, https:\/\/grondalscamping.se\/wp-content\/uploads\/2025\/05\/Flundran20251-300x225.avif 300w, https:\/\/grondalscamping.se\/wp-content\/uploads\/2025\/05\/Flundran20251-768x576.avif 768w, https:\/\/grondalscamping.se\/wp-content\/uploads\/2025\/05\/Flundran20251-1536x1152.avif 1536w, https:\/\/grondalscamping.se\/wp-content\/uploads\/2025\/05\/Flundran20251-2048x1536.avif 2048w, https:\/\/grondalscamping.se\/wp-content\/uploads\/2025\/05\/Flundran20251-2000x1500.avif 2000w\" sizes=\"auto, (max-width: 1024px) 100vw, 1024px\" \/><span aria-hidden=\"true\" class=\"wp-block-cover__background has-background-dim-0 has-background-dim\" style=\"background-color:#7d7b70\"><\/span><div class=\"wp-block-cover__inner-container is-layout-flow wp-block-cover-is-layout-flow\">\n<p class=\"has-text-align-center has-large-font-size\"><\/p>\n<\/div><\/div>\n\n\n\n<h1 class=\"wp-block-heading py-1 lg:py-0\">Premium Cottage &#8220;Flundran&#8221; &#8211; 4 beds<\/h1>\n\n\n\n<div class=\"wp-block-northosts-grid grid gap-1 md:gap-1 grid-cols-1 mt-0 has-black-color has-text-color py-1 lg:py-1 py-1 lg:py-1\">\n<section class=\"wp-block-northosts-grid-item col-span-full md:col-span-1 lg:col-span-1 p-0 has-white-background-color has-background px-0\">\n<p class=\"\">Cottage &#8220;Flundran&#8221; is 44m<sup>2<\/sup>\u00a0with 4 beds in two separate bedrooms, one with a queen size bed and the other with two single beds. Shower &amp; WC. The accommodation is disability friendly and has a private terrace. Our cottages accommodate a maximum of 4 people, regardless of age.<\/p>\n\n\n\n<div class=\"wp-block-buttons is-layout-flex wp-block-buttons-is-layout-flex\">\n<div class=\"wp-block-button\"><a class=\"wp-block-button__link wp-element-button\" href=\"https:\/\/grondalscamping.se\/en\/booking\/\">BOOK COTTAGE<\/a><\/div>\n\n\n\n<div class=\"wp-block-button is-style-fill\"><a class=\"wp-block-button__link has-dark-color has-pink-background-color has-text-color has-background wp-element-button\" href=\"https:\/\/grondalscamping.se\/en\/cottage\/pricelist-cottage\/\">PRICELIST<\/a><\/div>\n<\/div>\n<\/section>\n<\/div>\n\n\n\n<div class=\"wp-block-group alignwide lg:px-3\"><div class=\"wp-block-group__inner-container is-layout-constrained wp-block-group-is-layout-constrained\">\n<div class=\"wp-block-northosts-grid alignwide grid gap-1 grid-cols-4 has-lightpink-background-color has-background py-1 md:py-1 lg:py-1 px-1 md:px-1 lg:px-2 py-1 md:py-1 lg:py-1 px-1 md:px-1 lg:px-2\">\n<section class=\"wp-block-northosts-grid-item col-span-full md:col-span-full lg:col-span-full\">\n<h5 class=\"wp-block-heading\">Quick facts<\/h5>\n<\/section>\n\n\n\n<section class=\"wp-block-northosts-grid-item col-span-full md:col-span-1 lg:col-span-1 -mt-1\">\n<p class=\"mt-0\">\u2714\ufe0f Queen size bed &amp; single beds<\/p>\n\n\n\n<p class=\"mt-0\">\u2714\ufe0f Duvets &amp; pillows<\/p>\n\n\n\n<p class=\"mt-0\">\u2714\ufe0f TV<\/p>\n\n\n\n<p class=\"mt-0\">\u2714\ufe0f Shower &amp; WC<\/p>\n\n\n\n<p class=\"mt-0\">\u2714\ufe0f Oven &amp; microwave<\/p>\n<\/section>\n\n\n\n<section class=\"wp-block-northosts-grid-item col-span-full md:col-span-1 lg:col-span-1 -mt-1\">\n<p class=\"mt-0\">\u2714\ufe0f Coffee machine<br><\/p>\n\n\n\n<p class=\"mt-0\">\u2714\ufe0f Fridge &amp; freezer<br><\/p>\n\n\n\n<p class=\"mt-0\">\u2714\ufe0f Disability friendly<\/p>\n\n\n\n<p class=\"mt-0\">\u2714\ufe0f Barbecue grill<\/p>\n<\/section>\n\n\n\n<section class=\"wp-block-northosts-grid-item col-span-full md:col-span-1 lg:col-span-2 md:-mt-1 lg:-mt-1\">\n<p class=\"mt-0\">All cottages have a high standard and are located near the beach, with access to wonderful walking and hiking paths. Our guests enjoy a child-friendly shallow beach with soft white sand.<\/p>\n<\/section>\n<\/div>\n<\/div><\/div>\n\n\n\n<figure class=\"wp-block-gallery alignwide has-nested-images columns-2 is-cropped lg:px-3 wp-block-gallery-1 is-layout-flex wp-block-gallery-is-layout-flex\">\n<figure class=\"wp-block-image size-large\"><img loading=\"lazy\" decoding=\"async\" width=\"1024\" height=\"768\" data-id=\"7156\" src=\"https:\/\/grondalscamping.se\/wp-content\/uploads\/2025\/05\/Flundran20253-1-1024x768.avif\" alt=\"\" class=\"wp-image-7156\" srcset=\"https:\/\/grondalscamping.se\/wp-content\/uploads\/2025\/05\/Flundran20253-1-1024x768.avif 1024w, https:\/\/grondalscamping.se\/wp-content\/uploads\/2025\/05\/Flundran20253-1-300x225.avif 300w, https:\/\/grondalscamping.se\/wp-content\/uploads\/2025\/05\/Flundran20253-1-768x576.avif 768w, https:\/\/grondalscamping.se\/wp-content\/uploads\/2025\/05\/Flundran20253-1-1536x1152.avif 1536w, https:\/\/grondalscamping.se\/wp-content\/uploads\/2025\/05\/Flundran20253-1-2048x1536.avif 2048w, https:\/\/grondalscamping.se\/wp-content\/uploads\/2025\/05\/Flundran20253-1-2000x1500.avif 2000w\" sizes=\"auto, (max-width: 1024px) 100vw, 1024px\" \/><\/figure>\n\n\n\n<figure class=\"wp-block-image size-square\"><img loading=\"lazy\" decoding=\"async\" width=\"800\" height=\"800\" data-id=\"7150\" src=\"https:\/\/grondalscamping.se\/wp-content\/uploads\/2025\/05\/Flundran20258-800x800.avif\" alt=\"\" class=\"wp-image-7150\" srcset=\"https:\/\/grondalscamping.se\/wp-content\/uploads\/2025\/05\/Flundran20258-800x800.avif 800w, https:\/\/grondalscamping.se\/wp-content\/uploads\/2025\/05\/Flundran20258-150x150.avif 150w\" sizes=\"auto, (max-width: 800px) 100vw, 800px\" \/><\/figure>\n<\/figure>\n\n\n\n<div class=\"wp-block-group alignfull mt-0 py-1 lg:py-2 lg:px-5\"><div class=\"wp-block-group__inner-container is-layout-flow wp-block-group-is-layout-flow\">\n<div class=\"wp-block-group mt-0 has-lightpink-background-color has-background py-1 lg:py-2\"><div class=\"wp-block-group__inner-container is-layout-flow wp-block-group-is-layout-flow\">\n<blockquote class=\"wp-block-quote has-text-align-left is-style-default mt-0 is-layout-flow wp-block-quote-is-layout-flow\">\n<p class=\"\">Very pleasant atmosphere, friendly service, well-kept kitchen, toilet, shower. Wonderful beach, fantastic views, friendly camping for families with children and more. I heartily recommend.<\/p>\n<cite>Dorota<\/cite><\/blockquote>\n<\/div><\/div>\n<\/div><\/div>\n\n\n\n<figure class=\"wp-block-gallery alignwide has-nested-images columns-3 is-cropped mt-0.33 lg:px-3 wp-block-gallery-2 is-layout-flex wp-block-gallery-is-layout-flex\">\n<figure class=\"wp-block-image size-large\"><img loading=\"lazy\" decoding=\"async\" width=\"768\" height=\"1024\" data-id=\"7144\" src=\"https:\/\/grondalscamping.se\/wp-content\/uploads\/2025\/05\/Flundran20256-768x1024.avif\" alt=\"\" class=\"wp-image-7144\" srcset=\"https:\/\/grondalscamping.se\/wp-content\/uploads\/2025\/05\/Flundran20256-768x1024.avif 768w, https:\/\/grondalscamping.se\/wp-content\/uploads\/2025\/05\/Flundran20256-225x300.avif 225w, https:\/\/grondalscamping.se\/wp-content\/uploads\/2025\/05\/Flundran20256-1152x1536.avif 1152w, https:\/\/grondalscamping.se\/wp-content\/uploads\/2025\/05\/Flundran20256-1536x2048.avif 1536w, https:\/\/grondalscamping.se\/wp-content\/uploads\/2025\/05\/Flundran20256-1500x2000.avif 1500w, https:\/\/grondalscamping.se\/wp-content\/uploads\/2025\/05\/Flundran20256-scaled.avif 1920w\" sizes=\"auto, (max-width: 768px) 100vw, 768px\" \/><\/figure>\n\n\n\n<figure class=\"wp-block-image size-large\"><img loading=\"lazy\" decoding=\"async\" width=\"768\" height=\"1024\" data-id=\"7138\" src=\"https:\/\/grondalscamping.se\/wp-content\/uploads\/2025\/05\/Flundran20254-768x1024.avif\" alt=\"\" class=\"wp-image-7138\" srcset=\"https:\/\/grondalscamping.se\/wp-content\/uploads\/2025\/05\/Flundran20254-768x1024.avif 768w, https:\/\/grondalscamping.se\/wp-content\/uploads\/2025\/05\/Flundran20254-225x300.avif 225w, https:\/\/grondalscamping.se\/wp-content\/uploads\/2025\/05\/Flundran20254-1152x1536.avif 1152w, https:\/\/grondalscamping.se\/wp-content\/uploads\/2025\/05\/Flundran20254-1536x2048.avif 1536w, https:\/\/grondalscamping.se\/wp-content\/uploads\/2025\/05\/Flundran20254-1500x2000.avif 1500w, https:\/\/grondalscamping.se\/wp-content\/uploads\/2025\/05\/Flundran20254-scaled.avif 1920w\" sizes=\"auto, (max-width: 768px) 100vw, 768px\" \/><\/figure>\n\n\n\n<figure class=\"wp-block-image size-large\"><img loading=\"lazy\" decoding=\"async\" width=\"768\" height=\"1024\" data-id=\"7141\" src=\"https:\/\/grondalscamping.se\/wp-content\/uploads\/2025\/05\/Flundran20255-768x1024.avif\" alt=\"\" class=\"wp-image-7141\" srcset=\"https:\/\/grondalscamping.se\/wp-content\/uploads\/2025\/05\/Flundran20255-768x1024.avif 768w, https:\/\/grondalscamping.se\/wp-content\/uploads\/2025\/05\/Flundran20255-225x300.avif 225w, https:\/\/grondalscamping.se\/wp-content\/uploads\/2025\/05\/Flundran20255-1152x1536.avif 1152w, https:\/\/grondalscamping.se\/wp-content\/uploads\/2025\/05\/Flundran20255-1536x2048.avif 1536w, https:\/\/grondalscamping.se\/wp-content\/uploads\/2025\/05\/Flundran20255-1500x2000.avif 1500w, https:\/\/grondalscamping.se\/wp-content\/uploads\/2025\/05\/Flundran20255-scaled.avif 1920w\" sizes=\"auto, (max-width: 768px) 100vw, 768px\" \/><\/figure>\n<\/figure>\n\n\n\n<figure class=\"wp-block-gallery alignwide has-nested-images columns-1 is-cropped mt-0.33 lg:px-3 wp-block-gallery-3 is-layout-flex wp-block-gallery-is-layout-flex\">\n<figure class=\"wp-block-image size-large\"><img loading=\"lazy\" decoding=\"async\" width=\"1024\" height=\"683\" data-id=\"6345\" src=\"https:\/\/grondalscamping.se\/wp-content\/uploads\/2024\/10\/Grondal_24_2_puss_strand-1024x683.jpg\" alt=\"\" class=\"wp-image-6345\" srcset=\"https:\/\/grondalscamping.se\/wp-content\/uploads\/2024\/10\/Grondal_24_2_puss_strand-1024x683.jpg 1024w, https:\/\/grondalscamping.se\/wp-content\/uploads\/2024\/10\/Grondal_24_2_puss_strand-300x200.jpg 300w, https:\/\/grondalscamping.se\/wp-content\/uploads\/2024\/10\/Grondal_24_2_puss_strand-768x512.jpg 768w, https:\/\/grondalscamping.se\/wp-content\/uploads\/2024\/10\/Grondal_24_2_puss_strand-1536x1024.jpg 1536w, https:\/\/grondalscamping.se\/wp-content\/uploads\/2024\/10\/Grondal_24_2_puss_strand-2048x1365.jpg 2048w\" sizes=\"auto, (max-width: 1024px) 100vw, 1024px\" \/><\/figure>\n<\/figure>\n\n\n\n<div class=\"wp-block-buttons -mt-0.5 py-1 lg:py-2 px-1 is-horizontal is-content-justification-center is-layout-flex wp-container-core-buttons-is-layout-499968f5 wp-block-buttons-is-layout-flex\">\n<div class=\"wp-block-button mt-0 lg:py-1\"><a class=\"wp-block-button__link wp-element-button\" href=\"https:\/\/grondalscamping.se\/en\/cottage\/\">GO BACK TO ALL COTTAGES<\/a><\/div>\n<\/div>\n","protected":false},"excerpt":{"rendered":"<p>Premium Cottage &#8220;Flundran&#8221; &#8211; 4 beds Very pleasant atmosphere, friendly service, well-kept kitchen, toilet, shower. Wonderful beach, fantastic views, friendly camping for families with children and more. I heartily recommend.<\/p>\n","protected":false},"author":1,"featured_media":0,"parent":2313,"menu_order":0,"comment_status":"closed","ping_status":"closed","template":"","meta":{"_acf_changed":false,"northosts_mobile_spacing_top":"theme","northosts_mobile_spacing_bottom":"theme","northosts_desktop_spacing_top":"theme","northosts_desktop_spacing_bottom":"theme","inline_featured_image":false,"footnotes":""},"class_list":["post-2332","page","type-page","status-publish","hentry"],"acf":[],"yoast_head":"<!-- This site is optimized with the Yoast SEO plugin v27.4 - https:\/\/yoast.com\/product\/yoast-seo-wordpress\/ -->\n<title>Flundran - Gr\u00f6ndals Camping &amp; Stugor<\/title>\n<meta name=\"robots\" content=\"index, follow, max-snippet:-1, max-image-preview:large, max-video-preview:-1\" \/>\n<link rel=\"canonical\" href=\"https:\/\/grondalscamping.se\/en\/cottage\/flundran\/\" \/>\n<meta property=\"og:locale\" content=\"en_US\" \/>\n<meta property=\"og:type\" content=\"article\" \/>\n<meta property=\"og:title\" content=\"Flundran - Gr\u00f6ndals Camping &amp; Stugor\" \/>\n<meta property=\"og:description\" content=\"Premium Cottage &#8220;Flundran&#8221; &#8211; 4 beds Very pleasant atmosphere, friendly service, well-kept kitchen, toilet, shower. Wonderful beach, fantastic views, friendly camping for families with children and more. I heartily recommend.\" \/>\n<meta property=\"og:url\" content=\"https:\/\/grondalscamping.se\/en\/cottage\/flundran\/\" \/>\n<meta property=\"og:site_name\" content=\"Gr\u00f6ndals Camping &amp; Stugor\" \/>\n<meta property=\"article:modified_time\" content=\"2026-03-02T10:56:25+00:00\" \/>\n<meta property=\"og:image\" content=\"https:\/\/grondalscamping.se\/wp-content\/uploads\/2025\/05\/Flundran20251-1024x768.avif\" \/>\n\t<meta property=\"og:image:width\" content=\"1024\" \/>\n\t<meta property=\"og:image:height\" content=\"768\" \/>\n\t<meta property=\"og:image:type\" content=\"image\/jpeg\" \/>\n<meta name=\"twitter:card\" content=\"summary_large_image\" \/>\n<meta name=\"twitter:label1\" content=\"Est. reading time\" \/>\n\t<meta name=\"twitter:data1\" content=\"2 minutes\" \/>\n<script type=\"application\/ld+json\" class=\"yoast-schema-graph\">{\"@context\":\"https:\\\/\\\/schema.org\",\"@graph\":[{\"@type\":\"WebPage\",\"@id\":\"https:\\\/\\\/grondalscamping.se\\\/en\\\/cottage\\\/flundran\\\/\",\"url\":\"https:\\\/\\\/grondalscamping.se\\\/en\\\/cottage\\\/flundran\\\/\",\"name\":\"Flundran - Gr\u00f6ndals Camping &amp; Stugor\",\"isPartOf\":{\"@id\":\"https:\\\/\\\/grondalscamping.se\\\/#website\"},\"primaryImageOfPage\":{\"@id\":\"https:\\\/\\\/grondalscamping.se\\\/en\\\/cottage\\\/flundran\\\/#primaryimage\"},\"image\":{\"@id\":\"https:\\\/\\\/grondalscamping.se\\\/en\\\/cottage\\\/flundran\\\/#primaryimage\"},\"thumbnailUrl\":\"https:\\\/\\\/grondalscamping.se\\\/wp-content\\\/uploads\\\/2025\\\/05\\\/Flundran20251-1024x768.avif\",\"datePublished\":\"2021-10-13T13:07:04+00:00\",\"dateModified\":\"2026-03-02T10:56:25+00:00\",\"breadcrumb\":{\"@id\":\"https:\\\/\\\/grondalscamping.se\\\/en\\\/cottage\\\/flundran\\\/#breadcrumb\"},\"inLanguage\":\"en-US\",\"potentialAction\":[{\"@type\":\"ReadAction\",\"target\":[\"https:\\\/\\\/grondalscamping.se\\\/en\\\/cottage\\\/flundran\\\/\"]}]},{\"@type\":\"ImageObject\",\"inLanguage\":\"en-US\",\"@id\":\"https:\\\/\\\/grondalscamping.se\\\/en\\\/cottage\\\/flundran\\\/#primaryimage\",\"url\":\"https:\\\/\\\/grondalscamping.se\\\/wp-content\\\/uploads\\\/2025\\\/05\\\/Flundran20251-1024x768.avif\",\"contentUrl\":\"https:\\\/\\\/grondalscamping.se\\\/wp-content\\\/uploads\\\/2025\\\/05\\\/Flundran20251-1024x768.avif\"},{\"@type\":\"BreadcrumbList\",\"@id\":\"https:\\\/\\\/grondalscamping.se\\\/en\\\/cottage\\\/flundran\\\/#breadcrumb\",\"itemListElement\":[{\"@type\":\"ListItem\",\"position\":1,\"name\":\"Hem\",\"item\":\"https:\\\/\\\/grondalscamping.se\\\/en\\\/\"},{\"@type\":\"ListItem\",\"position\":2,\"name\":\"Cottages\",\"item\":\"https:\\\/\\\/grondalscamping.se\\\/en\\\/cottage\\\/\"},{\"@type\":\"ListItem\",\"position\":3,\"name\":\"Flundran\"}]},{\"@type\":\"WebSite\",\"@id\":\"https:\\\/\\\/grondalscamping.se\\\/#website\",\"url\":\"https:\\\/\\\/grondalscamping.se\\\/\",\"name\":\"Gr\u00f6ndals Camping &amp; Stugor\",\"description\":\"Familjecamping Gr\u00f6ndals camping &amp; stugor som \u00e4r bel\u00e4gen vid havet mitt i K\u00f6pingsvik vid en av \u00d6lands finaste sandstr\u00e4nder.\",\"publisher\":{\"@id\":\"https:\\\/\\\/grondalscamping.se\\\/#organization\"},\"potentialAction\":[{\"@type\":\"SearchAction\",\"target\":{\"@type\":\"EntryPoint\",\"urlTemplate\":\"https:\\\/\\\/grondalscamping.se\\\/?s={search_term_string}\"},\"query-input\":{\"@type\":\"PropertyValueSpecification\",\"valueRequired\":true,\"valueName\":\"search_term_string\"}}],\"inLanguage\":\"en-US\"},{\"@type\":\"Organization\",\"@id\":\"https:\\\/\\\/grondalscamping.se\\\/#organization\",\"name\":\"Gr\u00f6ndals Camping &amp; Stugor\",\"url\":\"https:\\\/\\\/grondalscamping.se\\\/\",\"logo\":{\"@type\":\"ImageObject\",\"inLanguage\":\"en-US\",\"@id\":\"https:\\\/\\\/grondalscamping.se\\\/#\\\/schema\\\/logo\\\/image\\\/\",\"url\":\"https:\\\/\\\/grondalscamping.se\\\/wp-content\\\/uploads\\\/2021\\\/09\\\/only-logo.png\",\"contentUrl\":\"https:\\\/\\\/grondalscamping.se\\\/wp-content\\\/uploads\\\/2021\\\/09\\\/only-logo.png\",\"width\":347,\"height\":147,\"caption\":\"Gr\u00f6ndals Camping &amp; Stugor\"},\"image\":{\"@id\":\"https:\\\/\\\/grondalscamping.se\\\/#\\\/schema\\\/logo\\\/image\\\/\"}}]}<\/script>\n<!-- \/ Yoast SEO plugin. -->","yoast_head_json":{"title":"Flundran - Gr\u00f6ndals Camping &amp; Stugor","robots":{"index":"index","follow":"follow","max-snippet":"max-snippet:-1","max-image-preview":"max-image-preview:large","max-video-preview":"max-video-preview:-1"},"canonical":"https:\/\/grondalscamping.se\/en\/cottage\/flundran\/","og_locale":"en_US","og_type":"article","og_title":"Flundran - Gr\u00f6ndals Camping &amp; Stugor","og_description":"Premium Cottage &#8220;Flundran&#8221; &#8211; 4 beds Very pleasant atmosphere, friendly service, well-kept kitchen, toilet, shower. Wonderful beach, fantastic views, friendly camping for families with children and more. I heartily recommend.","og_url":"https:\/\/grondalscamping.se\/en\/cottage\/flundran\/","og_site_name":"Gr\u00f6ndals Camping &amp; Stugor","article_modified_time":"2026-03-02T10:56:25+00:00","og_image":[{"width":1024,"height":768,"url":"https:\/\/grondalscamping.se\/wp-content\/uploads\/2025\/05\/Flundran20251-1024x768.avif","type":"image\/jpeg"}],"twitter_card":"summary_large_image","twitter_misc":{"Est. reading time":"2 minutes"},"schema":{"@context":"https:\/\/schema.org","@graph":[{"@type":"WebPage","@id":"https:\/\/grondalscamping.se\/en\/cottage\/flundran\/","url":"https:\/\/grondalscamping.se\/en\/cottage\/flundran\/","name":"Flundran - Gr\u00f6ndals Camping &amp; Stugor","isPartOf":{"@id":"https:\/\/grondalscamping.se\/#website"},"primaryImageOfPage":{"@id":"https:\/\/grondalscamping.se\/en\/cottage\/flundran\/#primaryimage"},"image":{"@id":"https:\/\/grondalscamping.se\/en\/cottage\/flundran\/#primaryimage"},"thumbnailUrl":"https:\/\/grondalscamping.se\/wp-content\/uploads\/2025\/05\/Flundran20251-1024x768.avif","datePublished":"2021-10-13T13:07:04+00:00","dateModified":"2026-03-02T10:56:25+00:00","breadcrumb":{"@id":"https:\/\/grondalscamping.se\/en\/cottage\/flundran\/#breadcrumb"},"inLanguage":"en-US","potentialAction":[{"@type":"ReadAction","target":["https:\/\/grondalscamping.se\/en\/cottage\/flundran\/"]}]},{"@type":"ImageObject","inLanguage":"en-US","@id":"https:\/\/grondalscamping.se\/en\/cottage\/flundran\/#primaryimage","url":"https:\/\/grondalscamping.se\/wp-content\/uploads\/2025\/05\/Flundran20251-1024x768.avif","contentUrl":"https:\/\/grondalscamping.se\/wp-content\/uploads\/2025\/05\/Flundran20251-1024x768.avif"},{"@type":"BreadcrumbList","@id":"https:\/\/grondalscamping.se\/en\/cottage\/flundran\/#breadcrumb","itemListElement":[{"@type":"ListItem","position":1,"name":"Hem","item":"https:\/\/grondalscamping.se\/en\/"},{"@type":"ListItem","position":2,"name":"Cottages","item":"https:\/\/grondalscamping.se\/en\/cottage\/"},{"@type":"ListItem","position":3,"name":"Flundran"}]},{"@type":"WebSite","@id":"https:\/\/grondalscamping.se\/#website","url":"https:\/\/grondalscamping.se\/","name":"Gr\u00f6ndals Camping &amp; Stugor","description":"Familjecamping Gr\u00f6ndals camping &amp; stugor som \u00e4r bel\u00e4gen vid havet mitt i K\u00f6pingsvik vid en av \u00d6lands finaste sandstr\u00e4nder.","publisher":{"@id":"https:\/\/grondalscamping.se\/#organization"},"potentialAction":[{"@type":"SearchAction","target":{"@type":"EntryPoint","urlTemplate":"https:\/\/grondalscamping.se\/?s={search_term_string}"},"query-input":{"@type":"PropertyValueSpecification","valueRequired":true,"valueName":"search_term_string"}}],"inLanguage":"en-US"},{"@type":"Organization","@id":"https:\/\/grondalscamping.se\/#organization","name":"Gr\u00f6ndals Camping &amp; Stugor","url":"https:\/\/grondalscamping.se\/","logo":{"@type":"ImageObject","inLanguage":"en-US","@id":"https:\/\/grondalscamping.se\/#\/schema\/logo\/image\/","url":"https:\/\/grondalscamping.se\/wp-content\/uploads\/2021\/09\/only-logo.png","contentUrl":"https:\/\/grondalscamping.se\/wp-content\/uploads\/2021\/09\/only-logo.png","width":347,"height":147,"caption":"Gr\u00f6ndals Camping &amp; Stugor"},"image":{"@id":"https:\/\/grondalscamping.se\/#\/schema\/logo\/image\/"}}]}},"_links":{"self":[{"href":"https:\/\/grondalscamping.se\/en\/wp-json\/wp\/v2\/pages\/2332","targetHints":{"allow":["GET"]}}],"collection":[{"href":"https:\/\/grondalscamping.se\/en\/wp-json\/wp\/v2\/pages"}],"about":[{"href":"https:\/\/grondalscamping.se\/en\/wp-json\/wp\/v2\/types\/page"}],"author":[{"embeddable":true,"href":"https:\/\/grondalscamping.se\/en\/wp-json\/wp\/v2\/users\/1"}],"replies":[{"embeddable":true,"href":"https:\/\/grondalscamping.se\/en\/wp-json\/wp\/v2\/comments?post=2332"}],"version-history":[{"count":28,"href":"https:\/\/grondalscamping.se\/en\/wp-json\/wp\/v2\/pages\/2332\/revisions"}],"predecessor-version":[{"id":7576,"href":"https:\/\/grondalscamping.se\/en\/wp-json\/wp\/v2\/pages\/2332\/revisions\/7576"}],"up":[{"embeddable":true,"href":"https:\/\/grondalscamping.se\/en\/wp-json\/wp\/v2\/pages\/2313"}],"wp:attachment":[{"href":"https:\/\/grondalscamping.se\/en\/wp-json\/wp\/v2\/media?parent=2332"}],"curies":[{"name":"wp","href":"https:\/\/api.w.org\/{rel}","templated":true}]}}