{"id":2321,"date":"2021-10-13T15:04:57","date_gmt":"2021-10-13T13:04:57","guid":{"rendered":"https:\/\/grondalscamping.se\/?page_id=2321"},"modified":"2023-01-13T12:03:02","modified_gmt":"2023-01-13T11:03:02","slug":"we-protect-your-personal-information","status":"publish","type":"page","link":"https:\/\/grondalscamping.se\/en\/contact-us\/we-protect-your-personal-information\/","title":{"rendered":"GDPR"},"content":{"rendered":"\n<div class=\"wp-block-cover alignfull mt-0\" style=\"min-height:400px;aspect-ratio:unset;\"><span aria-hidden=\"true\" class=\"wp-block-cover__background has-lightyellow-background-color has-background-dim-20 has-background-dim\"><\/span><img loading=\"lazy\" decoding=\"async\" width=\"2560\" height=\"1709\" class=\"wp-block-cover__image-background wp-image-1420\" alt=\"\" src=\"https:\/\/grondalscamping.se\/wp-content\/uploads\/2021\/09\/66grondals-receptionen-med-blomma-scaled.jpg\" style=\"object-position:48% 50%\" data-object-fit=\"cover\" data-object-position=\"48% 50%\" srcset=\"https:\/\/grondalscamping.se\/wp-content\/uploads\/2021\/09\/66grondals-receptionen-med-blomma-scaled.jpg 2560w, https:\/\/grondalscamping.se\/wp-content\/uploads\/2021\/09\/66grondals-receptionen-med-blomma-300x200.jpg 300w, https:\/\/grondalscamping.se\/wp-content\/uploads\/2021\/09\/66grondals-receptionen-med-blomma-1024x683.jpg 1024w, https:\/\/grondalscamping.se\/wp-content\/uploads\/2021\/09\/66grondals-receptionen-med-blomma-768x513.jpg 768w, https:\/\/grondalscamping.se\/wp-content\/uploads\/2021\/09\/66grondals-receptionen-med-blomma-1536x1025.jpg 1536w, https:\/\/grondalscamping.se\/wp-content\/uploads\/2021\/09\/66grondals-receptionen-med-blomma-2048x1367.jpg 2048w\" sizes=\"auto, (max-width: 2560px) 100vw, 2560px\" \/><div class=\"wp-block-cover__inner-container is-layout-flow wp-block-cover-is-layout-flow\">\n<p class=\"has-text-align-center has-large-font-size\"><\/p>\n<\/div><\/div>\n\n\n\n<div class=\"wp-block-group lg:py-2\"><div class=\"wp-block-group__inner-container is-layout-flow wp-block-group-is-layout-flow\">\n<h1 class=\"has-large-font-size wp-block-heading\"><strong>We protect your personal information \u2013 GDPR<\/strong><\/h1>\n\n\n\n<p class=\"\">Gr\u00f6ndals Camping is responsible for the treatment of personal data you register or supply to us. We will process your personal details for administering your reservation and payment, as well as sending you the information you require.<\/p>\n\n\n\n<p class=\"\">At any time, you have the right to request that any changed or incorrect information is rectified.<\/p>\n\n\n\n<p class=\"\">If you would like to check your customer information we have stored, please contact Gr\u00f6ndals Camping via&nbsp;<a href=\"mailto:info@grondalscamping.se\">info@grondalscamping.se<\/a>.<a href=\"https:\/\/www.grondalscamping.se\/en\/\"><\/a><\/p>\n<\/div><\/div>\n\n\n\n<div class=\"wp-block-group alignwide has-pink-background-color has-background\"><div class=\"wp-block-group__inner-container is-layout-flow wp-block-group-is-layout-flow\">\n<blockquote class=\"wp-block-quote is-layout-flow wp-block-quote-is-layout-flow\">\n<p class=\"\">Beautiful camping by the sea with a fantastic view over the bay!<\/p>\n<cite>Bengt<\/cite><\/blockquote>\n<\/div><\/div>\n\n\n\n<div style=\"height:20px\" aria-hidden=\"true\" class=\"wp-block-spacer\"><\/div>\n","protected":false},"excerpt":{"rendered":"<p>We protect your personal information \u2013 GDPR Gr\u00f6ndals Camping is responsible for the treatment of personal data you register or supply to us. We will process your personal details for administering your reservation and payment, as well as sending you the information you require. At any time, you have the right to request that any [&hellip;]<\/p>\n","protected":false},"author":1,"featured_media":0,"parent":2309,"menu_order":0,"comment_status":"closed","ping_status":"closed","template":"","meta":{"_acf_changed":false,"northosts_mobile_spacing_top":"theme","northosts_mobile_spacing_bottom":"theme","northosts_desktop_spacing_top":"theme","northosts_desktop_spacing_bottom":"theme","inline_featured_image":false,"footnotes":""},"class_list":["post-2321","page","type-page","status-publish","hentry"],"acf":[],"yoast_head":"<!-- This site is optimized with the Yoast SEO plugin v27.4 - https:\/\/yoast.com\/product\/yoast-seo-wordpress\/ -->\n<title>GDPR - Gr\u00f6ndals Camping &amp; Stugor<\/title>\n<meta name=\"robots\" content=\"index, follow, max-snippet:-1, max-image-preview:large, max-video-preview:-1\" \/>\n<link rel=\"canonical\" href=\"https:\/\/grondalscamping.se\/en\/contact-us\/we-protect-your-personal-information\/\" \/>\n<meta property=\"og:locale\" content=\"en_US\" \/>\n<meta property=\"og:type\" content=\"article\" \/>\n<meta property=\"og:title\" content=\"GDPR - Gr\u00f6ndals Camping &amp; Stugor\" \/>\n<meta property=\"og:description\" content=\"We protect your personal information \u2013 GDPR Gr\u00f6ndals Camping is responsible for the treatment of personal data you register or supply to us. We will process your personal details for administering your reservation and payment, as well as sending you the information you require. At any time, you have the right to request that any [&hellip;]\" \/>\n<meta property=\"og:url\" content=\"https:\/\/grondalscamping.se\/en\/contact-us\/we-protect-your-personal-information\/\" \/>\n<meta property=\"og:site_name\" content=\"Gr\u00f6ndals Camping &amp; Stugor\" \/>\n<meta property=\"article:modified_time\" content=\"2023-01-13T11:03:02+00:00\" \/>\n<meta property=\"og:image\" content=\"https:\/\/grondalscamping.se\/wp-content\/uploads\/2021\/09\/66grondals-receptionen-med-blomma-scaled.jpg\" \/>\n<meta name=\"twitter:card\" content=\"summary_large_image\" \/>\n<meta name=\"twitter:label1\" content=\"Est. reading time\" \/>\n\t<meta name=\"twitter:data1\" content=\"1 minute\" \/>\n<script type=\"application\/ld+json\" class=\"yoast-schema-graph\">{\"@context\":\"https:\\\/\\\/schema.org\",\"@graph\":[{\"@type\":\"WebPage\",\"@id\":\"https:\\\/\\\/grondalscamping.se\\\/en\\\/contact-us\\\/we-protect-your-personal-information\\\/\",\"url\":\"https:\\\/\\\/grondalscamping.se\\\/en\\\/contact-us\\\/we-protect-your-personal-information\\\/\",\"name\":\"GDPR - Gr\u00f6ndals Camping &amp; Stugor\",\"isPartOf\":{\"@id\":\"https:\\\/\\\/grondalscamping.se\\\/#website\"},\"primaryImageOfPage\":{\"@id\":\"https:\\\/\\\/grondalscamping.se\\\/en\\\/contact-us\\\/we-protect-your-personal-information\\\/#primaryimage\"},\"image\":{\"@id\":\"https:\\\/\\\/grondalscamping.se\\\/en\\\/contact-us\\\/we-protect-your-personal-information\\\/#primaryimage\"},\"thumbnailUrl\":\"https:\\\/\\\/grondalscamping.se\\\/wp-content\\\/uploads\\\/2021\\\/09\\\/66grondals-receptionen-med-blomma-scaled.jpg\",\"datePublished\":\"2021-10-13T13:04:57+00:00\",\"dateModified\":\"2023-01-13T11:03:02+00:00\",\"breadcrumb\":{\"@id\":\"https:\\\/\\\/grondalscamping.se\\\/en\\\/contact-us\\\/we-protect-your-personal-information\\\/#breadcrumb\"},\"inLanguage\":\"en-US\",\"potentialAction\":[{\"@type\":\"ReadAction\",\"target\":[\"https:\\\/\\\/grondalscamping.se\\\/en\\\/contact-us\\\/we-protect-your-personal-information\\\/\"]}]},{\"@type\":\"ImageObject\",\"inLanguage\":\"en-US\",\"@id\":\"https:\\\/\\\/grondalscamping.se\\\/en\\\/contact-us\\\/we-protect-your-personal-information\\\/#primaryimage\",\"url\":\"https:\\\/\\\/grondalscamping.se\\\/wp-content\\\/uploads\\\/2021\\\/09\\\/66grondals-receptionen-med-blomma-scaled.jpg\",\"contentUrl\":\"https:\\\/\\\/grondalscamping.se\\\/wp-content\\\/uploads\\\/2021\\\/09\\\/66grondals-receptionen-med-blomma-scaled.jpg\"},{\"@type\":\"BreadcrumbList\",\"@id\":\"https:\\\/\\\/grondalscamping.se\\\/en\\\/contact-us\\\/we-protect-your-personal-information\\\/#breadcrumb\",\"itemListElement\":[{\"@type\":\"ListItem\",\"position\":1,\"name\":\"Hem\",\"item\":\"https:\\\/\\\/grondalscamping.se\\\/en\\\/\"},{\"@type\":\"ListItem\",\"position\":2,\"name\":\"Contact\",\"item\":\"https:\\\/\\\/grondalscamping.se\\\/en\\\/contact-us\\\/\"},{\"@type\":\"ListItem\",\"position\":3,\"name\":\"GDPR\"}]},{\"@type\":\"WebSite\",\"@id\":\"https:\\\/\\\/grondalscamping.se\\\/#website\",\"url\":\"https:\\\/\\\/grondalscamping.se\\\/\",\"name\":\"Gr\u00f6ndals Camping &amp; Stugor\",\"description\":\"Familjecamping Gr\u00f6ndals camping &amp; stugor som \u00e4r bel\u00e4gen vid havet mitt i K\u00f6pingsvik vid en av \u00d6lands finaste sandstr\u00e4nder.\",\"publisher\":{\"@id\":\"https:\\\/\\\/grondalscamping.se\\\/#organization\"},\"potentialAction\":[{\"@type\":\"SearchAction\",\"target\":{\"@type\":\"EntryPoint\",\"urlTemplate\":\"https:\\\/\\\/grondalscamping.se\\\/?s={search_term_string}\"},\"query-input\":{\"@type\":\"PropertyValueSpecification\",\"valueRequired\":true,\"valueName\":\"search_term_string\"}}],\"inLanguage\":\"en-US\"},{\"@type\":\"Organization\",\"@id\":\"https:\\\/\\\/grondalscamping.se\\\/#organization\",\"name\":\"Gr\u00f6ndals Camping &amp; Stugor\",\"url\":\"https:\\\/\\\/grondalscamping.se\\\/\",\"logo\":{\"@type\":\"ImageObject\",\"inLanguage\":\"en-US\",\"@id\":\"https:\\\/\\\/grondalscamping.se\\\/#\\\/schema\\\/logo\\\/image\\\/\",\"url\":\"https:\\\/\\\/grondalscamping.se\\\/wp-content\\\/uploads\\\/2021\\\/09\\\/only-logo.png\",\"contentUrl\":\"https:\\\/\\\/grondalscamping.se\\\/wp-content\\\/uploads\\\/2021\\\/09\\\/only-logo.png\",\"width\":347,\"height\":147,\"caption\":\"Gr\u00f6ndals Camping &amp; Stugor\"},\"image\":{\"@id\":\"https:\\\/\\\/grondalscamping.se\\\/#\\\/schema\\\/logo\\\/image\\\/\"}}]}<\/script>\n<!-- \/ Yoast SEO plugin. -->","yoast_head_json":{"title":"GDPR - Gr\u00f6ndals Camping &amp; Stugor","robots":{"index":"index","follow":"follow","max-snippet":"max-snippet:-1","max-image-preview":"max-image-preview:large","max-video-preview":"max-video-preview:-1"},"canonical":"https:\/\/grondalscamping.se\/en\/contact-us\/we-protect-your-personal-information\/","og_locale":"en_US","og_type":"article","og_title":"GDPR - Gr\u00f6ndals Camping &amp; Stugor","og_description":"We protect your personal information \u2013 GDPR Gr\u00f6ndals Camping is responsible for the treatment of personal data you register or supply to us. We will process your personal details for administering your reservation and payment, as well as sending you the information you require. At any time, you have the right to request that any [&hellip;]","og_url":"https:\/\/grondalscamping.se\/en\/contact-us\/we-protect-your-personal-information\/","og_site_name":"Gr\u00f6ndals Camping &amp; Stugor","article_modified_time":"2023-01-13T11:03:02+00:00","og_image":[{"url":"https:\/\/grondalscamping.se\/wp-content\/uploads\/2021\/09\/66grondals-receptionen-med-blomma-scaled.jpg","type":"","width":"","height":""}],"twitter_card":"summary_large_image","twitter_misc":{"Est. reading time":"1 minute"},"schema":{"@context":"https:\/\/schema.org","@graph":[{"@type":"WebPage","@id":"https:\/\/grondalscamping.se\/en\/contact-us\/we-protect-your-personal-information\/","url":"https:\/\/grondalscamping.se\/en\/contact-us\/we-protect-your-personal-information\/","name":"GDPR - Gr\u00f6ndals Camping &amp; Stugor","isPartOf":{"@id":"https:\/\/grondalscamping.se\/#website"},"primaryImageOfPage":{"@id":"https:\/\/grondalscamping.se\/en\/contact-us\/we-protect-your-personal-information\/#primaryimage"},"image":{"@id":"https:\/\/grondalscamping.se\/en\/contact-us\/we-protect-your-personal-information\/#primaryimage"},"thumbnailUrl":"https:\/\/grondalscamping.se\/wp-content\/uploads\/2021\/09\/66grondals-receptionen-med-blomma-scaled.jpg","datePublished":"2021-10-13T13:04:57+00:00","dateModified":"2023-01-13T11:03:02+00:00","breadcrumb":{"@id":"https:\/\/grondalscamping.se\/en\/contact-us\/we-protect-your-personal-information\/#breadcrumb"},"inLanguage":"en-US","potentialAction":[{"@type":"ReadAction","target":["https:\/\/grondalscamping.se\/en\/contact-us\/we-protect-your-personal-information\/"]}]},{"@type":"ImageObject","inLanguage":"en-US","@id":"https:\/\/grondalscamping.se\/en\/contact-us\/we-protect-your-personal-information\/#primaryimage","url":"https:\/\/grondalscamping.se\/wp-content\/uploads\/2021\/09\/66grondals-receptionen-med-blomma-scaled.jpg","contentUrl":"https:\/\/grondalscamping.se\/wp-content\/uploads\/2021\/09\/66grondals-receptionen-med-blomma-scaled.jpg"},{"@type":"BreadcrumbList","@id":"https:\/\/grondalscamping.se\/en\/contact-us\/we-protect-your-personal-information\/#breadcrumb","itemListElement":[{"@type":"ListItem","position":1,"name":"Hem","item":"https:\/\/grondalscamping.se\/en\/"},{"@type":"ListItem","position":2,"name":"Contact","item":"https:\/\/grondalscamping.se\/en\/contact-us\/"},{"@type":"ListItem","position":3,"name":"GDPR"}]},{"@type":"WebSite","@id":"https:\/\/grondalscamping.se\/#website","url":"https:\/\/grondalscamping.se\/","name":"Gr\u00f6ndals Camping &amp; Stugor","description":"Familjecamping Gr\u00f6ndals camping &amp; stugor som \u00e4r bel\u00e4gen vid havet mitt i K\u00f6pingsvik vid en av \u00d6lands finaste sandstr\u00e4nder.","publisher":{"@id":"https:\/\/grondalscamping.se\/#organization"},"potentialAction":[{"@type":"SearchAction","target":{"@type":"EntryPoint","urlTemplate":"https:\/\/grondalscamping.se\/?s={search_term_string}"},"query-input":{"@type":"PropertyValueSpecification","valueRequired":true,"valueName":"search_term_string"}}],"inLanguage":"en-US"},{"@type":"Organization","@id":"https:\/\/grondalscamping.se\/#organization","name":"Gr\u00f6ndals Camping &amp; Stugor","url":"https:\/\/grondalscamping.se\/","logo":{"@type":"ImageObject","inLanguage":"en-US","@id":"https:\/\/grondalscamping.se\/#\/schema\/logo\/image\/","url":"https:\/\/grondalscamping.se\/wp-content\/uploads\/2021\/09\/only-logo.png","contentUrl":"https:\/\/grondalscamping.se\/wp-content\/uploads\/2021\/09\/only-logo.png","width":347,"height":147,"caption":"Gr\u00f6ndals Camping &amp; Stugor"},"image":{"@id":"https:\/\/grondalscamping.se\/#\/schema\/logo\/image\/"}}]}},"_links":{"self":[{"href":"https:\/\/grondalscamping.se\/en\/wp-json\/wp\/v2\/pages\/2321","targetHints":{"allow":["GET"]}}],"collection":[{"href":"https:\/\/grondalscamping.se\/en\/wp-json\/wp\/v2\/pages"}],"about":[{"href":"https:\/\/grondalscamping.se\/en\/wp-json\/wp\/v2\/types\/page"}],"author":[{"embeddable":true,"href":"https:\/\/grondalscamping.se\/en\/wp-json\/wp\/v2\/users\/1"}],"replies":[{"embeddable":true,"href":"https:\/\/grondalscamping.se\/en\/wp-json\/wp\/v2\/comments?post=2321"}],"version-history":[{"count":5,"href":"https:\/\/grondalscamping.se\/en\/wp-json\/wp\/v2\/pages\/2321\/revisions"}],"predecessor-version":[{"id":4891,"href":"https:\/\/grondalscamping.se\/en\/wp-json\/wp\/v2\/pages\/2321\/revisions\/4891"}],"up":[{"embeddable":true,"href":"https:\/\/grondalscamping.se\/en\/wp-json\/wp\/v2\/pages\/2309"}],"wp:attachment":[{"href":"https:\/\/grondalscamping.se\/en\/wp-json\/wp\/v2\/media?parent=2321"}],"curies":[{"name":"wp","href":"https:\/\/api.w.org\/{rel}","templated":true}]}}