{"id":2317,"date":"2021-10-13T15:04:33","date_gmt":"2021-10-13T13:04:33","guid":{"rendered":"https:\/\/grondalscamping.se\/?page_id=2317"},"modified":"2026-01-22T11:04:50","modified_gmt":"2026-01-22T10:04:50","slug":"sport-play","status":"publish","type":"page","link":"https:\/\/grondalscamping.se\/en\/sport-play\/","title":{"rendered":"Sport &#038; play"},"content":{"rendered":"\n<div class=\"wp-block-group alignwide py-2 lg:py-2\"><div class=\"wp-block-group__inner-container is-layout-flow wp-block-group-is-layout-flow\">\n<h1 class=\"wp-block-heading alignwide lg:px-2\" id=\"sport-and-play-together\"><meta charset=\"utf-8\">Sport and play together<\/h1>\n\n\n\n<p class=\"has-medium-font-size lg:px-2\"><meta charset=\"utf-8\"><meta charset=\"utf-8\"><\/p>\n\n\n\n<p class=\"has-medium-font-size lg:px-2\" id=\"tw-target-text\">Playing, exercise and staying outdoors is important for both children and adults. The camping\u2019s play area is the natural meeting place for children of various ages, from early morning to late in the evening.<\/p>\n<\/div><\/div>\n\n\n\n<div class=\"wp-block-cover alignfull is-light mt-0\"><img loading=\"lazy\" decoding=\"async\" width=\"2500\" height=\"1666\" class=\"wp-block-cover__image-background wp-image-6398\" alt=\"\" src=\"https:\/\/grondalscamping.se\/wp-content\/uploads\/2024\/10\/Grodal_7_lek_sport_fotboll.jpg\" style=\"object-position:49% 62%\" data-object-fit=\"cover\" data-object-position=\"49% 62%\" srcset=\"https:\/\/grondalscamping.se\/wp-content\/uploads\/2024\/10\/Grodal_7_lek_sport_fotboll.jpg 2500w, https:\/\/grondalscamping.se\/wp-content\/uploads\/2024\/10\/Grodal_7_lek_sport_fotboll-300x200.jpg 300w, https:\/\/grondalscamping.se\/wp-content\/uploads\/2024\/10\/Grodal_7_lek_sport_fotboll-1024x682.jpg 1024w, https:\/\/grondalscamping.se\/wp-content\/uploads\/2024\/10\/Grodal_7_lek_sport_fotboll-768x512.jpg 768w, https:\/\/grondalscamping.se\/wp-content\/uploads\/2024\/10\/Grodal_7_lek_sport_fotboll-1536x1024.jpg 1536w, https:\/\/grondalscamping.se\/wp-content\/uploads\/2024\/10\/Grodal_7_lek_sport_fotboll-2048x1365.jpg 2048w\" sizes=\"auto, (max-width: 2500px) 100vw, 2500px\" \/><span aria-hidden=\"true\" class=\"wp-block-cover__background has-background-dim-0 has-background-dim\" style=\"background-color:#858971\"><\/span><div class=\"wp-block-cover__inner-container is-layout-flow wp-block-cover-is-layout-flow\">\n<p class=\"has-text-align-center has-large-font-size\"><\/p>\n<\/div><\/div>\n\n\n\n<div class=\"wp-block-media-text alignwide has-media-on-the-right is-stacked-on-mobile mt-0 mt-1 md:mt-1 lg:mt-1 py-1 lg:py-1 lg:px-2\" style=\"grid-template-columns:auto 60%\"><div class=\"wp-block-media-text__content\">\n<h3 class=\"wp-block-heading has-text-align-right py-1 lg:py-0\" id=\"playground\">Playground <\/h3>\n\n\n\n<p class=\"has-text-align-right py-0\">Our beautiful play area is of great importance to us. We have created a playground for children to have fun, relax and meet new friends. <\/p>\n\n\n\n<p class=\"has-text-align-right py-0\"><br><\/p>\n<\/div><figure class=\"wp-block-media-text__media\"><img loading=\"lazy\" decoding=\"async\" width=\"1024\" height=\"682\" src=\"https:\/\/grondalscamping.se\/wp-content\/uploads\/2024\/10\/Grondal_4_lekplats-1024x682.jpg\" alt=\"\" class=\"wp-image-6408 size-full\" srcset=\"https:\/\/grondalscamping.se\/wp-content\/uploads\/2024\/10\/Grondal_4_lekplats-1024x682.jpg 1024w, https:\/\/grondalscamping.se\/wp-content\/uploads\/2024\/10\/Grondal_4_lekplats-300x200.jpg 300w, https:\/\/grondalscamping.se\/wp-content\/uploads\/2024\/10\/Grondal_4_lekplats-768x512.jpg 768w, https:\/\/grondalscamping.se\/wp-content\/uploads\/2024\/10\/Grondal_4_lekplats-1536x1024.jpg 1536w, https:\/\/grondalscamping.se\/wp-content\/uploads\/2024\/10\/Grondal_4_lekplats.jpg 2000w\" sizes=\"auto, (max-width: 1024px) 100vw, 1024px\" \/><\/figure><\/div>\n\n\n\n<div class=\"wp-block-media-text alignwide is-stacked-on-mobile mt-0 py-1 lg:py-1 lg:px-2\" style=\"grid-template-columns:60% auto\"><figure class=\"wp-block-media-text__media\"><img loading=\"lazy\" decoding=\"async\" width=\"1024\" height=\"682\" src=\"https:\/\/grondalscamping.se\/wp-content\/uploads\/2026\/01\/sandstrand-bad-Grondal-1024x682.webp\" alt=\"\" class=\"wp-image-7429 size-full\" srcset=\"https:\/\/grondalscamping.se\/wp-content\/uploads\/2026\/01\/sandstrand-bad-Grondal-1024x682.webp 1024w, https:\/\/grondalscamping.se\/wp-content\/uploads\/2026\/01\/sandstrand-bad-Grondal-300x200.webp 300w, https:\/\/grondalscamping.se\/wp-content\/uploads\/2026\/01\/sandstrand-bad-Grondal-768x512.webp 768w, https:\/\/grondalscamping.se\/wp-content\/uploads\/2026\/01\/sandstrand-bad-Grondal-1536x1024.webp 1536w, https:\/\/grondalscamping.se\/wp-content\/uploads\/2026\/01\/sandstrand-bad-Grondal.webp 2000w\" sizes=\"auto, (max-width: 1024px) 100vw, 1024px\" \/><\/figure><div class=\"wp-block-media-text__content\">\n<h3 class=\"wp-block-heading has-text-align-left py-1 lg:py-0\" id=\"beachdays\">Beachdays<\/h3>\n\n\n\n<p class=\"has-text-align-left py-0\">No matter the age, both younger and older children will enjoy the shallow beach with its soft white sand. The play area, beach and green area around us create the perfect place for an active holiday.<\/p>\n<\/div><\/div>\n\n\n\n<div class=\"wp-block-media-text alignwide has-media-on-the-right is-stacked-on-mobile mt-0 py-1 lg:py-1 lg:px-2\" style=\"grid-template-columns:auto 60%\"><div class=\"wp-block-media-text__content\">\n<h3 class=\"wp-block-heading has-text-align-right py-1 lg:py-0\" id=\"soccer-volleyball\">Soccer &amp; volleyball<\/h3>\n\n\n\n<p class=\"has-text-align-right\">The green area next to the camping is ideal for playing games and exercising.&nbsp;Next to the playground is a football- and volleyball pitch.<\/p>\n<\/div><figure class=\"wp-block-media-text__media\"><img loading=\"lazy\" decoding=\"async\" width=\"1024\" height=\"683\" src=\"https:\/\/grondalscamping.se\/wp-content\/uploads\/2024\/10\/Grondal_24_19_fotboll-1024x683.jpg\" alt=\"\" class=\"wp-image-6403 size-full\" srcset=\"https:\/\/grondalscamping.se\/wp-content\/uploads\/2024\/10\/Grondal_24_19_fotboll-1024x683.jpg 1024w, https:\/\/grondalscamping.se\/wp-content\/uploads\/2024\/10\/Grondal_24_19_fotboll-300x200.jpg 300w, https:\/\/grondalscamping.se\/wp-content\/uploads\/2024\/10\/Grondal_24_19_fotboll-768x512.jpg 768w, https:\/\/grondalscamping.se\/wp-content\/uploads\/2024\/10\/Grondal_24_19_fotboll-1536x1024.jpg 1536w, https:\/\/grondalscamping.se\/wp-content\/uploads\/2024\/10\/Grondal_24_19_fotboll-2048x1365.jpg 2048w\" sizes=\"auto, (max-width: 1024px) 100vw, 1024px\" \/><\/figure><\/div>\n\n\n\n<div class=\"wp-block-media-text alignwide is-stacked-on-mobile mt-0 py-1 lg:py-1 lg:px-2\" style=\"grid-template-columns:60% auto\"><figure class=\"wp-block-media-text__media\"><img decoding=\"async\" src=\"https:\/\/grondalscamping.se\/wp-content\/uploads\/2023\/09\/man-som-gymmar-grondals-e1695732864814.jpg\" alt=\"\" class=\"wp-image-5466 size-full\"\/><\/figure><div class=\"wp-block-media-text__content\">\n<h3 class=\"wp-block-heading has-text-align-left py-1 lg:py-0\" id=\"walk-run-exercise\">Walk, run &amp; exercise<\/h3>\n\n\n\n<p class=\"has-text-align-left py-0\">Enjoy the walking path along the bay with outdoor gym equipment. <\/p>\n<\/div><\/div>\n","protected":false},"excerpt":{"rendered":"<p>Sport and play together Playing, exercise and staying outdoors is important for both children and adults. The camping\u2019s play area is the natural meeting place for children of various ages, from early morning to late in the evening. Playground Our beautiful play area is of great importance to us. We have created a playground for [&hellip;]<\/p>\n","protected":false},"author":1,"featured_media":0,"parent":0,"menu_order":0,"comment_status":"closed","ping_status":"closed","template":"","meta":{"_acf_changed":false,"northosts_mobile_spacing_top":"theme","northosts_mobile_spacing_bottom":"theme","northosts_desktop_spacing_top":"theme","northosts_desktop_spacing_bottom":"theme","inline_featured_image":false,"footnotes":""},"class_list":["post-2317","page","type-page","status-publish","hentry"],"acf":[],"yoast_head":"<!-- This site is optimized with the Yoast SEO plugin v27.4 - https:\/\/yoast.com\/product\/yoast-seo-wordpress\/ -->\n<title>Sport &amp; play - Gr\u00f6ndals Camping &amp; Stugor<\/title>\n<meta name=\"robots\" content=\"index, follow, max-snippet:-1, max-image-preview:large, max-video-preview:-1\" \/>\n<link rel=\"canonical\" href=\"https:\/\/grondalscamping.se\/en\/sport-play\/\" \/>\n<meta property=\"og:locale\" content=\"en_US\" \/>\n<meta property=\"og:type\" content=\"article\" \/>\n<meta property=\"og:title\" content=\"Sport &amp; play - Gr\u00f6ndals Camping &amp; Stugor\" \/>\n<meta property=\"og:description\" content=\"Sport and play together Playing, exercise and staying outdoors is important for both children and adults. The camping\u2019s play area is the natural meeting place for children of various ages, from early morning to late in the evening. Playground Our beautiful play area is of great importance to us. We have created a playground for [&hellip;]\" \/>\n<meta property=\"og:url\" content=\"https:\/\/grondalscamping.se\/en\/sport-play\/\" \/>\n<meta property=\"og:site_name\" content=\"Gr\u00f6ndals Camping &amp; Stugor\" \/>\n<meta property=\"article:modified_time\" content=\"2026-01-22T10:04:50+00:00\" \/>\n<meta property=\"og:image\" content=\"https:\/\/grondalscamping.se\/wp-content\/uploads\/2024\/10\/Grodal_7_lek_sport_fotboll-1024x682.jpg\" \/>\n\t<meta property=\"og:image:width\" content=\"1024\" \/>\n\t<meta property=\"og:image:height\" content=\"682\" \/>\n\t<meta property=\"og:image:type\" content=\"image\/jpeg\" \/>\n<meta name=\"twitter:card\" content=\"summary_large_image\" \/>\n<meta name=\"twitter:label1\" content=\"Est. reading time\" \/>\n\t<meta name=\"twitter:data1\" content=\"3 minutes\" \/>\n<script type=\"application\/ld+json\" class=\"yoast-schema-graph\">{\"@context\":\"https:\\\/\\\/schema.org\",\"@graph\":[{\"@type\":\"WebPage\",\"@id\":\"https:\\\/\\\/grondalscamping.se\\\/en\\\/sport-play\\\/\",\"url\":\"https:\\\/\\\/grondalscamping.se\\\/en\\\/sport-play\\\/\",\"name\":\"Sport & play - Gr\u00f6ndals Camping &amp; Stugor\",\"isPartOf\":{\"@id\":\"https:\\\/\\\/grondalscamping.se\\\/#website\"},\"primaryImageOfPage\":{\"@id\":\"https:\\\/\\\/grondalscamping.se\\\/en\\\/sport-play\\\/#primaryimage\"},\"image\":{\"@id\":\"https:\\\/\\\/grondalscamping.se\\\/en\\\/sport-play\\\/#primaryimage\"},\"thumbnailUrl\":\"https:\\\/\\\/grondalscamping.se\\\/wp-content\\\/uploads\\\/2024\\\/10\\\/Grodal_7_lek_sport_fotboll.jpg\",\"datePublished\":\"2021-10-13T13:04:33+00:00\",\"dateModified\":\"2026-01-22T10:04:50+00:00\",\"breadcrumb\":{\"@id\":\"https:\\\/\\\/grondalscamping.se\\\/en\\\/sport-play\\\/#breadcrumb\"},\"inLanguage\":\"en-US\",\"potentialAction\":[{\"@type\":\"ReadAction\",\"target\":[\"https:\\\/\\\/grondalscamping.se\\\/en\\\/sport-play\\\/\"]}]},{\"@type\":\"ImageObject\",\"inLanguage\":\"en-US\",\"@id\":\"https:\\\/\\\/grondalscamping.se\\\/en\\\/sport-play\\\/#primaryimage\",\"url\":\"https:\\\/\\\/grondalscamping.se\\\/wp-content\\\/uploads\\\/2024\\\/10\\\/Grodal_7_lek_sport_fotboll.jpg\",\"contentUrl\":\"https:\\\/\\\/grondalscamping.se\\\/wp-content\\\/uploads\\\/2024\\\/10\\\/Grodal_7_lek_sport_fotboll.jpg\"},{\"@type\":\"BreadcrumbList\",\"@id\":\"https:\\\/\\\/grondalscamping.se\\\/en\\\/sport-play\\\/#breadcrumb\",\"itemListElement\":[{\"@type\":\"ListItem\",\"position\":1,\"name\":\"Hem\",\"item\":\"https:\\\/\\\/grondalscamping.se\\\/en\\\/\"},{\"@type\":\"ListItem\",\"position\":2,\"name\":\"Sport &#038; play\"}]},{\"@type\":\"WebSite\",\"@id\":\"https:\\\/\\\/grondalscamping.se\\\/#website\",\"url\":\"https:\\\/\\\/grondalscamping.se\\\/\",\"name\":\"Gr\u00f6ndals Camping &amp; Stugor\",\"description\":\"Familjecamping Gr\u00f6ndals camping &amp; stugor som \u00e4r bel\u00e4gen vid havet mitt i K\u00f6pingsvik vid en av \u00d6lands finaste sandstr\u00e4nder.\",\"publisher\":{\"@id\":\"https:\\\/\\\/grondalscamping.se\\\/#organization\"},\"potentialAction\":[{\"@type\":\"SearchAction\",\"target\":{\"@type\":\"EntryPoint\",\"urlTemplate\":\"https:\\\/\\\/grondalscamping.se\\\/?s={search_term_string}\"},\"query-input\":{\"@type\":\"PropertyValueSpecification\",\"valueRequired\":true,\"valueName\":\"search_term_string\"}}],\"inLanguage\":\"en-US\"},{\"@type\":\"Organization\",\"@id\":\"https:\\\/\\\/grondalscamping.se\\\/#organization\",\"name\":\"Gr\u00f6ndals Camping &amp; Stugor\",\"url\":\"https:\\\/\\\/grondalscamping.se\\\/\",\"logo\":{\"@type\":\"ImageObject\",\"inLanguage\":\"en-US\",\"@id\":\"https:\\\/\\\/grondalscamping.se\\\/#\\\/schema\\\/logo\\\/image\\\/\",\"url\":\"https:\\\/\\\/grondalscamping.se\\\/wp-content\\\/uploads\\\/2021\\\/09\\\/only-logo.png\",\"contentUrl\":\"https:\\\/\\\/grondalscamping.se\\\/wp-content\\\/uploads\\\/2021\\\/09\\\/only-logo.png\",\"width\":347,\"height\":147,\"caption\":\"Gr\u00f6ndals Camping &amp; Stugor\"},\"image\":{\"@id\":\"https:\\\/\\\/grondalscamping.se\\\/#\\\/schema\\\/logo\\\/image\\\/\"}}]}<\/script>\n<!-- \/ Yoast SEO plugin. -->","yoast_head_json":{"title":"Sport & play - Gr\u00f6ndals Camping &amp; Stugor","robots":{"index":"index","follow":"follow","max-snippet":"max-snippet:-1","max-image-preview":"max-image-preview:large","max-video-preview":"max-video-preview:-1"},"canonical":"https:\/\/grondalscamping.se\/en\/sport-play\/","og_locale":"en_US","og_type":"article","og_title":"Sport & play - Gr\u00f6ndals Camping &amp; Stugor","og_description":"Sport and play together Playing, exercise and staying outdoors is important for both children and adults. The camping\u2019s play area is the natural meeting place for children of various ages, from early morning to late in the evening. Playground Our beautiful play area is of great importance to us. We have created a playground for [&hellip;]","og_url":"https:\/\/grondalscamping.se\/en\/sport-play\/","og_site_name":"Gr\u00f6ndals Camping &amp; Stugor","article_modified_time":"2026-01-22T10:04:50+00:00","og_image":[{"width":1024,"height":682,"url":"https:\/\/grondalscamping.se\/wp-content\/uploads\/2024\/10\/Grodal_7_lek_sport_fotboll-1024x682.jpg","type":"image\/jpeg"}],"twitter_card":"summary_large_image","twitter_misc":{"Est. reading time":"3 minutes"},"schema":{"@context":"https:\/\/schema.org","@graph":[{"@type":"WebPage","@id":"https:\/\/grondalscamping.se\/en\/sport-play\/","url":"https:\/\/grondalscamping.se\/en\/sport-play\/","name":"Sport & play - Gr\u00f6ndals Camping &amp; Stugor","isPartOf":{"@id":"https:\/\/grondalscamping.se\/#website"},"primaryImageOfPage":{"@id":"https:\/\/grondalscamping.se\/en\/sport-play\/#primaryimage"},"image":{"@id":"https:\/\/grondalscamping.se\/en\/sport-play\/#primaryimage"},"thumbnailUrl":"https:\/\/grondalscamping.se\/wp-content\/uploads\/2024\/10\/Grodal_7_lek_sport_fotboll.jpg","datePublished":"2021-10-13T13:04:33+00:00","dateModified":"2026-01-22T10:04:50+00:00","breadcrumb":{"@id":"https:\/\/grondalscamping.se\/en\/sport-play\/#breadcrumb"},"inLanguage":"en-US","potentialAction":[{"@type":"ReadAction","target":["https:\/\/grondalscamping.se\/en\/sport-play\/"]}]},{"@type":"ImageObject","inLanguage":"en-US","@id":"https:\/\/grondalscamping.se\/en\/sport-play\/#primaryimage","url":"https:\/\/grondalscamping.se\/wp-content\/uploads\/2024\/10\/Grodal_7_lek_sport_fotboll.jpg","contentUrl":"https:\/\/grondalscamping.se\/wp-content\/uploads\/2024\/10\/Grodal_7_lek_sport_fotboll.jpg"},{"@type":"BreadcrumbList","@id":"https:\/\/grondalscamping.se\/en\/sport-play\/#breadcrumb","itemListElement":[{"@type":"ListItem","position":1,"name":"Hem","item":"https:\/\/grondalscamping.se\/en\/"},{"@type":"ListItem","position":2,"name":"Sport &#038; play"}]},{"@type":"WebSite","@id":"https:\/\/grondalscamping.se\/#website","url":"https:\/\/grondalscamping.se\/","name":"Gr\u00f6ndals Camping &amp; Stugor","description":"Familjecamping Gr\u00f6ndals camping &amp; stugor som \u00e4r bel\u00e4gen vid havet mitt i K\u00f6pingsvik vid en av \u00d6lands finaste sandstr\u00e4nder.","publisher":{"@id":"https:\/\/grondalscamping.se\/#organization"},"potentialAction":[{"@type":"SearchAction","target":{"@type":"EntryPoint","urlTemplate":"https:\/\/grondalscamping.se\/?s={search_term_string}"},"query-input":{"@type":"PropertyValueSpecification","valueRequired":true,"valueName":"search_term_string"}}],"inLanguage":"en-US"},{"@type":"Organization","@id":"https:\/\/grondalscamping.se\/#organization","name":"Gr\u00f6ndals Camping &amp; Stugor","url":"https:\/\/grondalscamping.se\/","logo":{"@type":"ImageObject","inLanguage":"en-US","@id":"https:\/\/grondalscamping.se\/#\/schema\/logo\/image\/","url":"https:\/\/grondalscamping.se\/wp-content\/uploads\/2021\/09\/only-logo.png","contentUrl":"https:\/\/grondalscamping.se\/wp-content\/uploads\/2021\/09\/only-logo.png","width":347,"height":147,"caption":"Gr\u00f6ndals Camping &amp; Stugor"},"image":{"@id":"https:\/\/grondalscamping.se\/#\/schema\/logo\/image\/"}}]}},"_links":{"self":[{"href":"https:\/\/grondalscamping.se\/en\/wp-json\/wp\/v2\/pages\/2317","targetHints":{"allow":["GET"]}}],"collection":[{"href":"https:\/\/grondalscamping.se\/en\/wp-json\/wp\/v2\/pages"}],"about":[{"href":"https:\/\/grondalscamping.se\/en\/wp-json\/wp\/v2\/types\/page"}],"author":[{"embeddable":true,"href":"https:\/\/grondalscamping.se\/en\/wp-json\/wp\/v2\/users\/1"}],"replies":[{"embeddable":true,"href":"https:\/\/grondalscamping.se\/en\/wp-json\/wp\/v2\/comments?post=2317"}],"version-history":[{"count":89,"href":"https:\/\/grondalscamping.se\/en\/wp-json\/wp\/v2\/pages\/2317\/revisions"}],"predecessor-version":[{"id":7432,"href":"https:\/\/grondalscamping.se\/en\/wp-json\/wp\/v2\/pages\/2317\/revisions\/7432"}],"wp:attachment":[{"href":"https:\/\/grondalscamping.se\/en\/wp-json\/wp\/v2\/media?parent=2317"}],"curies":[{"name":"wp","href":"https:\/\/api.w.org\/{rel}","templated":true}]}}