{"id":2311,"date":"2021-10-13T15:03:18","date_gmt":"2021-10-13T13:03:18","guid":{"rendered":"https:\/\/grondalscamping.se\/?page_id=2311"},"modified":"2026-01-22T10:07:00","modified_gmt":"2026-01-22T09:07:00","slug":"booking-and-payment-terms","status":"publish","type":"page","link":"https:\/\/grondalscamping.se\/en\/booking-and-payment-terms\/","title":{"rendered":"Booking terms"},"content":{"rendered":"\n<div class=\"wp-block-cover alignfull mt-0\" style=\"min-height:400px;aspect-ratio:unset;\"><img loading=\"lazy\" decoding=\"async\" width=\"2560\" height=\"1709\" class=\"wp-block-cover__image-background wp-image-1420\" alt=\"\" src=\"https:\/\/grondalscamping.se\/wp-content\/uploads\/2021\/09\/66grondals-receptionen-med-blomma-scaled.jpg\" style=\"object-position:48% 50%\" data-object-fit=\"cover\" data-object-position=\"48% 50%\" srcset=\"https:\/\/grondalscamping.se\/wp-content\/uploads\/2021\/09\/66grondals-receptionen-med-blomma-scaled.jpg 2560w, https:\/\/grondalscamping.se\/wp-content\/uploads\/2021\/09\/66grondals-receptionen-med-blomma-300x200.jpg 300w, https:\/\/grondalscamping.se\/wp-content\/uploads\/2021\/09\/66grondals-receptionen-med-blomma-1024x683.jpg 1024w, https:\/\/grondalscamping.se\/wp-content\/uploads\/2021\/09\/66grondals-receptionen-med-blomma-768x513.jpg 768w, https:\/\/grondalscamping.se\/wp-content\/uploads\/2021\/09\/66grondals-receptionen-med-blomma-1536x1025.jpg 1536w, https:\/\/grondalscamping.se\/wp-content\/uploads\/2021\/09\/66grondals-receptionen-med-blomma-2048x1367.jpg 2048w\" sizes=\"auto, (max-width: 2560px) 100vw, 2560px\" \/><span aria-hidden=\"true\" class=\"wp-block-cover__background has-lightyellow-background-color has-background-dim-20 has-background-dim\"><\/span><div class=\"wp-block-cover__inner-container is-layout-flow wp-block-cover-is-layout-flow\">\n<p class=\"has-text-align-center has-large-font-size\"><\/p>\n<\/div><\/div>\n\n\n\n<div class=\"wp-block-group\"><div class=\"wp-block-group__inner-container is-layout-flow wp-block-group-is-layout-flow\">\n<h1 class=\"wp-block-heading mt-2 has-large-font-size\">Terms and Conditions Gr\u00f6ndals Camping &amp; Stugor<\/h1>\n\n\n\n<p class=\"\">This agreement applies for renting a pitch for a caravan, motorhome, tent or renting accommodation. One car per campsite or accommodation is included. Paid parking is available at reception for extra cars. In the event of an event beyond our control, we reserve the right to move you to equivalent accommodation.<\/p>\n\n\n\n<h2 class=\"wp-block-heading has-medium-font-size\">Check-in &amp; Check-out<\/h2>\n\n\n\n<ul class=\"wp-block-list\">\n<li class=\"\">Check-in for camping after 1 pm. Check-out no later than 12 pm.<\/li>\n\n\n\n<li class=\"\">Check-in for accommodation after 3 pm. Check-out no later than 11 am. Please note, in case of prepaid cleaning of the accommodation, check out no later than 10 am.<\/li>\n<\/ul>\n\n\n\n<h2 class=\"wp-block-heading has-medium-font-size\">Camping Key Europe<\/h2>\n\n\n\n<p class=\"\">We are a member of SCR Swedish Camping. This means that you as a guest need Camping ID or CKE at check-in (does not apply to accommodations)<\/p>\n\n\n\n<h2 class=\"wp-block-heading has-medium-font-size\">What is included in the camping price?<\/h2>\n\n\n\n<p class=\"\">The camping price is for a maximum of 6 people (adults and children) and <strong>one<\/strong> of the following combinations:<\/p>\n\n\n\n<ul class=\"wp-block-list\">\n<li class=\"\">A caravan with awning\/wind protection and a car<\/li>\n\n\n\n<li class=\"\">A mobile home with an awning\/wind protection<\/li>\n\n\n\n<li class=\"\">A tent and a car<\/li>\n<\/ul>\n\n\n\n<p class=\"\">For an extra person (adult or child), an extra fee of SEK 50\/per person and day is added, A maximum of 2 extra persons is allowed. Electricity is connected with an EU plug and is included in the daily price.<\/p>\n\n\n\n<h4 class=\"wp-block-heading has-medium-font-size\">Age limit<\/h4>\n\n\n\n<p class=\"\">To book\/enter into an agreement with us, you and your party need to be at least 23 years old. Please note that this does not apply to families with children. Identification may be required upon arrival. Compliance with the age limit is a requirement for access to the pitch.<\/p>\n\n\n\n<h2 class=\"wp-block-heading has-medium-font-size\">Booking fee<\/h2>\n\n\n\n<p class=\"\">No booking fee applies to online bookings. Bookings made via phone or email with personal service are subject to a booking fee of SEK 60 per unit.<\/p>\n\n\n\n<h2 class=\"wp-block-heading has-medium-font-size\">When will my booking be binding?<\/h2>\n\n\n\n<p class=\"\">The booking will be binding when you receive confirmation\/invoice from us in writing, by email or through the booking system on the Internet. Check that the information the booking confirmation corresponds to what you have booked. If there are errors in the confirmation, please inform us as soon as possible. Please note to always follow the payment plan on your invoice.<\/p>\n\n\n\n<h2 class=\"wp-block-heading has-medium-font-size\">Charging of Electric Products<\/h2>\n\n\n\n<p class=\"\">Charging equipment in shared areas of the service buildings is not permitted. For safety reasons, charging electric vehicles from our power outlets or accommodation units is strictly prohibited. We refer you to the charging station at Elmacken in K\u00f6pingsvik, located directly across the street.<\/p>\n\n\n\n<h2 class=\"wp-block-heading has-medium-font-size\">Waste Sorting<\/h2>\n\n\n\n<p class=\"\">To keep the campsite clean and contribute to a better environment, waste sorting is mandatory. Please follow the signs at our recycling station. Food waste must be placed in aseparate food waste bag, and packaging and other waste must be disposed of in the designated containers. Thank you for helping us become a sustainable camping choice.<\/p>\n\n\n\n<h2 class=\"wp-block-heading has-medium-font-size\">24-hour sale or return<\/h2>\n\n\n\n<p class=\"\">You can buy on a 24-hour sale-or-return basis if your arrival is more than 7 days away.<\/p>\n\n\n\n<h2 class=\"wp-block-heading has-medium-font-size\">When should I pay?<\/h2>\n\n\n\n<p class=\"\">More than 40 days before arrival: 20% of the total amount must be paid within 14 days of receiving the invoice. The remaining balance must be paid no later than 40 days before arrival (see invoice for dates and amounts). After final payment, the booking cannot be shortened.<br>Less than 40 days before arrival: The full amount must be paid within 14 days, unless otherwise stated. After final payment, the booking cannot be shortened.<\/p>\n\n\n\n<h2 class=\"wp-block-heading has-medium-font-size\">Late or Missing Payment<\/h2>\n\n\n\n<p class=\"\">If you do not make the first part-payment on time we have the right to cancel your booking.<br>If the final payment is late and, despite reminders, you don\u2019t pay the full amount, it will be considered a cancellation on your part, and the cancellation rules will apply.<\/p>\n\n\n\n<h2 class=\"wp-block-heading has-medium-font-size\">What happens if I want to leave earlier?<\/h2>\n\n\n\n<p class=\"\">If you choose to depart earlier than your booking says, no refund will be made.<\/p>\n\n\n\n<h2 class=\"wp-block-heading has-medium-font-size\">Changes or Rebooking<\/h2>\n\n\n\n<p class=\"\">You may change your booking dates subject to availability. If a booking fee has been paid, the new dates will be settled with a new final invoice. If you move to dates with a higher price, the price difference will be charged. If you move to dates with a lower price, no refund will be made. Changes can only be made within the same calendar year as the original booking.<\/p>\n\n\n\n<h2 class=\"wp-block-heading has-medium-font-size\">Cancellation<\/h2>\n\n\n\n<p class=\"\">Cancellations must be made in writing via email. Cancellation should be made as soon as you know you cannot fulfil the agreement. If no cancellation protection has been purchased, no refund will be issued. For cancellation protection to apply, it must be purchased at the time of booking, and the booking must be fully paid. The following applies:<\/p>\n\n\n\n<p class=\"\"><strong>Cancellation protection SEK 295<\/strong><br> If cancellation is made up to 10 days before arrival, you may cancel without documentation and receive 90% of the rental amount refunded, minus the cancellation protection fee and any booking fee. Cancellations due to illness or accident later than this may be made up to the day before arrival, valid documentation from a doctor, authority or insurance company must be submitted.<\/p>\n\n\n\n<h2 class=\"wp-block-heading has-medium-font-size\">What are my rights?<\/h2>\n\n\n\n<p class=\"\">If we breach the agreement, serious disruptions or the service otherwise deviating from the information we have given or what you could reasonably have expected, you have the right to demand redress, a price reduction or cancellation. A breach of the agreement or other service failing that is due to reasons outside our control does not entitle you to compensation according to this agreement (see the point on limits of the campsite control responsibility below). If a fault arises during your stay, it shall be reported to us immediately so that we have the chance to remedy it. If you do not report a fault, you cannot claim compensation.<\/p>\n\n\n\n<h2 class=\"wp-block-heading has-medium-font-size\">What am I responsible for?<\/h2>\n\n\n\n<p class=\"\">During your stay, you are responsible for taking good care of the accommodation\/ camping pitch and following the rules and regulations that apply. You are responsible for all damage that occurs to the accommodation\/camping site because you or someone in your party hasbeen neglectful. It is not allowed to use the accommodation\/camping site for anything else or let more people stay overnight than what was agreed upon at the time of the booking.<\/p>\n\n\n\n<p class=\"\">You must clean the accommodation in accordance with the instructions. If the accommodation is not cleaned accordingly, cleaning will be done at your expense. Please note that smoking is not allowed in any of our accommodations. Violation of the smoking ban entails decontamination costs for you as a tenant.<\/p>\n\n\n\n<h2 class=\"wp-block-heading has-medium-font-size\">Limits of Liability<\/h2>\n\n\n\n<p class=\"\">In the event of any emergency or unforeseen event not caused by \u2013 and outside of the control of the camping site (for example natural catastrophes, strikes, fires, acts of terrorism, or war), the camping site has the right to cancel any agreement and\/or booking without liability to compensate for any cost it causes for the guest(s).<\/p>\n\n\n\n<h4 class=\"wp-block-heading has-medium-font-size\">What happens if we do not agree?<\/h4>\n\n\n\n<p class=\"\">Please contact us with any complaints as soon as possible. If no agreement can be reached, you may contact ARN \u2013 the Swedish National Board for Consumer Disputes Website: www.arn.se<\/p>\n\n\n\n<p class=\"\"><strong>Address:<\/strong><br>Allm\u00e4nna reklamationsn\u00e4mnden<br>Box 174<br>SE-101 23 Stockholm<br>Sweden<\/p>\n\n\n\n<h4 class=\"wp-block-heading has-medium-font-size\">The Personal Data Act &#8211; GDPR<\/h4>\n\n\n\n<p class=\"\">We are responsible for processing the personal data you provide when booking a pitch (such as name, address, phone number). We will process the personal data for the purpose of administering the booking and payment and otherwise to fulfil our obligations and rights under the contracts entered with you. The data may be disclosed to debt collection agencies, authorities\/courts for collection, determination and performance of your contractual obligations. You have the right, once a year and free of charge, upon written request, to be informed of the data recorded, how they are used, where the data has been obtained from and to be informed of any recipients to whom the data have been disclosed. You have the right to request at any time the rectification of any inaccurate or altered data. If you give your active consent, we may use the personal data for marketing our activities.<\/p>\n\n\n\n<h4 class=\"wp-block-heading has-medium-font-size\">Right of withdrawal<\/h4>\n\n\n\n<p class=\"\">The right of withdrawal according to the Act (2005:59) on Distance and Doorstep Selling exempts agreements on accommodation, lodging and leisure activities and you can thereby not reverse an agreement on renting a pitch for a tent, caravan or motorhome.<\/p>\n<\/div><\/div>\n\n\n\n<div class=\"wp-block-group alignfull mt-2 has-black-color has-pink-background-color has-text-color has-background px-1 lg:px-2\"><div class=\"wp-block-group__inner-container is-layout-flow wp-block-group-is-layout-flow\">\n<h5 class=\"wp-block-heading has-text-align-left mt-1 has-white-color has-text-color\"><mark style=\"background-color:rgba(0, 0, 0, 0)\" class=\"has-inline-color has-black-color\">Ready for camping on \u00d6land?<\/mark><\/h5>\n\n\n\n<h1 class=\"wp-block-heading has-text-align-left -mt-0 has-white-color has-text-color py-0 lg:py-0\"><mark style=\"background-color:rgba(0, 0, 0, 0)\" class=\"has-inline-color has-black-color\"><a href=\"https:\/\/grondalscamping.se\/en\/booking\/\">Book a wonderful holiday today!<\/a><\/mark><\/h1>\n<\/div><\/div>\n","protected":false},"excerpt":{"rendered":"<p>Terms and Conditions Gr\u00f6ndals Camping &amp; Stugor This agreement applies for renting a pitch for a caravan, motorhome, tent or renting accommodation. One car per campsite or accommodation is included. Paid parking is available at reception for extra cars. In the event of an event beyond our control, we reserve the right to move you [&hellip;]<\/p>\n","protected":false},"author":1,"featured_media":0,"parent":0,"menu_order":0,"comment_status":"closed","ping_status":"closed","template":"","meta":{"_acf_changed":false,"northosts_mobile_spacing_top":"theme","northosts_mobile_spacing_bottom":"theme","northosts_desktop_spacing_top":"theme","northosts_desktop_spacing_bottom":"theme","inline_featured_image":false,"footnotes":""},"class_list":["post-2311","page","type-page","status-publish","hentry"],"acf":[],"yoast_head":"<!-- This site is optimized with the Yoast SEO plugin v27.4 - https:\/\/yoast.com\/product\/yoast-seo-wordpress\/ -->\n<title>Booking terms - Gr\u00f6ndals Camping &amp; Stugor<\/title>\n<meta name=\"robots\" content=\"index, follow, max-snippet:-1, max-image-preview:large, max-video-preview:-1\" \/>\n<link rel=\"canonical\" href=\"https:\/\/grondalscamping.se\/en\/booking-and-payment-terms\/\" \/>\n<meta property=\"og:locale\" content=\"en_US\" \/>\n<meta property=\"og:type\" content=\"article\" \/>\n<meta property=\"og:title\" content=\"Booking terms - Gr\u00f6ndals Camping &amp; Stugor\" \/>\n<meta property=\"og:description\" content=\"Terms and Conditions Gr\u00f6ndals Camping &amp; Stugor This agreement applies for renting a pitch for a caravan, motorhome, tent or renting accommodation. One car per campsite or accommodation is included. Paid parking is available at reception for extra cars. In the event of an event beyond our control, we reserve the right to move you [&hellip;]\" \/>\n<meta property=\"og:url\" content=\"https:\/\/grondalscamping.se\/en\/booking-and-payment-terms\/\" \/>\n<meta property=\"og:site_name\" content=\"Gr\u00f6ndals Camping &amp; Stugor\" \/>\n<meta property=\"article:modified_time\" content=\"2026-01-22T09:07:00+00:00\" \/>\n<meta property=\"og:image\" content=\"https:\/\/grondalscamping.se\/wp-content\/uploads\/2021\/09\/66grondals-receptionen-med-blomma-1024x683.jpg\" \/>\n\t<meta property=\"og:image:width\" content=\"1024\" \/>\n\t<meta property=\"og:image:height\" content=\"683\" \/>\n\t<meta property=\"og:image:type\" content=\"image\/jpeg\" \/>\n<meta name=\"twitter:card\" content=\"summary_large_image\" \/>\n<meta name=\"twitter:label1\" content=\"Est. reading time\" \/>\n\t<meta name=\"twitter:data1\" content=\"8 minutes\" \/>\n<script type=\"application\/ld+json\" class=\"yoast-schema-graph\">{\"@context\":\"https:\\\/\\\/schema.org\",\"@graph\":[{\"@type\":\"WebPage\",\"@id\":\"https:\\\/\\\/grondalscamping.se\\\/en\\\/booking-and-payment-terms\\\/\",\"url\":\"https:\\\/\\\/grondalscamping.se\\\/en\\\/booking-and-payment-terms\\\/\",\"name\":\"Booking terms - Gr\u00f6ndals Camping &amp; Stugor\",\"isPartOf\":{\"@id\":\"https:\\\/\\\/grondalscamping.se\\\/#website\"},\"primaryImageOfPage\":{\"@id\":\"https:\\\/\\\/grondalscamping.se\\\/en\\\/booking-and-payment-terms\\\/#primaryimage\"},\"image\":{\"@id\":\"https:\\\/\\\/grondalscamping.se\\\/en\\\/booking-and-payment-terms\\\/#primaryimage\"},\"thumbnailUrl\":\"https:\\\/\\\/grondalscamping.se\\\/wp-content\\\/uploads\\\/2021\\\/09\\\/66grondals-receptionen-med-blomma-scaled.jpg\",\"datePublished\":\"2021-10-13T13:03:18+00:00\",\"dateModified\":\"2026-01-22T09:07:00+00:00\",\"breadcrumb\":{\"@id\":\"https:\\\/\\\/grondalscamping.se\\\/en\\\/booking-and-payment-terms\\\/#breadcrumb\"},\"inLanguage\":\"en-US\",\"potentialAction\":[{\"@type\":\"ReadAction\",\"target\":[\"https:\\\/\\\/grondalscamping.se\\\/en\\\/booking-and-payment-terms\\\/\"]}]},{\"@type\":\"ImageObject\",\"inLanguage\":\"en-US\",\"@id\":\"https:\\\/\\\/grondalscamping.se\\\/en\\\/booking-and-payment-terms\\\/#primaryimage\",\"url\":\"https:\\\/\\\/grondalscamping.se\\\/wp-content\\\/uploads\\\/2021\\\/09\\\/66grondals-receptionen-med-blomma-scaled.jpg\",\"contentUrl\":\"https:\\\/\\\/grondalscamping.se\\\/wp-content\\\/uploads\\\/2021\\\/09\\\/66grondals-receptionen-med-blomma-scaled.jpg\"},{\"@type\":\"BreadcrumbList\",\"@id\":\"https:\\\/\\\/grondalscamping.se\\\/en\\\/booking-and-payment-terms\\\/#breadcrumb\",\"itemListElement\":[{\"@type\":\"ListItem\",\"position\":1,\"name\":\"Hem\",\"item\":\"https:\\\/\\\/grondalscamping.se\\\/en\\\/\"},{\"@type\":\"ListItem\",\"position\":2,\"name\":\"Booking terms\"}]},{\"@type\":\"WebSite\",\"@id\":\"https:\\\/\\\/grondalscamping.se\\\/#website\",\"url\":\"https:\\\/\\\/grondalscamping.se\\\/\",\"name\":\"Gr\u00f6ndals Camping &amp; Stugor\",\"description\":\"Familjecamping Gr\u00f6ndals camping &amp; stugor som \u00e4r bel\u00e4gen vid havet mitt i K\u00f6pingsvik vid en av \u00d6lands finaste sandstr\u00e4nder.\",\"publisher\":{\"@id\":\"https:\\\/\\\/grondalscamping.se\\\/#organization\"},\"potentialAction\":[{\"@type\":\"SearchAction\",\"target\":{\"@type\":\"EntryPoint\",\"urlTemplate\":\"https:\\\/\\\/grondalscamping.se\\\/?s={search_term_string}\"},\"query-input\":{\"@type\":\"PropertyValueSpecification\",\"valueRequired\":true,\"valueName\":\"search_term_string\"}}],\"inLanguage\":\"en-US\"},{\"@type\":\"Organization\",\"@id\":\"https:\\\/\\\/grondalscamping.se\\\/#organization\",\"name\":\"Gr\u00f6ndals Camping &amp; Stugor\",\"url\":\"https:\\\/\\\/grondalscamping.se\\\/\",\"logo\":{\"@type\":\"ImageObject\",\"inLanguage\":\"en-US\",\"@id\":\"https:\\\/\\\/grondalscamping.se\\\/#\\\/schema\\\/logo\\\/image\\\/\",\"url\":\"https:\\\/\\\/grondalscamping.se\\\/wp-content\\\/uploads\\\/2021\\\/09\\\/only-logo.png\",\"contentUrl\":\"https:\\\/\\\/grondalscamping.se\\\/wp-content\\\/uploads\\\/2021\\\/09\\\/only-logo.png\",\"width\":347,\"height\":147,\"caption\":\"Gr\u00f6ndals Camping &amp; Stugor\"},\"image\":{\"@id\":\"https:\\\/\\\/grondalscamping.se\\\/#\\\/schema\\\/logo\\\/image\\\/\"}}]}<\/script>\n<!-- \/ Yoast SEO plugin. -->","yoast_head_json":{"title":"Booking terms - Gr\u00f6ndals Camping &amp; Stugor","robots":{"index":"index","follow":"follow","max-snippet":"max-snippet:-1","max-image-preview":"max-image-preview:large","max-video-preview":"max-video-preview:-1"},"canonical":"https:\/\/grondalscamping.se\/en\/booking-and-payment-terms\/","og_locale":"en_US","og_type":"article","og_title":"Booking terms - Gr\u00f6ndals Camping &amp; Stugor","og_description":"Terms and Conditions Gr\u00f6ndals Camping &amp; Stugor This agreement applies for renting a pitch for a caravan, motorhome, tent or renting accommodation. One car per campsite or accommodation is included. Paid parking is available at reception for extra cars. In the event of an event beyond our control, we reserve the right to move you [&hellip;]","og_url":"https:\/\/grondalscamping.se\/en\/booking-and-payment-terms\/","og_site_name":"Gr\u00f6ndals Camping &amp; Stugor","article_modified_time":"2026-01-22T09:07:00+00:00","og_image":[{"width":1024,"height":683,"url":"https:\/\/grondalscamping.se\/wp-content\/uploads\/2021\/09\/66grondals-receptionen-med-blomma-1024x683.jpg","type":"image\/jpeg"}],"twitter_card":"summary_large_image","twitter_misc":{"Est. reading time":"8 minutes"},"schema":{"@context":"https:\/\/schema.org","@graph":[{"@type":"WebPage","@id":"https:\/\/grondalscamping.se\/en\/booking-and-payment-terms\/","url":"https:\/\/grondalscamping.se\/en\/booking-and-payment-terms\/","name":"Booking terms - Gr\u00f6ndals Camping &amp; Stugor","isPartOf":{"@id":"https:\/\/grondalscamping.se\/#website"},"primaryImageOfPage":{"@id":"https:\/\/grondalscamping.se\/en\/booking-and-payment-terms\/#primaryimage"},"image":{"@id":"https:\/\/grondalscamping.se\/en\/booking-and-payment-terms\/#primaryimage"},"thumbnailUrl":"https:\/\/grondalscamping.se\/wp-content\/uploads\/2021\/09\/66grondals-receptionen-med-blomma-scaled.jpg","datePublished":"2021-10-13T13:03:18+00:00","dateModified":"2026-01-22T09:07:00+00:00","breadcrumb":{"@id":"https:\/\/grondalscamping.se\/en\/booking-and-payment-terms\/#breadcrumb"},"inLanguage":"en-US","potentialAction":[{"@type":"ReadAction","target":["https:\/\/grondalscamping.se\/en\/booking-and-payment-terms\/"]}]},{"@type":"ImageObject","inLanguage":"en-US","@id":"https:\/\/grondalscamping.se\/en\/booking-and-payment-terms\/#primaryimage","url":"https:\/\/grondalscamping.se\/wp-content\/uploads\/2021\/09\/66grondals-receptionen-med-blomma-scaled.jpg","contentUrl":"https:\/\/grondalscamping.se\/wp-content\/uploads\/2021\/09\/66grondals-receptionen-med-blomma-scaled.jpg"},{"@type":"BreadcrumbList","@id":"https:\/\/grondalscamping.se\/en\/booking-and-payment-terms\/#breadcrumb","itemListElement":[{"@type":"ListItem","position":1,"name":"Hem","item":"https:\/\/grondalscamping.se\/en\/"},{"@type":"ListItem","position":2,"name":"Booking terms"}]},{"@type":"WebSite","@id":"https:\/\/grondalscamping.se\/#website","url":"https:\/\/grondalscamping.se\/","name":"Gr\u00f6ndals Camping &amp; Stugor","description":"Familjecamping Gr\u00f6ndals camping &amp; stugor som \u00e4r bel\u00e4gen vid havet mitt i K\u00f6pingsvik vid en av \u00d6lands finaste sandstr\u00e4nder.","publisher":{"@id":"https:\/\/grondalscamping.se\/#organization"},"potentialAction":[{"@type":"SearchAction","target":{"@type":"EntryPoint","urlTemplate":"https:\/\/grondalscamping.se\/?s={search_term_string}"},"query-input":{"@type":"PropertyValueSpecification","valueRequired":true,"valueName":"search_term_string"}}],"inLanguage":"en-US"},{"@type":"Organization","@id":"https:\/\/grondalscamping.se\/#organization","name":"Gr\u00f6ndals Camping &amp; Stugor","url":"https:\/\/grondalscamping.se\/","logo":{"@type":"ImageObject","inLanguage":"en-US","@id":"https:\/\/grondalscamping.se\/#\/schema\/logo\/image\/","url":"https:\/\/grondalscamping.se\/wp-content\/uploads\/2021\/09\/only-logo.png","contentUrl":"https:\/\/grondalscamping.se\/wp-content\/uploads\/2021\/09\/only-logo.png","width":347,"height":147,"caption":"Gr\u00f6ndals Camping &amp; Stugor"},"image":{"@id":"https:\/\/grondalscamping.se\/#\/schema\/logo\/image\/"}}]}},"_links":{"self":[{"href":"https:\/\/grondalscamping.se\/en\/wp-json\/wp\/v2\/pages\/2311","targetHints":{"allow":["GET"]}}],"collection":[{"href":"https:\/\/grondalscamping.se\/en\/wp-json\/wp\/v2\/pages"}],"about":[{"href":"https:\/\/grondalscamping.se\/en\/wp-json\/wp\/v2\/types\/page"}],"author":[{"embeddable":true,"href":"https:\/\/grondalscamping.se\/en\/wp-json\/wp\/v2\/users\/1"}],"replies":[{"embeddable":true,"href":"https:\/\/grondalscamping.se\/en\/wp-json\/wp\/v2\/comments?post=2311"}],"version-history":[{"count":53,"href":"https:\/\/grondalscamping.se\/en\/wp-json\/wp\/v2\/pages\/2311\/revisions"}],"predecessor-version":[{"id":7386,"href":"https:\/\/grondalscamping.se\/en\/wp-json\/wp\/v2\/pages\/2311\/revisions\/7386"}],"wp:attachment":[{"href":"https:\/\/grondalscamping.se\/en\/wp-json\/wp\/v2\/media?parent=2311"}],"curies":[{"name":"wp","href":"https:\/\/api.w.org\/{rel}","templated":true}]}}