{"id":2309,"date":"2021-10-13T15:02:16","date_gmt":"2021-10-13T13:02:16","guid":{"rendered":"https:\/\/grondalscamping.se\/?page_id=2309"},"modified":"2026-02-01T10:09:03","modified_gmt":"2026-02-01T09:09:03","slug":"contact-us","status":"publish","type":"page","link":"https:\/\/grondalscamping.se\/en\/contact-us\/","title":{"rendered":"Contact"},"content":{"rendered":"\n<div class=\"wp-block-group alignwide py-2\"><div class=\"wp-block-group__inner-container is-layout-flow wp-block-group-is-layout-flow\">\n<h1 class=\"wp-block-heading alignwide lg:px-2\" id=\"lek-sport-aktivitet\">Contact &amp; information<\/h1>\n<\/div><\/div>\n\n\n\n<div class=\"wp-block-cover alignfull mt-0\" style=\"min-height:400px;aspect-ratio:unset;\"><img loading=\"lazy\" decoding=\"async\" width=\"2560\" height=\"1709\" class=\"wp-block-cover__image-background wp-image-1420\" alt=\"\" src=\"https:\/\/grondalscamping.se\/wp-content\/uploads\/2021\/09\/66grondals-receptionen-med-blomma-scaled.jpg\" style=\"object-position:48% 50%\" data-object-fit=\"cover\" data-object-position=\"48% 50%\" srcset=\"https:\/\/grondalscamping.se\/wp-content\/uploads\/2021\/09\/66grondals-receptionen-med-blomma-scaled.jpg 2560w, https:\/\/grondalscamping.se\/wp-content\/uploads\/2021\/09\/66grondals-receptionen-med-blomma-300x200.jpg 300w, https:\/\/grondalscamping.se\/wp-content\/uploads\/2021\/09\/66grondals-receptionen-med-blomma-1024x683.jpg 1024w, https:\/\/grondalscamping.se\/wp-content\/uploads\/2021\/09\/66grondals-receptionen-med-blomma-768x513.jpg 768w, https:\/\/grondalscamping.se\/wp-content\/uploads\/2021\/09\/66grondals-receptionen-med-blomma-1536x1025.jpg 1536w, https:\/\/grondalscamping.se\/wp-content\/uploads\/2021\/09\/66grondals-receptionen-med-blomma-2048x1367.jpg 2048w\" sizes=\"auto, (max-width: 2560px) 100vw, 2560px\" \/><span aria-hidden=\"true\" class=\"wp-block-cover__background has-lightyellow-background-color has-background-dim-20 has-background-dim\"><\/span><div class=\"wp-block-cover__inner-container is-layout-flow wp-block-cover-is-layout-flow\">\n<p class=\"has-text-align-center has-large-font-size\"><\/p>\n<\/div><\/div>\n\n\n\n<div class=\"wp-block-cover alignfull is-light mt-0\"><span aria-hidden=\"true\" class=\"wp-block-cover__background has-lightyellow-background-color has-background-dim-0 has-background-dim\"><\/span><div class=\"wp-block-cover__inner-container is-layout-flow wp-block-cover-is-layout-flow\">\n<div class=\"wp-block-group mt-0 lg:py-2 lg:px-2\"><div class=\"wp-block-group__inner-container is-layout-flow wp-block-group-is-layout-flow\">\n<div class=\"wp-block-northosts-grid alignwide grid gap-1 md:gap-0 grid-cols-2 mt-0 has-black-color has-text-color py-1 lg:py-0 px-0 lg:px-6 py-1 lg:py-0 px-0 lg:px-6\">\n<section class=\"wp-block-northosts-grid-item col-span-full md:col-span-1 lg:col-span-1 p-0 has-white-background-color has-background py-1 lg:py-0 px-1 lg:px-0\">\n<div class=\"wp-block-group lg:py-1 lg:px-1\"><div class=\"wp-block-group__inner-container is-layout-flow wp-block-group-is-layout-flow\">\n<h3 class=\"wp-block-heading\" id=\"adress\"><mark style=\"background-color:rgba(0, 0, 0, 0)\" class=\"has-inline-color has-dark-color\"><mark style=\"background-color:rgba(0, 0, 0, 0)\" class=\"has-inline-color has-black-color\">Welcome to<\/mark> Gr\u00f6ndals<\/mark>!<\/h3>\n\n\n\n<p class=\"\">Gr\u00f6ndals Camping &amp; Stugor<br>K\u00f6pingev\u00e4gen 41, 387 50 K\u00d6PINGSVIK<br><strong>Telefon:<\/strong>\u00a0<a href=\"tel:+4648572227\">+46 (0)485-722 27<\/a><br><strong>E-post:\u00a0<\/strong><a href=\"mailto:info@grondalscamping.se\">info@grondalscamping.se<\/a><br><br><strong>Seasonal opening 2026<\/strong><br>Online, email, and phone bookings are now open.<br>We have open from April 24 to September 6<br><\/p>\n<\/div><\/div>\n<\/section>\n\n\n\n<section class=\"wp-block-northosts-grid-item col-span-full md:col-span-1 lg:col-span-1 p-0 mt-0 py-0 lg:py-0 px-0 lg:px-0\">\n<figure class=\"wp-block-image size-square mt-0\"><img loading=\"lazy\" decoding=\"async\" width=\"800\" height=\"800\" src=\"https:\/\/grondalscamping.se\/wp-content\/uploads\/2024\/10\/Grondal_24_35_kontakt_carina_micke-800x800.jpg\" alt=\"\" class=\"wp-image-6339\" srcset=\"https:\/\/grondalscamping.se\/wp-content\/uploads\/2024\/10\/Grondal_24_35_kontakt_carina_micke-800x800.jpg 800w, https:\/\/grondalscamping.se\/wp-content\/uploads\/2024\/10\/Grondal_24_35_kontakt_carina_micke-150x150.jpg 150w\" sizes=\"auto, (max-width: 800px) 100vw, 800px\" \/><\/figure>\n\n\n\n<h6 class=\"wp-block-heading has-text-align-center has-small-font-size mt-0\"><em>Varm welcome, Michael &amp; Carina.<\/em><\/h6>\n<\/section>\n<\/div>\n<\/div><\/div>\n<\/div><\/div>\n\n\n\n<div class=\"wp-block-northosts-grid alignwide grid gap-0 md:gap-0 grid-cols-2 -mt-2 py-1 lg:px-4 -mt-2 py-1 lg:px-4\">\n<section class=\"wp-block-northosts-grid-item col-span-full md:col-span-1 lg:col-span-1 p-0 has-pink-background-color has-background py-1 px-1 lg:px-3\">\n<h2 class=\"wp-block-heading\">Directions<\/h2>\n\n\n\n<p class=\"\"><strong>GPS lat. 56 52 829 Long. 16 43 199<\/strong><br><br>After the \u00d6land bridge (6072 meters long), take road 136 north to Borgholm (40 km) and continue on to K\u00f6pingsvik (4 km). In K\u00f6pingsvik, drive past the church on the right side.<br>After 50 meters turn left towards the sea at the sign GR\u00d6NDAL.<br>You will see our reception building straight ahead.<\/p>\n\n\n\n<div class=\"wp-block-buttons py-0 is-horizontal is-content-justification-right is-layout-flex wp-container-core-buttons-is-layout-ae2fe186 wp-block-buttons-is-layout-flex\">\n<div class=\"wp-block-button\"><a class=\"wp-block-button__link wp-element-button\" href=\"https:\/\/www.google.com\/maps\/dir\/\/Gr%C3%B6ndals+Camping+%26+Stugor+K%C3%B6pingev%C3%A4gen+41A+387+50+K%C3%B6pingsvik\/@56.8799942,16.7180278,15z\/data=!4m8!4m7!1m0!1m5!1m1!1s0x46f80ab3080c50ff:0x1538e295c45dddb3!2m2!1d16.7180278!2d56.8799942\" target=\"_blank\" rel=\"noreferrer noopener\">DIRECTIONS<\/a><\/div>\n<\/div>\n<\/section>\n\n\n\n<section class=\"wp-block-northosts-grid-item col-span-full md:col-span-1 lg:col-span-1 p-0\">\n<iframe loading=\"lazy\" src=\"https:\/\/www.google.com\/maps\/embed?pb=!1m14!1m8!1m3!1d2180.0078759896405!2d16.719789!3d56.880108!3m2!1i1024!2i768!4f13.1!3m3!1m2!1s0x46f80ab3080c50ff%3A0x1538e295c45dddb3!2sGr%C3%B6ndals%20Camping%20%26%20Stugor!5e0!3m2!1ssv!2sus!4v1633526104375!5m2!1ssv!2sus\" width=\"100%\" height=\"450\" frameborder=\"0\" marginwidth=\"0\" marginheight=\"0\" scrolling=\"no\"><\/iframe>\n<\/section>\n<\/div>\n\n\n\n<div style=\"height:20px\" aria-hidden=\"true\" class=\"wp-block-spacer\"><\/div>\n","protected":false},"excerpt":{"rendered":"<p>Contact &amp; information<\/p>\n","protected":false},"author":1,"featured_media":0,"parent":0,"menu_order":0,"comment_status":"closed","ping_status":"closed","template":"","meta":{"_acf_changed":false,"northosts_mobile_spacing_top":"theme","northosts_mobile_spacing_bottom":"theme","northosts_desktop_spacing_top":"theme","northosts_desktop_spacing_bottom":"theme","inline_featured_image":false,"footnotes":""},"class_list":["post-2309","page","type-page","status-publish","hentry"],"acf":[],"yoast_head":"<!-- This site is optimized with the Yoast SEO plugin v27.4 - https:\/\/yoast.com\/product\/yoast-seo-wordpress\/ -->\n<title>Contact - Gr\u00f6ndals Camping &amp; Stugor<\/title>\n<meta name=\"robots\" content=\"index, follow, max-snippet:-1, max-image-preview:large, max-video-preview:-1\" \/>\n<link rel=\"canonical\" href=\"https:\/\/grondalscamping.se\/en\/contact-us\/\" \/>\n<meta property=\"og:locale\" content=\"en_US\" \/>\n<meta property=\"og:type\" content=\"article\" \/>\n<meta property=\"og:title\" content=\"Contact - Gr\u00f6ndals Camping &amp; Stugor\" \/>\n<meta property=\"og:description\" content=\"Contact &amp; information\" \/>\n<meta property=\"og:url\" content=\"https:\/\/grondalscamping.se\/en\/contact-us\/\" \/>\n<meta property=\"og:site_name\" content=\"Gr\u00f6ndals Camping &amp; Stugor\" \/>\n<meta property=\"article:modified_time\" content=\"2026-02-01T09:09:03+00:00\" \/>\n<meta property=\"og:image\" content=\"https:\/\/grondalscamping.se\/wp-content\/uploads\/2021\/09\/66grondals-receptionen-med-blomma-1024x683.jpg\" \/>\n\t<meta property=\"og:image:width\" content=\"1024\" \/>\n\t<meta property=\"og:image:height\" content=\"683\" \/>\n\t<meta property=\"og:image:type\" content=\"image\/jpeg\" \/>\n<meta name=\"twitter:card\" content=\"summary_large_image\" \/>\n<meta name=\"twitter:label1\" content=\"Est. reading time\" \/>\n\t<meta name=\"twitter:data1\" content=\"1 minute\" \/>\n<script type=\"application\/ld+json\" class=\"yoast-schema-graph\">{\"@context\":\"https:\\\/\\\/schema.org\",\"@graph\":[{\"@type\":\"WebPage\",\"@id\":\"https:\\\/\\\/grondalscamping.se\\\/en\\\/contact-us\\\/\",\"url\":\"https:\\\/\\\/grondalscamping.se\\\/en\\\/contact-us\\\/\",\"name\":\"Contact - Gr\u00f6ndals Camping &amp; Stugor\",\"isPartOf\":{\"@id\":\"https:\\\/\\\/grondalscamping.se\\\/#website\"},\"primaryImageOfPage\":{\"@id\":\"https:\\\/\\\/grondalscamping.se\\\/en\\\/contact-us\\\/#primaryimage\"},\"image\":{\"@id\":\"https:\\\/\\\/grondalscamping.se\\\/en\\\/contact-us\\\/#primaryimage\"},\"thumbnailUrl\":\"https:\\\/\\\/grondalscamping.se\\\/wp-content\\\/uploads\\\/2021\\\/09\\\/66grondals-receptionen-med-blomma-scaled.jpg\",\"datePublished\":\"2021-10-13T13:02:16+00:00\",\"dateModified\":\"2026-02-01T09:09:03+00:00\",\"breadcrumb\":{\"@id\":\"https:\\\/\\\/grondalscamping.se\\\/en\\\/contact-us\\\/#breadcrumb\"},\"inLanguage\":\"en-US\",\"potentialAction\":[{\"@type\":\"ReadAction\",\"target\":[\"https:\\\/\\\/grondalscamping.se\\\/en\\\/contact-us\\\/\"]}]},{\"@type\":\"ImageObject\",\"inLanguage\":\"en-US\",\"@id\":\"https:\\\/\\\/grondalscamping.se\\\/en\\\/contact-us\\\/#primaryimage\",\"url\":\"https:\\\/\\\/grondalscamping.se\\\/wp-content\\\/uploads\\\/2021\\\/09\\\/66grondals-receptionen-med-blomma-scaled.jpg\",\"contentUrl\":\"https:\\\/\\\/grondalscamping.se\\\/wp-content\\\/uploads\\\/2021\\\/09\\\/66grondals-receptionen-med-blomma-scaled.jpg\"},{\"@type\":\"BreadcrumbList\",\"@id\":\"https:\\\/\\\/grondalscamping.se\\\/en\\\/contact-us\\\/#breadcrumb\",\"itemListElement\":[{\"@type\":\"ListItem\",\"position\":1,\"name\":\"Hem\",\"item\":\"https:\\\/\\\/grondalscamping.se\\\/en\\\/\"},{\"@type\":\"ListItem\",\"position\":2,\"name\":\"Contact\"}]},{\"@type\":\"WebSite\",\"@id\":\"https:\\\/\\\/grondalscamping.se\\\/#website\",\"url\":\"https:\\\/\\\/grondalscamping.se\\\/\",\"name\":\"Gr\u00f6ndals Camping &amp; Stugor\",\"description\":\"Familjecamping Gr\u00f6ndals camping &amp; stugor som \u00e4r bel\u00e4gen vid havet mitt i K\u00f6pingsvik vid en av \u00d6lands finaste sandstr\u00e4nder.\",\"publisher\":{\"@id\":\"https:\\\/\\\/grondalscamping.se\\\/#organization\"},\"potentialAction\":[{\"@type\":\"SearchAction\",\"target\":{\"@type\":\"EntryPoint\",\"urlTemplate\":\"https:\\\/\\\/grondalscamping.se\\\/?s={search_term_string}\"},\"query-input\":{\"@type\":\"PropertyValueSpecification\",\"valueRequired\":true,\"valueName\":\"search_term_string\"}}],\"inLanguage\":\"en-US\"},{\"@type\":\"Organization\",\"@id\":\"https:\\\/\\\/grondalscamping.se\\\/#organization\",\"name\":\"Gr\u00f6ndals Camping &amp; Stugor\",\"url\":\"https:\\\/\\\/grondalscamping.se\\\/\",\"logo\":{\"@type\":\"ImageObject\",\"inLanguage\":\"en-US\",\"@id\":\"https:\\\/\\\/grondalscamping.se\\\/#\\\/schema\\\/logo\\\/image\\\/\",\"url\":\"https:\\\/\\\/grondalscamping.se\\\/wp-content\\\/uploads\\\/2021\\\/09\\\/only-logo.png\",\"contentUrl\":\"https:\\\/\\\/grondalscamping.se\\\/wp-content\\\/uploads\\\/2021\\\/09\\\/only-logo.png\",\"width\":347,\"height\":147,\"caption\":\"Gr\u00f6ndals Camping &amp; Stugor\"},\"image\":{\"@id\":\"https:\\\/\\\/grondalscamping.se\\\/#\\\/schema\\\/logo\\\/image\\\/\"}}]}<\/script>\n<!-- \/ Yoast SEO plugin. -->","yoast_head_json":{"title":"Contact - Gr\u00f6ndals Camping &amp; Stugor","robots":{"index":"index","follow":"follow","max-snippet":"max-snippet:-1","max-image-preview":"max-image-preview:large","max-video-preview":"max-video-preview:-1"},"canonical":"https:\/\/grondalscamping.se\/en\/contact-us\/","og_locale":"en_US","og_type":"article","og_title":"Contact - Gr\u00f6ndals Camping &amp; Stugor","og_description":"Contact &amp; information","og_url":"https:\/\/grondalscamping.se\/en\/contact-us\/","og_site_name":"Gr\u00f6ndals Camping &amp; Stugor","article_modified_time":"2026-02-01T09:09:03+00:00","og_image":[{"width":1024,"height":683,"url":"https:\/\/grondalscamping.se\/wp-content\/uploads\/2021\/09\/66grondals-receptionen-med-blomma-1024x683.jpg","type":"image\/jpeg"}],"twitter_card":"summary_large_image","twitter_misc":{"Est. reading time":"1 minute"},"schema":{"@context":"https:\/\/schema.org","@graph":[{"@type":"WebPage","@id":"https:\/\/grondalscamping.se\/en\/contact-us\/","url":"https:\/\/grondalscamping.se\/en\/contact-us\/","name":"Contact - Gr\u00f6ndals Camping &amp; Stugor","isPartOf":{"@id":"https:\/\/grondalscamping.se\/#website"},"primaryImageOfPage":{"@id":"https:\/\/grondalscamping.se\/en\/contact-us\/#primaryimage"},"image":{"@id":"https:\/\/grondalscamping.se\/en\/contact-us\/#primaryimage"},"thumbnailUrl":"https:\/\/grondalscamping.se\/wp-content\/uploads\/2021\/09\/66grondals-receptionen-med-blomma-scaled.jpg","datePublished":"2021-10-13T13:02:16+00:00","dateModified":"2026-02-01T09:09:03+00:00","breadcrumb":{"@id":"https:\/\/grondalscamping.se\/en\/contact-us\/#breadcrumb"},"inLanguage":"en-US","potentialAction":[{"@type":"ReadAction","target":["https:\/\/grondalscamping.se\/en\/contact-us\/"]}]},{"@type":"ImageObject","inLanguage":"en-US","@id":"https:\/\/grondalscamping.se\/en\/contact-us\/#primaryimage","url":"https:\/\/grondalscamping.se\/wp-content\/uploads\/2021\/09\/66grondals-receptionen-med-blomma-scaled.jpg","contentUrl":"https:\/\/grondalscamping.se\/wp-content\/uploads\/2021\/09\/66grondals-receptionen-med-blomma-scaled.jpg"},{"@type":"BreadcrumbList","@id":"https:\/\/grondalscamping.se\/en\/contact-us\/#breadcrumb","itemListElement":[{"@type":"ListItem","position":1,"name":"Hem","item":"https:\/\/grondalscamping.se\/en\/"},{"@type":"ListItem","position":2,"name":"Contact"}]},{"@type":"WebSite","@id":"https:\/\/grondalscamping.se\/#website","url":"https:\/\/grondalscamping.se\/","name":"Gr\u00f6ndals Camping &amp; Stugor","description":"Familjecamping Gr\u00f6ndals camping &amp; stugor som \u00e4r bel\u00e4gen vid havet mitt i K\u00f6pingsvik vid en av \u00d6lands finaste sandstr\u00e4nder.","publisher":{"@id":"https:\/\/grondalscamping.se\/#organization"},"potentialAction":[{"@type":"SearchAction","target":{"@type":"EntryPoint","urlTemplate":"https:\/\/grondalscamping.se\/?s={search_term_string}"},"query-input":{"@type":"PropertyValueSpecification","valueRequired":true,"valueName":"search_term_string"}}],"inLanguage":"en-US"},{"@type":"Organization","@id":"https:\/\/grondalscamping.se\/#organization","name":"Gr\u00f6ndals Camping &amp; Stugor","url":"https:\/\/grondalscamping.se\/","logo":{"@type":"ImageObject","inLanguage":"en-US","@id":"https:\/\/grondalscamping.se\/#\/schema\/logo\/image\/","url":"https:\/\/grondalscamping.se\/wp-content\/uploads\/2021\/09\/only-logo.png","contentUrl":"https:\/\/grondalscamping.se\/wp-content\/uploads\/2021\/09\/only-logo.png","width":347,"height":147,"caption":"Gr\u00f6ndals Camping &amp; Stugor"},"image":{"@id":"https:\/\/grondalscamping.se\/#\/schema\/logo\/image\/"}}]}},"_links":{"self":[{"href":"https:\/\/grondalscamping.se\/en\/wp-json\/wp\/v2\/pages\/2309","targetHints":{"allow":["GET"]}}],"collection":[{"href":"https:\/\/grondalscamping.se\/en\/wp-json\/wp\/v2\/pages"}],"about":[{"href":"https:\/\/grondalscamping.se\/en\/wp-json\/wp\/v2\/types\/page"}],"author":[{"embeddable":true,"href":"https:\/\/grondalscamping.se\/en\/wp-json\/wp\/v2\/users\/1"}],"replies":[{"embeddable":true,"href":"https:\/\/grondalscamping.se\/en\/wp-json\/wp\/v2\/comments?post=2309"}],"version-history":[{"count":104,"href":"https:\/\/grondalscamping.se\/en\/wp-json\/wp\/v2\/pages\/2309\/revisions"}],"predecessor-version":[{"id":7485,"href":"https:\/\/grondalscamping.se\/en\/wp-json\/wp\/v2\/pages\/2309\/revisions\/7485"}],"wp:attachment":[{"href":"https:\/\/grondalscamping.se\/en\/wp-json\/wp\/v2\/media?parent=2309"}],"curies":[{"name":"wp","href":"https:\/\/api.w.org\/{rel}","templated":true}]}}