{"id":2307,"date":"2021-10-13T15:01:48","date_gmt":"2021-10-13T13:01:48","guid":{"rendered":"https:\/\/grondalscamping.se\/?page_id=2307"},"modified":"2024-10-31T13:58:32","modified_gmt":"2024-10-31T12:58:32","slug":"history","status":"publish","type":"page","link":"https:\/\/grondalscamping.se\/en\/history\/","title":{"rendered":"History"},"content":{"rendered":"\n<div class=\"wp-block-group alignwide py-2 lg:py-2\"><div class=\"wp-block-group__inner-container is-layout-flow wp-block-group-is-layout-flow\">\n<h1 class=\"wp-block-heading alignwide lg:px-2\">Our history<\/h1>\n\n\n\n<p class=\"has-medium-font-size lg:px-2\"><meta charset=\"utf-8\"><meta charset=\"utf-8\">We are the third generation running this cosy and small family-owned camping.<\/p>\n<\/div><\/div>\n\n\n\n<div class=\"wp-block-cover alignwide is-light\"><span aria-hidden=\"true\" class=\"wp-block-cover__background has-background-dim-10 has-background-dim\"><\/span><img loading=\"lazy\" decoding=\"async\" width=\"1373\" height=\"513\" class=\"wp-block-cover__image-background wp-image-2262\" alt=\"\" src=\"https:\/\/grondalscamping.se\/wp-content\/uploads\/2021\/10\/Historia-Badmode-topp.jpeg\" data-object-fit=\"cover\" srcset=\"https:\/\/grondalscamping.se\/wp-content\/uploads\/2021\/10\/Historia-Badmode-topp.jpeg 1373w, https:\/\/grondalscamping.se\/wp-content\/uploads\/2021\/10\/Historia-Badmode-topp-300x112.jpeg 300w, https:\/\/grondalscamping.se\/wp-content\/uploads\/2021\/10\/Historia-Badmode-topp-1024x383.jpeg 1024w, https:\/\/grondalscamping.se\/wp-content\/uploads\/2021\/10\/Historia-Badmode-topp-768x287.jpeg 768w\" sizes=\"auto, (max-width: 1373px) 100vw, 1373px\" \/><div class=\"wp-block-cover__inner-container is-layout-flow wp-block-cover-is-layout-flow\">\n<p class=\"has-text-align-center has-large-font-size\"><\/p>\n<\/div><\/div>\n\n\n\n<p class=\"mt-2\">Gr\u00f6ndals Camping &amp; Stugor was established in 1962 by Michael\u2019s grandfather John Larsson. John was a farmer, but understood at an early stage that tourism was worth investing in. The cows that had been grazing the coastal meadows were soon replaced by tents and caravans. The former barn from the 1850s was converted into a service building.<\/p>\n\n\n\n<p class=\"\">Michael and Carina, are the third generation to run this camping. The business was in desperate need of renovation when we acquired it, but we saw its potential and possibilities all along. For us it was a rough diamond, perfectly located by the sea in the middle of K\u00f6pingsvik. After many years of hard work and investments we are proud of our camping and to offer you as a guest a high quaility stay.  <\/p>\n\n\n\n<p class=\"\"><strong>Warm welcome to us,<br><\/strong><em>Michael and&nbsp;Carina<\/em><\/p>\n\n\n\n<figure class=\"wp-block-gallery alignwide has-nested-images columns-default is-cropped columns-2 mt-2 wp-block-gallery-1 is-layout-flex wp-block-gallery-is-layout-flex\">\n<figure class=\"wp-block-image size-large\"><img loading=\"lazy\" decoding=\"async\" width=\"1772\" height=\"1160\" data-id=\"2265\" src=\"https:\/\/grondalscamping.se\/wp-content\/uploads\/2021\/10\/Historia-Vagen-mot-Borgholm.jpeg\" alt=\"\" class=\"wp-image-2265\" srcset=\"https:\/\/grondalscamping.se\/wp-content\/uploads\/2021\/10\/Historia-Vagen-mot-Borgholm.jpeg 1772w, https:\/\/grondalscamping.se\/wp-content\/uploads\/2021\/10\/Historia-Vagen-mot-Borgholm-300x196.jpeg 300w, https:\/\/grondalscamping.se\/wp-content\/uploads\/2021\/10\/Historia-Vagen-mot-Borgholm-1024x670.jpeg 1024w, https:\/\/grondalscamping.se\/wp-content\/uploads\/2021\/10\/Historia-Vagen-mot-Borgholm-768x503.jpeg 768w, https:\/\/grondalscamping.se\/wp-content\/uploads\/2021\/10\/Historia-Vagen-mot-Borgholm-1536x1006.jpeg 1536w\" sizes=\"auto, (max-width: 1772px) 100vw, 1772px\" \/><\/figure>\n\n\n\n<figure class=\"wp-block-image size-large\"><img loading=\"lazy\" decoding=\"async\" width=\"1772\" height=\"1046\" data-id=\"2263\" src=\"https:\/\/grondalscamping.se\/wp-content\/uploads\/2021\/10\/Historia-Badnymfer.jpeg\" alt=\"\" class=\"wp-image-2263\" srcset=\"https:\/\/grondalscamping.se\/wp-content\/uploads\/2021\/10\/Historia-Badnymfer.jpeg 1772w, https:\/\/grondalscamping.se\/wp-content\/uploads\/2021\/10\/Historia-Badnymfer-300x177.jpeg 300w, https:\/\/grondalscamping.se\/wp-content\/uploads\/2021\/10\/Historia-Badnymfer-1024x604.jpeg 1024w, https:\/\/grondalscamping.se\/wp-content\/uploads\/2021\/10\/Historia-Badnymfer-768x453.jpeg 768w, https:\/\/grondalscamping.se\/wp-content\/uploads\/2021\/10\/Historia-Badnymfer-1536x907.jpeg 1536w\" sizes=\"auto, (max-width: 1772px) 100vw, 1772px\" \/><\/figure>\n<\/figure>\n\n\n\n<figure class=\"wp-block-image alignwide size-full py-1 md:py-1\"><img loading=\"lazy\" decoding=\"async\" width=\"1024\" height=\"637\" src=\"https:\/\/grondalscamping.se\/wp-content\/uploads\/2021\/12\/Historia-Campingliv-1024x637-1.jpg\" alt=\"\" class=\"wp-image-3694\" srcset=\"https:\/\/grondalscamping.se\/wp-content\/uploads\/2021\/12\/Historia-Campingliv-1024x637-1.jpg 1024w, https:\/\/grondalscamping.se\/wp-content\/uploads\/2021\/12\/Historia-Campingliv-1024x637-1-300x187.jpg 300w, https:\/\/grondalscamping.se\/wp-content\/uploads\/2021\/12\/Historia-Campingliv-1024x637-1-768x478.jpg 768w\" sizes=\"auto, (max-width: 1024px) 100vw, 1024px\" \/><\/figure>\n","protected":false},"excerpt":{"rendered":"<p>Our history We are the third generation running this cosy and small family-owned camping. Gr\u00f6ndals Camping &amp; Stugor was established in 1962 by Michael\u2019s grandfather John Larsson. John was a farmer, but understood at an early stage that tourism was worth investing in. The cows that had been grazing the coastal meadows were soon replaced [&hellip;]<\/p>\n","protected":false},"author":1,"featured_media":0,"parent":0,"menu_order":0,"comment_status":"closed","ping_status":"closed","template":"","meta":{"_acf_changed":false,"northosts_mobile_spacing_top":"theme","northosts_mobile_spacing_bottom":"theme","northosts_desktop_spacing_top":"theme","northosts_desktop_spacing_bottom":"theme","inline_featured_image":false,"footnotes":""},"class_list":["post-2307","page","type-page","status-publish","hentry"],"acf":[],"yoast_head":"<!-- This site is optimized with the Yoast SEO plugin v27.4 - https:\/\/yoast.com\/product\/yoast-seo-wordpress\/ -->\n<title>History - Gr\u00f6ndals Camping &amp; Stugor<\/title>\n<meta name=\"robots\" content=\"index, follow, max-snippet:-1, max-image-preview:large, max-video-preview:-1\" \/>\n<link rel=\"canonical\" href=\"https:\/\/grondalscamping.se\/en\/history\/\" \/>\n<meta property=\"og:locale\" content=\"en_US\" \/>\n<meta property=\"og:type\" content=\"article\" \/>\n<meta property=\"og:title\" content=\"History - Gr\u00f6ndals Camping &amp; Stugor\" \/>\n<meta property=\"og:description\" content=\"Our history We are the third generation running this cosy and small family-owned camping. Gr\u00f6ndals Camping &amp; Stugor was established in 1962 by Michael\u2019s grandfather John Larsson. John was a farmer, but understood at an early stage that tourism was worth investing in. The cows that had been grazing the coastal meadows were soon replaced [&hellip;]\" \/>\n<meta property=\"og:url\" content=\"https:\/\/grondalscamping.se\/en\/history\/\" \/>\n<meta property=\"og:site_name\" content=\"Gr\u00f6ndals Camping &amp; Stugor\" \/>\n<meta property=\"article:modified_time\" content=\"2024-10-31T12:58:32+00:00\" \/>\n<meta property=\"og:image\" content=\"https:\/\/grondalscamping.se\/wp-content\/uploads\/2021\/10\/Historia-Badmode-topp-1024x383.jpeg\" \/>\n\t<meta property=\"og:image:width\" content=\"1024\" \/>\n\t<meta property=\"og:image:height\" content=\"383\" \/>\n\t<meta property=\"og:image:type\" content=\"image\/jpeg\" \/>\n<meta name=\"twitter:card\" content=\"summary_large_image\" \/>\n<meta name=\"twitter:label1\" content=\"Est. reading time\" \/>\n\t<meta name=\"twitter:data1\" content=\"2 minutes\" \/>\n<script type=\"application\/ld+json\" class=\"yoast-schema-graph\">{\"@context\":\"https:\\\/\\\/schema.org\",\"@graph\":[{\"@type\":\"WebPage\",\"@id\":\"https:\\\/\\\/grondalscamping.se\\\/en\\\/history\\\/\",\"url\":\"https:\\\/\\\/grondalscamping.se\\\/en\\\/history\\\/\",\"name\":\"History - Gr\u00f6ndals Camping &amp; Stugor\",\"isPartOf\":{\"@id\":\"https:\\\/\\\/grondalscamping.se\\\/#website\"},\"primaryImageOfPage\":{\"@id\":\"https:\\\/\\\/grondalscamping.se\\\/en\\\/history\\\/#primaryimage\"},\"image\":{\"@id\":\"https:\\\/\\\/grondalscamping.se\\\/en\\\/history\\\/#primaryimage\"},\"thumbnailUrl\":\"https:\\\/\\\/grondalscamping.se\\\/wp-content\\\/uploads\\\/2021\\\/10\\\/Historia-Badmode-topp.jpeg\",\"datePublished\":\"2021-10-13T13:01:48+00:00\",\"dateModified\":\"2024-10-31T12:58:32+00:00\",\"breadcrumb\":{\"@id\":\"https:\\\/\\\/grondalscamping.se\\\/en\\\/history\\\/#breadcrumb\"},\"inLanguage\":\"en-US\",\"potentialAction\":[{\"@type\":\"ReadAction\",\"target\":[\"https:\\\/\\\/grondalscamping.se\\\/en\\\/history\\\/\"]}]},{\"@type\":\"ImageObject\",\"inLanguage\":\"en-US\",\"@id\":\"https:\\\/\\\/grondalscamping.se\\\/en\\\/history\\\/#primaryimage\",\"url\":\"https:\\\/\\\/grondalscamping.se\\\/wp-content\\\/uploads\\\/2021\\\/10\\\/Historia-Badmode-topp.jpeg\",\"contentUrl\":\"https:\\\/\\\/grondalscamping.se\\\/wp-content\\\/uploads\\\/2021\\\/10\\\/Historia-Badmode-topp.jpeg\"},{\"@type\":\"BreadcrumbList\",\"@id\":\"https:\\\/\\\/grondalscamping.se\\\/en\\\/history\\\/#breadcrumb\",\"itemListElement\":[{\"@type\":\"ListItem\",\"position\":1,\"name\":\"Hem\",\"item\":\"https:\\\/\\\/grondalscamping.se\\\/en\\\/\"},{\"@type\":\"ListItem\",\"position\":2,\"name\":\"History\"}]},{\"@type\":\"WebSite\",\"@id\":\"https:\\\/\\\/grondalscamping.se\\\/#website\",\"url\":\"https:\\\/\\\/grondalscamping.se\\\/\",\"name\":\"Gr\u00f6ndals Camping &amp; Stugor\",\"description\":\"Familjecamping Gr\u00f6ndals camping &amp; stugor som \u00e4r bel\u00e4gen vid havet mitt i K\u00f6pingsvik vid en av \u00d6lands finaste sandstr\u00e4nder.\",\"publisher\":{\"@id\":\"https:\\\/\\\/grondalscamping.se\\\/#organization\"},\"potentialAction\":[{\"@type\":\"SearchAction\",\"target\":{\"@type\":\"EntryPoint\",\"urlTemplate\":\"https:\\\/\\\/grondalscamping.se\\\/?s={search_term_string}\"},\"query-input\":{\"@type\":\"PropertyValueSpecification\",\"valueRequired\":true,\"valueName\":\"search_term_string\"}}],\"inLanguage\":\"en-US\"},{\"@type\":\"Organization\",\"@id\":\"https:\\\/\\\/grondalscamping.se\\\/#organization\",\"name\":\"Gr\u00f6ndals Camping &amp; Stugor\",\"url\":\"https:\\\/\\\/grondalscamping.se\\\/\",\"logo\":{\"@type\":\"ImageObject\",\"inLanguage\":\"en-US\",\"@id\":\"https:\\\/\\\/grondalscamping.se\\\/#\\\/schema\\\/logo\\\/image\\\/\",\"url\":\"https:\\\/\\\/grondalscamping.se\\\/wp-content\\\/uploads\\\/2021\\\/09\\\/only-logo.png\",\"contentUrl\":\"https:\\\/\\\/grondalscamping.se\\\/wp-content\\\/uploads\\\/2021\\\/09\\\/only-logo.png\",\"width\":347,\"height\":147,\"caption\":\"Gr\u00f6ndals Camping &amp; Stugor\"},\"image\":{\"@id\":\"https:\\\/\\\/grondalscamping.se\\\/#\\\/schema\\\/logo\\\/image\\\/\"}}]}<\/script>\n<!-- \/ Yoast SEO plugin. -->","yoast_head_json":{"title":"History - Gr\u00f6ndals Camping &amp; Stugor","robots":{"index":"index","follow":"follow","max-snippet":"max-snippet:-1","max-image-preview":"max-image-preview:large","max-video-preview":"max-video-preview:-1"},"canonical":"https:\/\/grondalscamping.se\/en\/history\/","og_locale":"en_US","og_type":"article","og_title":"History - Gr\u00f6ndals Camping &amp; Stugor","og_description":"Our history We are the third generation running this cosy and small family-owned camping. Gr\u00f6ndals Camping &amp; Stugor was established in 1962 by Michael\u2019s grandfather John Larsson. John was a farmer, but understood at an early stage that tourism was worth investing in. The cows that had been grazing the coastal meadows were soon replaced [&hellip;]","og_url":"https:\/\/grondalscamping.se\/en\/history\/","og_site_name":"Gr\u00f6ndals Camping &amp; Stugor","article_modified_time":"2024-10-31T12:58:32+00:00","og_image":[{"width":1024,"height":383,"url":"https:\/\/grondalscamping.se\/wp-content\/uploads\/2021\/10\/Historia-Badmode-topp-1024x383.jpeg","type":"image\/jpeg"}],"twitter_card":"summary_large_image","twitter_misc":{"Est. reading time":"2 minutes"},"schema":{"@context":"https:\/\/schema.org","@graph":[{"@type":"WebPage","@id":"https:\/\/grondalscamping.se\/en\/history\/","url":"https:\/\/grondalscamping.se\/en\/history\/","name":"History - Gr\u00f6ndals Camping &amp; Stugor","isPartOf":{"@id":"https:\/\/grondalscamping.se\/#website"},"primaryImageOfPage":{"@id":"https:\/\/grondalscamping.se\/en\/history\/#primaryimage"},"image":{"@id":"https:\/\/grondalscamping.se\/en\/history\/#primaryimage"},"thumbnailUrl":"https:\/\/grondalscamping.se\/wp-content\/uploads\/2021\/10\/Historia-Badmode-topp.jpeg","datePublished":"2021-10-13T13:01:48+00:00","dateModified":"2024-10-31T12:58:32+00:00","breadcrumb":{"@id":"https:\/\/grondalscamping.se\/en\/history\/#breadcrumb"},"inLanguage":"en-US","potentialAction":[{"@type":"ReadAction","target":["https:\/\/grondalscamping.se\/en\/history\/"]}]},{"@type":"ImageObject","inLanguage":"en-US","@id":"https:\/\/grondalscamping.se\/en\/history\/#primaryimage","url":"https:\/\/grondalscamping.se\/wp-content\/uploads\/2021\/10\/Historia-Badmode-topp.jpeg","contentUrl":"https:\/\/grondalscamping.se\/wp-content\/uploads\/2021\/10\/Historia-Badmode-topp.jpeg"},{"@type":"BreadcrumbList","@id":"https:\/\/grondalscamping.se\/en\/history\/#breadcrumb","itemListElement":[{"@type":"ListItem","position":1,"name":"Hem","item":"https:\/\/grondalscamping.se\/en\/"},{"@type":"ListItem","position":2,"name":"History"}]},{"@type":"WebSite","@id":"https:\/\/grondalscamping.se\/#website","url":"https:\/\/grondalscamping.se\/","name":"Gr\u00f6ndals Camping &amp; Stugor","description":"Familjecamping Gr\u00f6ndals camping &amp; stugor som \u00e4r bel\u00e4gen vid havet mitt i K\u00f6pingsvik vid en av \u00d6lands finaste sandstr\u00e4nder.","publisher":{"@id":"https:\/\/grondalscamping.se\/#organization"},"potentialAction":[{"@type":"SearchAction","target":{"@type":"EntryPoint","urlTemplate":"https:\/\/grondalscamping.se\/?s={search_term_string}"},"query-input":{"@type":"PropertyValueSpecification","valueRequired":true,"valueName":"search_term_string"}}],"inLanguage":"en-US"},{"@type":"Organization","@id":"https:\/\/grondalscamping.se\/#organization","name":"Gr\u00f6ndals Camping &amp; Stugor","url":"https:\/\/grondalscamping.se\/","logo":{"@type":"ImageObject","inLanguage":"en-US","@id":"https:\/\/grondalscamping.se\/#\/schema\/logo\/image\/","url":"https:\/\/grondalscamping.se\/wp-content\/uploads\/2021\/09\/only-logo.png","contentUrl":"https:\/\/grondalscamping.se\/wp-content\/uploads\/2021\/09\/only-logo.png","width":347,"height":147,"caption":"Gr\u00f6ndals Camping &amp; Stugor"},"image":{"@id":"https:\/\/grondalscamping.se\/#\/schema\/logo\/image\/"}}]}},"_links":{"self":[{"href":"https:\/\/grondalscamping.se\/en\/wp-json\/wp\/v2\/pages\/2307","targetHints":{"allow":["GET"]}}],"collection":[{"href":"https:\/\/grondalscamping.se\/en\/wp-json\/wp\/v2\/pages"}],"about":[{"href":"https:\/\/grondalscamping.se\/en\/wp-json\/wp\/v2\/types\/page"}],"author":[{"embeddable":true,"href":"https:\/\/grondalscamping.se\/en\/wp-json\/wp\/v2\/users\/1"}],"replies":[{"embeddable":true,"href":"https:\/\/grondalscamping.se\/en\/wp-json\/wp\/v2\/comments?post=2307"}],"version-history":[{"count":31,"href":"https:\/\/grondalscamping.se\/en\/wp-json\/wp\/v2\/pages\/2307\/revisions"}],"predecessor-version":[{"id":6582,"href":"https:\/\/grondalscamping.se\/en\/wp-json\/wp\/v2\/pages\/2307\/revisions\/6582"}],"wp:attachment":[{"href":"https:\/\/grondalscamping.se\/en\/wp-json\/wp\/v2\/media?parent=2307"}],"curies":[{"name":"wp","href":"https:\/\/api.w.org\/{rel}","templated":true}]}}