{"id":2303,"date":"2021-10-13T15:00:21","date_gmt":"2021-10-13T13:00:21","guid":{"rendered":"https:\/\/grondalscamping.se\/?page_id=2303"},"modified":"2024-11-12T10:33:11","modified_gmt":"2024-11-12T09:33:11","slug":"service-building","status":"publish","type":"page","link":"https:\/\/grondalscamping.se\/en\/camping\/service-building\/","title":{"rendered":"Service building"},"content":{"rendered":"\n<div class=\"wp-block-group alignwide py-2 lg:py-2\"><div class=\"wp-block-group__inner-container is-layout-flow wp-block-group-is-layout-flow\">\n<h1 class=\"wp-block-heading alignwide lg:px-2\">Service buildings with hotel standard<\/h1>\n\n\n\n<p class=\"has-medium-font-size lg:px-2\"><meta charset=\"utf-8\"><\/meta><meta charset=\"utf-8\"><\/meta>There are two service buildings with showers, toilets and other facilities, ensuring that you are never far from our services.<\/p>\n<\/div><\/div>\n\n\n\n<div class=\"wp-block-cover alignfull\" style=\"min-height:425px;aspect-ratio:unset;\"><span aria-hidden=\"true\" class=\"wp-block-cover__background has-background-dim-0 has-background-dim\"><\/span><img loading=\"lazy\" decoding=\"async\" width=\"2000\" height=\"1333\" class=\"wp-block-cover__image-background wp-image-5279\" alt=\"\" src=\"https:\/\/grondalscamping.se\/wp-content\/uploads\/2023\/06\/servichuset-kok.jpg\" data-object-fit=\"cover\" srcset=\"https:\/\/grondalscamping.se\/wp-content\/uploads\/2023\/06\/servichuset-kok.jpg 2000w, https:\/\/grondalscamping.se\/wp-content\/uploads\/2023\/06\/servichuset-kok-300x200.jpg 300w, https:\/\/grondalscamping.se\/wp-content\/uploads\/2023\/06\/servichuset-kok-1024x682.jpg 1024w, https:\/\/grondalscamping.se\/wp-content\/uploads\/2023\/06\/servichuset-kok-768x512.jpg 768w, https:\/\/grondalscamping.se\/wp-content\/uploads\/2023\/06\/servichuset-kok-1536x1024.jpg 1536w\" sizes=\"auto, (max-width: 2000px) 100vw, 2000px\" \/><div class=\"wp-block-cover__inner-container is-layout-flow wp-block-cover-is-layout-flow\">\n<p class=\"has-text-align-center has-large-font-size\"><\/p>\n<\/div><\/div>\n\n\n\n<div class=\"wp-block-group alignfull has-background mt-0 py-1 lg:py-4 px-1 lg:px-4\" style=\"background-color:#f4eeeb\"><div class=\"wp-block-group__inner-container is-layout-constrained wp-block-group-is-layout-constrained\">\n<div class=\"wp-block-media-text has-media-on-the-right is-stacked-on-mobile is-image-fill mt-0 has-white-background-color has-background\" style=\"grid-template-columns:auto 53%\"><div class=\"wp-block-media-text__content\">\n<div class=\"wp-block-group py-1 lg:py-3\"><div class=\"wp-block-group__inner-container is-layout-constrained wp-block-group-is-layout-constrained\">\n<h3 class=\"wp-block-heading has-text-align-left\" id=\"havsbad-med-sand-mellan-tarna\">Two\u00a0modern service buildings<\/h3>\n\n\n\n<p class=\"\">Soap, hand sanitizer, paper towels and hair dryer are available in the service buildings for your comfort as our guests.<\/p>\n\n\n\n<p class=\"\">We like flowers and often decorate the facilites after the seasons.<\/p>\n\n\n\n<p class=\"\">One of our service building in an old barn from the middle of the 19th century that we have rebuilt to a modern facility but with the old charm well preserved. The barn has a ceiling height of 6 meters and in decorated with historical photos from K\u00f6pingsvik. <\/p>\n\n\n\n<p class=\"\">Next to the beach, you find the second service building with family showers, nursery-room, pet shower, TV, dining area and fully equipped kitchen with a dishwasher. <\/p>\n<\/div><\/div>\n<\/div><figure class=\"wp-block-media-text__media\" style=\"background-image:url(https:\/\/grondalscamping.se\/wp-content\/uploads\/2021\/09\/56grondals.servicehus-a-toalett-dusch-1024x683.jpg);background-position:42% 60%\"><img loading=\"lazy\" decoding=\"async\" width=\"1024\" height=\"683\" src=\"https:\/\/grondalscamping.se\/wp-content\/uploads\/2021\/09\/56grondals.servicehus-a-toalett-dusch-1024x683.jpg\" alt=\"\" class=\"wp-image-1409 size-full\" srcset=\"https:\/\/grondalscamping.se\/wp-content\/uploads\/2021\/09\/56grondals.servicehus-a-toalett-dusch-1024x683.jpg 1024w, https:\/\/grondalscamping.se\/wp-content\/uploads\/2021\/09\/56grondals.servicehus-a-toalett-dusch-300x200.jpg 300w, https:\/\/grondalscamping.se\/wp-content\/uploads\/2021\/09\/56grondals.servicehus-a-toalett-dusch-768x512.jpg 768w, https:\/\/grondalscamping.se\/wp-content\/uploads\/2021\/09\/56grondals.servicehus-a-toalett-dusch-1536x1024.jpg 1536w, https:\/\/grondalscamping.se\/wp-content\/uploads\/2021\/09\/56grondals.servicehus-a-toalett-dusch-2048x1365.jpg 2048w\" sizes=\"auto, (max-width: 1024px) 100vw, 1024px\" \/><\/figure><\/div>\n<\/div><\/div>\n\n\n\n<div class=\"wp-block-group alignwide mt-1 lg:mt-3\"><div class=\"wp-block-group__inner-container is-layout-constrained wp-block-group-is-layout-constrained\">\n<figure class=\"wp-block-gallery alignwide has-nested-images columns-default is-cropped wp-block-gallery-1 is-layout-flex wp-block-gallery-is-layout-flex\">\n<figure class=\"wp-block-image size-large\"><img loading=\"lazy\" decoding=\"async\" width=\"1024\" height=\"683\" data-id=\"1393\" src=\"https:\/\/grondalscamping.se\/wp-content\/uploads\/2021\/09\/48grondals-serviechus-a-tvattstall-1024x683.jpg\" alt=\"\" class=\"wp-image-1393\" srcset=\"https:\/\/grondalscamping.se\/wp-content\/uploads\/2021\/09\/48grondals-serviechus-a-tvattstall-1024x683.jpg 1024w, https:\/\/grondalscamping.se\/wp-content\/uploads\/2021\/09\/48grondals-serviechus-a-tvattstall-300x200.jpg 300w, https:\/\/grondalscamping.se\/wp-content\/uploads\/2021\/09\/48grondals-serviechus-a-tvattstall-768x512.jpg 768w, https:\/\/grondalscamping.se\/wp-content\/uploads\/2021\/09\/48grondals-serviechus-a-tvattstall-1536x1024.jpg 1536w, https:\/\/grondalscamping.se\/wp-content\/uploads\/2021\/09\/48grondals-serviechus-a-tvattstall-2048x1365.jpg 2048w\" sizes=\"auto, (max-width: 1024px) 100vw, 1024px\" \/><\/figure>\n\n\n\n<figure class=\"wp-block-image size-large\"><img loading=\"lazy\" decoding=\"async\" width=\"1024\" height=\"683\" data-id=\"1407\" src=\"https:\/\/grondalscamping.se\/wp-content\/uploads\/2021\/09\/55grondals-servicehus-a-tvattrum-1024x683.jpg\" alt=\"\" class=\"wp-image-1407\" srcset=\"https:\/\/grondalscamping.se\/wp-content\/uploads\/2021\/09\/55grondals-servicehus-a-tvattrum-1024x683.jpg 1024w, https:\/\/grondalscamping.se\/wp-content\/uploads\/2021\/09\/55grondals-servicehus-a-tvattrum-300x200.jpg 300w, https:\/\/grondalscamping.se\/wp-content\/uploads\/2021\/09\/55grondals-servicehus-a-tvattrum-768x512.jpg 768w, https:\/\/grondalscamping.se\/wp-content\/uploads\/2021\/09\/55grondals-servicehus-a-tvattrum-1536x1024.jpg 1536w, https:\/\/grondalscamping.se\/wp-content\/uploads\/2021\/09\/55grondals-servicehus-a-tvattrum-2048x1365.jpg 2048w\" sizes=\"auto, (max-width: 1024px) 100vw, 1024px\" \/><\/figure>\n\n\n\n<figure class=\"wp-block-image size-large\"><img loading=\"lazy\" decoding=\"async\" width=\"1024\" height=\"775\" data-id=\"6453\" src=\"https:\/\/grondalscamping.se\/wp-content\/uploads\/2024\/10\/servicehus-vagghangda-toaletter-grondals-1024x775.jpg\" alt=\"\" class=\"wp-image-6453\" srcset=\"https:\/\/grondalscamping.se\/wp-content\/uploads\/2024\/10\/servicehus-vagghangda-toaletter-grondals-1024x775.jpg 1024w, https:\/\/grondalscamping.se\/wp-content\/uploads\/2024\/10\/servicehus-vagghangda-toaletter-grondals-300x227.jpg 300w, https:\/\/grondalscamping.se\/wp-content\/uploads\/2024\/10\/servicehus-vagghangda-toaletter-grondals-768x581.jpg 768w, https:\/\/grondalscamping.se\/wp-content\/uploads\/2024\/10\/servicehus-vagghangda-toaletter-grondals.jpg 1400w\" sizes=\"auto, (max-width: 1024px) 100vw, 1024px\" \/><\/figure>\n\n\n\n<figure class=\"wp-block-image size-large\"><img loading=\"lazy\" decoding=\"async\" width=\"1024\" height=\"683\" data-id=\"1453\" src=\"https:\/\/grondalscamping.se\/wp-content\/uploads\/2021\/09\/101grondals-servicehus-a-utsidan-1024x683.jpg\" alt=\"\" class=\"wp-image-1453\" srcset=\"https:\/\/grondalscamping.se\/wp-content\/uploads\/2021\/09\/101grondals-servicehus-a-utsidan-1024x683.jpg 1024w, https:\/\/grondalscamping.se\/wp-content\/uploads\/2021\/09\/101grondals-servicehus-a-utsidan-300x200.jpg 300w, https:\/\/grondalscamping.se\/wp-content\/uploads\/2021\/09\/101grondals-servicehus-a-utsidan-768x512.jpg 768w, https:\/\/grondalscamping.se\/wp-content\/uploads\/2021\/09\/101grondals-servicehus-a-utsidan-1536x1024.jpg 1536w, https:\/\/grondalscamping.se\/wp-content\/uploads\/2021\/09\/101grondals-servicehus-a-utsidan-2048x1365.jpg 2048w\" sizes=\"auto, (max-width: 1024px) 100vw, 1024px\" \/><\/figure>\n\n\n\n<figure class=\"wp-block-image size-large\"><img loading=\"lazy\" decoding=\"async\" width=\"1024\" height=\"682\" data-id=\"6335\" src=\"https:\/\/grondalscamping.se\/wp-content\/uploads\/2024\/10\/Grondal_17_hunddusch_oland-1024x682.jpg\" alt=\"\" class=\"wp-image-6335\" srcset=\"https:\/\/grondalscamping.se\/wp-content\/uploads\/2024\/10\/Grondal_17_hunddusch_oland-1024x682.jpg 1024w, https:\/\/grondalscamping.se\/wp-content\/uploads\/2024\/10\/Grondal_17_hunddusch_oland-300x200.jpg 300w, https:\/\/grondalscamping.se\/wp-content\/uploads\/2024\/10\/Grondal_17_hunddusch_oland-768x512.jpg 768w, https:\/\/grondalscamping.se\/wp-content\/uploads\/2024\/10\/Grondal_17_hunddusch_oland-1536x1024.jpg 1536w, https:\/\/grondalscamping.se\/wp-content\/uploads\/2024\/10\/Grondal_17_hunddusch_oland-2048x1365.jpg 2048w\" sizes=\"auto, (max-width: 1024px) 100vw, 1024px\" \/><\/figure>\n\n\n\n<figure class=\"wp-block-image size-large\"><img loading=\"lazy\" decoding=\"async\" width=\"1024\" height=\"683\" data-id=\"1405\" src=\"https:\/\/grondalscamping.se\/wp-content\/uploads\/2021\/09\/54grondals-serviehus-c-tvattstuga-1024x683.jpg\" alt=\"\" class=\"wp-image-1405\" srcset=\"https:\/\/grondalscamping.se\/wp-content\/uploads\/2021\/09\/54grondals-serviehus-c-tvattstuga-1024x683.jpg 1024w, https:\/\/grondalscamping.se\/wp-content\/uploads\/2021\/09\/54grondals-serviehus-c-tvattstuga-300x200.jpg 300w, https:\/\/grondalscamping.se\/wp-content\/uploads\/2021\/09\/54grondals-serviehus-c-tvattstuga-768x512.jpg 768w, https:\/\/grondalscamping.se\/wp-content\/uploads\/2021\/09\/54grondals-serviehus-c-tvattstuga-1536x1024.jpg 1536w, https:\/\/grondalscamping.se\/wp-content\/uploads\/2021\/09\/54grondals-serviehus-c-tvattstuga-2048x1365.jpg 2048w\" sizes=\"auto, (max-width: 1024px) 100vw, 1024px\" \/><\/figure>\n\n\n\n<figure class=\"wp-block-image size-large\"><img loading=\"lazy\" decoding=\"async\" width=\"1024\" height=\"682\" data-id=\"6314\" src=\"https:\/\/grondalscamping.se\/wp-content\/uploads\/2024\/10\/Grondal_8_babybadkar_skotrum_grondals-1024x682.jpg\" alt=\"\" class=\"wp-image-6314\" srcset=\"https:\/\/grondalscamping.se\/wp-content\/uploads\/2024\/10\/Grondal_8_babybadkar_skotrum_grondals-1024x682.jpg 1024w, https:\/\/grondalscamping.se\/wp-content\/uploads\/2024\/10\/Grondal_8_babybadkar_skotrum_grondals-300x200.jpg 300w, https:\/\/grondalscamping.se\/wp-content\/uploads\/2024\/10\/Grondal_8_babybadkar_skotrum_grondals-768x512.jpg 768w, https:\/\/grondalscamping.se\/wp-content\/uploads\/2024\/10\/Grondal_8_babybadkar_skotrum_grondals-1536x1024.jpg 1536w, https:\/\/grondalscamping.se\/wp-content\/uploads\/2024\/10\/Grondal_8_babybadkar_skotrum_grondals.jpg 2000w\" sizes=\"auto, (max-width: 1024px) 100vw, 1024px\" \/><\/figure>\n\n\n\n<figure class=\"wp-block-image size-large\"><img loading=\"lazy\" decoding=\"async\" width=\"1024\" height=\"683\" data-id=\"6320\" src=\"https:\/\/grondalscamping.se\/wp-content\/uploads\/2024\/10\/Grondal_14_servicehus_ugn-1024x683.jpg\" alt=\"\" class=\"wp-image-6320\" srcset=\"https:\/\/grondalscamping.se\/wp-content\/uploads\/2024\/10\/Grondal_14_servicehus_ugn-1024x683.jpg 1024w, https:\/\/grondalscamping.se\/wp-content\/uploads\/2024\/10\/Grondal_14_servicehus_ugn-300x200.jpg 300w, https:\/\/grondalscamping.se\/wp-content\/uploads\/2024\/10\/Grondal_14_servicehus_ugn-768x512.jpg 768w, https:\/\/grondalscamping.se\/wp-content\/uploads\/2024\/10\/Grondal_14_servicehus_ugn-1536x1025.jpg 1536w, https:\/\/grondalscamping.se\/wp-content\/uploads\/2024\/10\/Grondal_14_servicehus_ugn.jpg 2000w\" sizes=\"auto, (max-width: 1024px) 100vw, 1024px\" \/><\/figure>\n\n\n\n<figure class=\"wp-block-image size-large\"><img loading=\"lazy\" decoding=\"async\" width=\"1024\" height=\"682\" data-id=\"6332\" src=\"https:\/\/grondalscamping.se\/wp-content\/uploads\/2024\/10\/Grondal_15_servicehus_spis-1024x682.jpg\" alt=\"\" class=\"wp-image-6332\" srcset=\"https:\/\/grondalscamping.se\/wp-content\/uploads\/2024\/10\/Grondal_15_servicehus_spis-1024x682.jpg 1024w, https:\/\/grondalscamping.se\/wp-content\/uploads\/2024\/10\/Grondal_15_servicehus_spis-300x200.jpg 300w, https:\/\/grondalscamping.se\/wp-content\/uploads\/2024\/10\/Grondal_15_servicehus_spis-768x512.jpg 768w, https:\/\/grondalscamping.se\/wp-content\/uploads\/2024\/10\/Grondal_15_servicehus_spis-1536x1024.jpg 1536w, https:\/\/grondalscamping.se\/wp-content\/uploads\/2024\/10\/Grondal_15_servicehus_spis-2048x1365.jpg 2048w\" sizes=\"auto, (max-width: 1024px) 100vw, 1024px\" \/><\/figure>\n<\/figure>\n<\/div><\/div>\n\n\n\n<div style=\"height:40px\" aria-hidden=\"true\" class=\"wp-block-spacer\"><\/div>\n","protected":false},"excerpt":{"rendered":"<p>Service buildings with hotel standard There are two service buildings with showers, toilets and other facilities, ensuring that you are never far from our services. Two\u00a0modern service buildings Soap, hand sanitizer, paper towels and hair dryer are available in the service buildings for your comfort as our guests. We like flowers and often decorate the [&hellip;]<\/p>\n","protected":false},"author":1,"featured_media":0,"parent":2270,"menu_order":0,"comment_status":"closed","ping_status":"closed","template":"","meta":{"_acf_changed":false,"northosts_mobile_spacing_top":"theme","northosts_mobile_spacing_bottom":"theme","northosts_desktop_spacing_top":"theme","northosts_desktop_spacing_bottom":"theme","inline_featured_image":false,"footnotes":""},"class_list":["post-2303","page","type-page","status-publish","hentry"],"acf":[],"yoast_head":"<!-- This site is optimized with the Yoast SEO plugin v27.4 - https:\/\/yoast.com\/product\/yoast-seo-wordpress\/ -->\n<title>Service building - Gr\u00f6ndals Camping &amp; Stugor<\/title>\n<meta name=\"robots\" content=\"index, follow, max-snippet:-1, max-image-preview:large, max-video-preview:-1\" \/>\n<link rel=\"canonical\" href=\"https:\/\/grondalscamping.se\/en\/camping\/service-building\/\" \/>\n<meta property=\"og:locale\" content=\"en_US\" \/>\n<meta property=\"og:type\" content=\"article\" \/>\n<meta property=\"og:title\" content=\"Service building - Gr\u00f6ndals Camping &amp; Stugor\" \/>\n<meta property=\"og:description\" content=\"Service buildings with hotel standard There are two service buildings with showers, toilets and other facilities, ensuring that you are never far from our services. Two\u00a0modern service buildings Soap, hand sanitizer, paper towels and hair dryer are available in the service buildings for your comfort as our guests. We like flowers and often decorate the [&hellip;]\" \/>\n<meta property=\"og:url\" content=\"https:\/\/grondalscamping.se\/en\/camping\/service-building\/\" \/>\n<meta property=\"og:site_name\" content=\"Gr\u00f6ndals Camping &amp; Stugor\" \/>\n<meta property=\"article:modified_time\" content=\"2024-11-12T09:33:11+00:00\" \/>\n<meta property=\"og:image\" content=\"https:\/\/grondalscamping.se\/wp-content\/uploads\/2023\/06\/servichuset-kok-1024x682.jpg\" \/>\n\t<meta property=\"og:image:width\" content=\"1024\" \/>\n\t<meta property=\"og:image:height\" content=\"682\" \/>\n\t<meta property=\"og:image:type\" content=\"image\/jpeg\" \/>\n<meta name=\"twitter:card\" content=\"summary_large_image\" \/>\n<meta name=\"twitter:label1\" content=\"Est. reading time\" \/>\n\t<meta name=\"twitter:data1\" content=\"3 minutes\" \/>\n<script type=\"application\/ld+json\" class=\"yoast-schema-graph\">{\"@context\":\"https:\\\/\\\/schema.org\",\"@graph\":[{\"@type\":\"WebPage\",\"@id\":\"https:\\\/\\\/grondalscamping.se\\\/en\\\/camping\\\/service-building\\\/\",\"url\":\"https:\\\/\\\/grondalscamping.se\\\/en\\\/camping\\\/service-building\\\/\",\"name\":\"Service building - Gr\u00f6ndals Camping &amp; Stugor\",\"isPartOf\":{\"@id\":\"https:\\\/\\\/grondalscamping.se\\\/#website\"},\"primaryImageOfPage\":{\"@id\":\"https:\\\/\\\/grondalscamping.se\\\/en\\\/camping\\\/service-building\\\/#primaryimage\"},\"image\":{\"@id\":\"https:\\\/\\\/grondalscamping.se\\\/en\\\/camping\\\/service-building\\\/#primaryimage\"},\"thumbnailUrl\":\"https:\\\/\\\/grondalscamping.se\\\/wp-content\\\/uploads\\\/2023\\\/06\\\/servichuset-kok.jpg\",\"datePublished\":\"2021-10-13T13:00:21+00:00\",\"dateModified\":\"2024-11-12T09:33:11+00:00\",\"breadcrumb\":{\"@id\":\"https:\\\/\\\/grondalscamping.se\\\/en\\\/camping\\\/service-building\\\/#breadcrumb\"},\"inLanguage\":\"en-US\",\"potentialAction\":[{\"@type\":\"ReadAction\",\"target\":[\"https:\\\/\\\/grondalscamping.se\\\/en\\\/camping\\\/service-building\\\/\"]}]},{\"@type\":\"ImageObject\",\"inLanguage\":\"en-US\",\"@id\":\"https:\\\/\\\/grondalscamping.se\\\/en\\\/camping\\\/service-building\\\/#primaryimage\",\"url\":\"https:\\\/\\\/grondalscamping.se\\\/wp-content\\\/uploads\\\/2023\\\/06\\\/servichuset-kok.jpg\",\"contentUrl\":\"https:\\\/\\\/grondalscamping.se\\\/wp-content\\\/uploads\\\/2023\\\/06\\\/servichuset-kok.jpg\"},{\"@type\":\"BreadcrumbList\",\"@id\":\"https:\\\/\\\/grondalscamping.se\\\/en\\\/camping\\\/service-building\\\/#breadcrumb\",\"itemListElement\":[{\"@type\":\"ListItem\",\"position\":1,\"name\":\"Hem\",\"item\":\"https:\\\/\\\/grondalscamping.se\\\/en\\\/\"},{\"@type\":\"ListItem\",\"position\":2,\"name\":\"Camping\",\"item\":\"https:\\\/\\\/grondalscamping.se\\\/en\\\/camping\\\/\"},{\"@type\":\"ListItem\",\"position\":3,\"name\":\"Service building\"}]},{\"@type\":\"WebSite\",\"@id\":\"https:\\\/\\\/grondalscamping.se\\\/#website\",\"url\":\"https:\\\/\\\/grondalscamping.se\\\/\",\"name\":\"Gr\u00f6ndals Camping &amp; Stugor\",\"description\":\"Familjecamping Gr\u00f6ndals camping &amp; stugor som \u00e4r bel\u00e4gen vid havet mitt i K\u00f6pingsvik vid en av \u00d6lands finaste sandstr\u00e4nder.\",\"publisher\":{\"@id\":\"https:\\\/\\\/grondalscamping.se\\\/#organization\"},\"potentialAction\":[{\"@type\":\"SearchAction\",\"target\":{\"@type\":\"EntryPoint\",\"urlTemplate\":\"https:\\\/\\\/grondalscamping.se\\\/?s={search_term_string}\"},\"query-input\":{\"@type\":\"PropertyValueSpecification\",\"valueRequired\":true,\"valueName\":\"search_term_string\"}}],\"inLanguage\":\"en-US\"},{\"@type\":\"Organization\",\"@id\":\"https:\\\/\\\/grondalscamping.se\\\/#organization\",\"name\":\"Gr\u00f6ndals Camping &amp; Stugor\",\"url\":\"https:\\\/\\\/grondalscamping.se\\\/\",\"logo\":{\"@type\":\"ImageObject\",\"inLanguage\":\"en-US\",\"@id\":\"https:\\\/\\\/grondalscamping.se\\\/#\\\/schema\\\/logo\\\/image\\\/\",\"url\":\"https:\\\/\\\/grondalscamping.se\\\/wp-content\\\/uploads\\\/2021\\\/09\\\/only-logo.png\",\"contentUrl\":\"https:\\\/\\\/grondalscamping.se\\\/wp-content\\\/uploads\\\/2021\\\/09\\\/only-logo.png\",\"width\":347,\"height\":147,\"caption\":\"Gr\u00f6ndals Camping &amp; Stugor\"},\"image\":{\"@id\":\"https:\\\/\\\/grondalscamping.se\\\/#\\\/schema\\\/logo\\\/image\\\/\"}}]}<\/script>\n<!-- \/ Yoast SEO plugin. -->","yoast_head_json":{"title":"Service building - Gr\u00f6ndals Camping &amp; Stugor","robots":{"index":"index","follow":"follow","max-snippet":"max-snippet:-1","max-image-preview":"max-image-preview:large","max-video-preview":"max-video-preview:-1"},"canonical":"https:\/\/grondalscamping.se\/en\/camping\/service-building\/","og_locale":"en_US","og_type":"article","og_title":"Service building - Gr\u00f6ndals Camping &amp; Stugor","og_description":"Service buildings with hotel standard There are two service buildings with showers, toilets and other facilities, ensuring that you are never far from our services. Two\u00a0modern service buildings Soap, hand sanitizer, paper towels and hair dryer are available in the service buildings for your comfort as our guests. We like flowers and often decorate the [&hellip;]","og_url":"https:\/\/grondalscamping.se\/en\/camping\/service-building\/","og_site_name":"Gr\u00f6ndals Camping &amp; Stugor","article_modified_time":"2024-11-12T09:33:11+00:00","og_image":[{"width":1024,"height":682,"url":"https:\/\/grondalscamping.se\/wp-content\/uploads\/2023\/06\/servichuset-kok-1024x682.jpg","type":"image\/jpeg"}],"twitter_card":"summary_large_image","twitter_misc":{"Est. reading time":"3 minutes"},"schema":{"@context":"https:\/\/schema.org","@graph":[{"@type":"WebPage","@id":"https:\/\/grondalscamping.se\/en\/camping\/service-building\/","url":"https:\/\/grondalscamping.se\/en\/camping\/service-building\/","name":"Service building - Gr\u00f6ndals Camping &amp; Stugor","isPartOf":{"@id":"https:\/\/grondalscamping.se\/#website"},"primaryImageOfPage":{"@id":"https:\/\/grondalscamping.se\/en\/camping\/service-building\/#primaryimage"},"image":{"@id":"https:\/\/grondalscamping.se\/en\/camping\/service-building\/#primaryimage"},"thumbnailUrl":"https:\/\/grondalscamping.se\/wp-content\/uploads\/2023\/06\/servichuset-kok.jpg","datePublished":"2021-10-13T13:00:21+00:00","dateModified":"2024-11-12T09:33:11+00:00","breadcrumb":{"@id":"https:\/\/grondalscamping.se\/en\/camping\/service-building\/#breadcrumb"},"inLanguage":"en-US","potentialAction":[{"@type":"ReadAction","target":["https:\/\/grondalscamping.se\/en\/camping\/service-building\/"]}]},{"@type":"ImageObject","inLanguage":"en-US","@id":"https:\/\/grondalscamping.se\/en\/camping\/service-building\/#primaryimage","url":"https:\/\/grondalscamping.se\/wp-content\/uploads\/2023\/06\/servichuset-kok.jpg","contentUrl":"https:\/\/grondalscamping.se\/wp-content\/uploads\/2023\/06\/servichuset-kok.jpg"},{"@type":"BreadcrumbList","@id":"https:\/\/grondalscamping.se\/en\/camping\/service-building\/#breadcrumb","itemListElement":[{"@type":"ListItem","position":1,"name":"Hem","item":"https:\/\/grondalscamping.se\/en\/"},{"@type":"ListItem","position":2,"name":"Camping","item":"https:\/\/grondalscamping.se\/en\/camping\/"},{"@type":"ListItem","position":3,"name":"Service building"}]},{"@type":"WebSite","@id":"https:\/\/grondalscamping.se\/#website","url":"https:\/\/grondalscamping.se\/","name":"Gr\u00f6ndals Camping &amp; Stugor","description":"Familjecamping Gr\u00f6ndals camping &amp; stugor som \u00e4r bel\u00e4gen vid havet mitt i K\u00f6pingsvik vid en av \u00d6lands finaste sandstr\u00e4nder.","publisher":{"@id":"https:\/\/grondalscamping.se\/#organization"},"potentialAction":[{"@type":"SearchAction","target":{"@type":"EntryPoint","urlTemplate":"https:\/\/grondalscamping.se\/?s={search_term_string}"},"query-input":{"@type":"PropertyValueSpecification","valueRequired":true,"valueName":"search_term_string"}}],"inLanguage":"en-US"},{"@type":"Organization","@id":"https:\/\/grondalscamping.se\/#organization","name":"Gr\u00f6ndals Camping &amp; Stugor","url":"https:\/\/grondalscamping.se\/","logo":{"@type":"ImageObject","inLanguage":"en-US","@id":"https:\/\/grondalscamping.se\/#\/schema\/logo\/image\/","url":"https:\/\/grondalscamping.se\/wp-content\/uploads\/2021\/09\/only-logo.png","contentUrl":"https:\/\/grondalscamping.se\/wp-content\/uploads\/2021\/09\/only-logo.png","width":347,"height":147,"caption":"Gr\u00f6ndals Camping &amp; Stugor"},"image":{"@id":"https:\/\/grondalscamping.se\/#\/schema\/logo\/image\/"}}]}},"_links":{"self":[{"href":"https:\/\/grondalscamping.se\/en\/wp-json\/wp\/v2\/pages\/2303","targetHints":{"allow":["GET"]}}],"collection":[{"href":"https:\/\/grondalscamping.se\/en\/wp-json\/wp\/v2\/pages"}],"about":[{"href":"https:\/\/grondalscamping.se\/en\/wp-json\/wp\/v2\/types\/page"}],"author":[{"embeddable":true,"href":"https:\/\/grondalscamping.se\/en\/wp-json\/wp\/v2\/users\/1"}],"replies":[{"embeddable":true,"href":"https:\/\/grondalscamping.se\/en\/wp-json\/wp\/v2\/comments?post=2303"}],"version-history":[{"count":29,"href":"https:\/\/grondalscamping.se\/en\/wp-json\/wp\/v2\/pages\/2303\/revisions"}],"predecessor-version":[{"id":6719,"href":"https:\/\/grondalscamping.se\/en\/wp-json\/wp\/v2\/pages\/2303\/revisions\/6719"}],"up":[{"embeddable":true,"href":"https:\/\/grondalscamping.se\/en\/wp-json\/wp\/v2\/pages\/2270"}],"wp:attachment":[{"href":"https:\/\/grondalscamping.se\/en\/wp-json\/wp\/v2\/media?parent=2303"}],"curies":[{"name":"wp","href":"https:\/\/api.w.org\/{rel}","templated":true}]}}