{"id":2301,"date":"2021-10-13T14:59:58","date_gmt":"2021-10-13T12:59:58","guid":{"rendered":"https:\/\/grondalscamping.se\/?page_id=2301"},"modified":"2026-01-22T10:36:04","modified_gmt":"2026-01-22T09:36:04","slug":"pricelist-camping","status":"publish","type":"page","link":"https:\/\/grondalscamping.se\/en\/camping\/pricelist-camping\/","title":{"rendered":"Pricelist camping"},"content":{"rendered":"\n<h1 class=\"wp-block-heading has-text-align-center mt-2\">Pricelist camping<\/h1>\n\n\n\n<p class=\"has-text-align-center has-small-font-size\"><em>What is included in the camping price? All prices are in SEK.<br>The price is for a maximum of 6 people \/ unit, extra person 50 SEK \/ person &amp; day<\/em>, maximum 2 extra people.<br><em><a href=\"https:\/\/grondalscamping.se\/en\/booking-and-payment-terms\/\"><span style=\"text-decoration: underline;\">Read more in our booking terms here!<\/span><\/a><\/em><\/p>\n\n\n\n<div class=\"wp-block-group alignwide\"><div class=\"wp-block-group__inner-container is-layout-constrained wp-block-group-is-layout-constrained\">\n<figure class=\"wp-block-table alignwide is-style-regular py-0 lg:px-4\"><table class=\"has-dark-color has-text-color\"><thead><tr><th class=\"has-text-align-left\" data-align=\"left\"><strong>DATES 2026<\/strong><\/th><th class=\"has-text-align-left\" data-align=\"left\"><strong>PURPLE<\/strong><br>-with electricity<strong>&nbsp;<\/strong><br><\/th><th class=\"has-text-align-left\" data-align=\"left\"><br><strong>YELLOW<\/strong><br>-with electricity<strong>&nbsp;<\/strong><br><br><\/th><th class=\"has-text-align-left\" data-align=\"left\"><strong>BLUE<\/strong><br>-with electricity<strong>&nbsp;<\/strong><br><\/th><th class=\"has-text-align-left\" data-align=\"left\"><strong>GREEN<\/strong><br>-with electricity<strong>&nbsp;<\/strong><br><\/th><th class=\"has-text-align-left\" data-align=\"left\"><strong>ORANGE<\/strong><br>-with electricity, <br>drain<\/th><th class=\"has-text-align-left\" data-align=\"left\"><strong>CAMPERVAN<\/strong><br>parking<br><\/th><\/tr><\/thead><tbody><tr><td class=\"has-text-align-left\" data-align=\"left\"><strong>24\/4\u201317\/6<\/strong><\/td><td class=\"has-text-align-left\" data-align=\"left\">390:-<\/td><td class=\"has-text-align-left\" data-align=\"left\">395:-<\/td><td class=\"has-text-align-left\" data-align=\"left\">411:-<\/td><td class=\"has-text-align-left\" data-align=\"left\">432:-<\/td><td class=\"has-text-align-left\" data-align=\"left\">468:-<\/td><td class=\"has-text-align-left\" data-align=\"left\">322:-<\/td><\/tr><tr><td class=\"has-text-align-left\" data-align=\"left\"><strong>4\/6-6\/6<\/strong><\/td><td class=\"has-text-align-left\" data-align=\"left\">463-*494<\/td><td class=\"has-text-align-left\" data-align=\"left\">484-*504:-<\/td><td class=\"has-text-align-left\" data-align=\"left\">489-*515:-<\/td><td class=\"has-text-align-left\" data-align=\"left\">505-*530:-<\/td><td class=\"has-text-align-left\" data-align=\"left\">572:-<\/td><td class=\"has-text-align-left\" data-align=\"left\">333:-<\/td><\/tr><tr><td class=\"has-text-align-left\" data-align=\"left\"><strong>18\/6\u20134\/7<\/strong><\/td><td class=\"has-text-align-left\" data-align=\"left\">577-*603:-<\/td><td class=\"has-text-align-left\" data-align=\"left\">603-*629:-<\/td><td class=\"has-text-align-left\" data-align=\"left\">619-*650:-<\/td><td class=\"has-text-align-left\" data-align=\"left\">645-*666:-<\/td><td class=\"has-text-align-left\" data-align=\"left\">723:-<\/td><td class=\"has-text-align-left\" data-align=\"left\">395:-<\/td><\/tr><tr><td class=\"has-text-align-left\" data-align=\"left\"><strong>5\/7-1\/8<\/strong><\/td><td class=\"has-text-align-left\" data-align=\"left\">634*666:-<\/td><td class=\"has-text-align-left\" data-align=\"left\">666-*692:-<\/td><td class=\"has-text-align-left\" data-align=\"left\">681-*718:-<\/td><td class=\"has-text-align-left\" data-align=\"left\">712-*733:-<\/td><td class=\"has-text-align-left\" data-align=\"left\">796:-<\/td><td class=\"has-text-align-left\" data-align=\"left\">437:-<\/td><\/tr><tr><td class=\"has-text-align-left\" data-align=\"left\"><strong>2\/8-22\/8<\/strong><\/td><td class=\"has-text-align-left\" data-align=\"left\">463-*494:-<\/td><td class=\"has-text-align-left\" data-align=\"left\">484-*504:-<\/td><td class=\"has-text-align-left\" data-align=\"left\">489-*515:-<\/td><td class=\"has-text-align-left\" data-align=\"left\">505-*530:-<\/td><td class=\"has-text-align-left\" data-align=\"left\">572:-<\/td><td class=\"has-text-align-left\" data-align=\"left\">333:-<\/td><\/tr><tr><td class=\"has-text-align-left\" data-align=\"left\"><strong>23\/8-23\/9<\/strong><\/td><td class=\"has-text-align-left\" data-align=\"left\">390:-<\/td><td class=\"has-text-align-left\" data-align=\"left\">395:-<\/td><td class=\"has-text-align-left\" data-align=\"left\">411:-<\/td><td class=\"has-text-align-left\" data-align=\"left\">432:-<\/td><td class=\"has-text-align-left\" data-align=\"left\">468:-<\/td><td class=\"has-text-align-left\" data-align=\"left\">322:-<\/td><\/tr><tr><td class=\"has-text-align-left\" data-align=\"left\"><strong>24\/9-26\/9<\/strong><\/td><td class=\"has-text-align-left\" data-align=\"left\">447:-<\/td><td class=\"has-text-align-left\" data-align=\"left\">458:-<\/td><td class=\"has-text-align-left\" data-align=\"left\">463:-<\/td><td class=\"has-text-align-left\" data-align=\"left\">468:-<\/td><td class=\"has-text-align-left\" data-align=\"left\">510:-<\/td><td class=\"has-text-align-left\" data-align=\"left\">328:-<\/td><\/tr><\/tbody><\/table><\/figure>\n\n\n\n<p class=\"has-text-align-right has-small-font-size lg:px-4\"><em>*Cornerpitch to the sea<\/em><\/p>\n<\/div><\/div>\n\n\n\n<h2 class=\"wp-block-heading has-text-align-center\">Which place suits you?<\/h2>\n\n\n\n<div class=\"wp-block-northosts-grid alignfull grid gap-0 md:gap-0 grid-cols-2 lg:px-4 lg:px-4\">\n<section class=\"wp-block-northosts-grid-item col-span-full md:col-span-1 lg:col-span-1 p-0 px-1 lg:px-1\">\n<figure class=\"wp-block-table mt-0 is-style-regular\"><table class=\"has-black-color has-text-color\"><thead><tr><th class=\"has-text-align-left\" data-align=\"left\"><strong>COLUR<\/strong><\/th><th class=\"has-text-align-left\" data-align=\"left\"><strong>MAX UNIT DIMENSIONS<\/strong><\/th><th class=\"has-text-align-left\" data-align=\"left\"><strong>SIZE<\/strong><\/th><\/tr><\/thead><tbody><tr><td class=\"has-text-align-left\" data-align=\"left\"><strong><strong>PURPLE&nbsp;<\/strong>\u2013<\/strong> with electricity<br>Caravan\/Campervan\/Tent<\/td><td class=\"has-text-align-left\" data-align=\"left\">Caravan: L 6m, (excl. towing hook) B 5m. <br>Campervan: Max 7m. B 5m.<\/td><td class=\"has-text-align-left\" data-align=\"left\">Length: 11m.<br>Width: 5m.<\/td><\/tr><tr><td class=\"has-text-align-left\" data-align=\"left\"><strong><strong>YELLOW<\/strong>&nbsp;\u2013<\/strong> with electricity<br>Caravan\/Campervan\/Tent<\/td><td class=\"has-text-align-left\" data-align=\"left\">Caravan: L 6m, (excl. towing hook). B 5,5m. <br>Campervan: Max 7m. B 5,5 m.<\/td><td class=\"has-text-align-left\" data-align=\"left\">Length: 11m. <br>Width: 5,5m.<\/td><\/tr><tr><td class=\"has-text-align-left\" data-align=\"left\"><strong>BLUE \u2013 <\/strong>with electricity<br>Caravan\/Campervan\/Tent<\/td><td class=\"has-text-align-left\" data-align=\"left\">Caravan: L: 7m, (excl. towing hook). B 6m. <br>Campervan: Max 8m. B 6m.<\/td><td class=\"has-text-align-left\" data-align=\"left\">Length: 10m. <br>Width: 8m.<\/td><\/tr><tr><td class=\"has-text-align-left\" data-align=\"left\"><strong>GREEN \u2013&nbsp;<\/strong>with electricity<br>Caravan\/Campervan\/Tent<\/td><td class=\"has-text-align-left\" data-align=\"left\">Caravan: L 10m, (excl. towing hook). B 6m. <br>Campervan: Max 10m, B6m.<\/td><td class=\"has-text-align-left\" data-align=\"left\">Length: 10m. <br>Width: 10m.<\/td><\/tr><tr><td class=\"has-text-align-left\" data-align=\"left\"><strong>ORANGE&nbsp;\u2013&nbsp;<\/strong>with electricity and drain<br>Caravan\/Campervan\/Tent<br><\/td><td class=\"has-text-align-left\" data-align=\"left\">Caravan: L&nbsp;8m, (excl. towing hook) B 10m. <br>Campervan: Max&nbsp;8 m, B10m.<\/td><td class=\"has-text-align-left\" data-align=\"left\">Length:&nbsp;8m. <br>Width: 10m.<\/td><\/tr><tr><td class=\"has-text-align-left\" data-align=\"left\"><strong>CAMPERVAN<\/strong> parking<\/td><td class=\"has-text-align-left\" data-align=\"left\">Campervan with water and latrine emptying (not electricity).<\/td><td class=\"has-text-align-left\" data-align=\"left\">Can&nbsp;not be booked.<\/td><\/tr><\/tbody><\/table><\/figure>\n<\/section>\n\n\n\n<section class=\"wp-block-northosts-grid-item col-span-full md:col-span-1 lg:col-span-1 p-0\">\n<figure class=\"wp-block-image size-large\"><img loading=\"lazy\" decoding=\"async\" width=\"1024\" height=\"691\" src=\"https:\/\/grondalscamping.se\/wp-content\/uploads\/2026\/01\/Grondals_camping_karta_2026-1024x691.webp\" alt=\"\" class=\"wp-image-7367\" srcset=\"https:\/\/grondalscamping.se\/wp-content\/uploads\/2026\/01\/Grondals_camping_karta_2026-1024x691.webp 1024w, https:\/\/grondalscamping.se\/wp-content\/uploads\/2026\/01\/Grondals_camping_karta_2026-300x203.webp 300w, https:\/\/grondalscamping.se\/wp-content\/uploads\/2026\/01\/Grondals_camping_karta_2026-768x518.webp 768w, https:\/\/grondalscamping.se\/wp-content\/uploads\/2026\/01\/Grondals_camping_karta_2026-1536x1037.webp 1536w, https:\/\/grondalscamping.se\/wp-content\/uploads\/2026\/01\/Grondals_camping_karta_2026-2048x1383.webp 2048w\" sizes=\"auto, (max-width: 1024px) 100vw, 1024px\" \/><\/figure>\n\n\n\n<p class=\"has-small-font-size\"><em>Below you will find our prices depending on the size you need. Purple pitches are our smallest and green our biggest. <\/em><\/p>\n\n\n\n<p class=\"has-small-font-size\"><em>Walking distance to ICA supermarket, bakery with caf\u00e9, restaurants and shops.&nbsp;Free WiFi.<\/em> <\/p>\n\n\n\n<p class=\"has-small-font-size\"><em>Accessibility site R 23&nbsp;(Purple pitch) for those who need to live near servicebuilding.<\/em><\/p>\n<\/section>\n<\/div>\n\n\n\n<div style=\"height:4rem\" aria-hidden=\"true\" class=\"wp-block-spacer\"><\/div>\n","protected":false},"excerpt":{"rendered":"<p>Pricelist camping What is included in the camping price? All prices are in SEK.The price is for a maximum of 6 people \/ unit, extra person 50 SEK \/ person &amp; day, maximum 2 extra people.Read more in our booking terms here! DATES 2026 PURPLE-with electricity&nbsp; YELLOW-with electricity&nbsp; BLUE-with electricity&nbsp; GREEN-with electricity&nbsp; ORANGE-with electricity, drain [&hellip;]<\/p>\n","protected":false},"author":1,"featured_media":0,"parent":2270,"menu_order":0,"comment_status":"closed","ping_status":"closed","template":"","meta":{"_acf_changed":false,"northosts_mobile_spacing_top":"theme","northosts_mobile_spacing_bottom":"theme","northosts_desktop_spacing_top":"theme","northosts_desktop_spacing_bottom":"theme","inline_featured_image":false,"footnotes":""},"class_list":["post-2301","page","type-page","status-publish","hentry"],"acf":[],"yoast_head":"<!-- This site is optimized with the Yoast SEO plugin v27.4 - https:\/\/yoast.com\/product\/yoast-seo-wordpress\/ -->\n<title>Pricelist camping - Gr\u00f6ndals Camping &amp; Stugor<\/title>\n<meta name=\"robots\" content=\"index, follow, max-snippet:-1, max-image-preview:large, max-video-preview:-1\" \/>\n<link rel=\"canonical\" href=\"https:\/\/grondalscamping.se\/en\/camping\/pricelist-camping\/\" \/>\n<meta property=\"og:locale\" content=\"en_US\" \/>\n<meta property=\"og:type\" content=\"article\" \/>\n<meta property=\"og:title\" content=\"Pricelist camping - Gr\u00f6ndals Camping &amp; Stugor\" \/>\n<meta property=\"og:description\" content=\"Pricelist camping What is included in the camping price? All prices are in SEK.The price is for a maximum of 6 people \/ unit, extra person 50 SEK \/ person &amp; day, maximum 2 extra people.Read more in our booking terms here! DATES 2026 PURPLE-with electricity&nbsp; YELLOW-with electricity&nbsp; BLUE-with electricity&nbsp; GREEN-with electricity&nbsp; ORANGE-with electricity, drain [&hellip;]\" \/>\n<meta property=\"og:url\" content=\"https:\/\/grondalscamping.se\/en\/camping\/pricelist-camping\/\" \/>\n<meta property=\"og:site_name\" content=\"Gr\u00f6ndals Camping &amp; Stugor\" \/>\n<meta property=\"article:modified_time\" content=\"2026-01-22T09:36:04+00:00\" \/>\n<meta property=\"og:image\" content=\"https:\/\/grondalscamping.se\/wp-content\/uploads\/2026\/01\/Grondals_camping_karta_2026-1024x691.webp\" \/>\n\t<meta property=\"og:image:width\" content=\"1024\" \/>\n\t<meta property=\"og:image:height\" content=\"691\" \/>\n\t<meta property=\"og:image:type\" content=\"image\/jpeg\" \/>\n<meta name=\"twitter:card\" content=\"summary_large_image\" \/>\n<meta name=\"twitter:label1\" content=\"Est. reading time\" \/>\n\t<meta name=\"twitter:data1\" content=\"3 minutes\" \/>\n<script type=\"application\/ld+json\" class=\"yoast-schema-graph\">{\"@context\":\"https:\\\/\\\/schema.org\",\"@graph\":[{\"@type\":\"WebPage\",\"@id\":\"https:\\\/\\\/grondalscamping.se\\\/en\\\/camping\\\/pricelist-camping\\\/\",\"url\":\"https:\\\/\\\/grondalscamping.se\\\/en\\\/camping\\\/pricelist-camping\\\/\",\"name\":\"Pricelist camping - Gr\u00f6ndals Camping &amp; Stugor\",\"isPartOf\":{\"@id\":\"https:\\\/\\\/grondalscamping.se\\\/#website\"},\"primaryImageOfPage\":{\"@id\":\"https:\\\/\\\/grondalscamping.se\\\/en\\\/camping\\\/pricelist-camping\\\/#primaryimage\"},\"image\":{\"@id\":\"https:\\\/\\\/grondalscamping.se\\\/en\\\/camping\\\/pricelist-camping\\\/#primaryimage\"},\"thumbnailUrl\":\"https:\\\/\\\/grondalscamping.se\\\/wp-content\\\/uploads\\\/2026\\\/01\\\/Grondals_camping_karta_2026-1024x691.webp\",\"datePublished\":\"2021-10-13T12:59:58+00:00\",\"dateModified\":\"2026-01-22T09:36:04+00:00\",\"breadcrumb\":{\"@id\":\"https:\\\/\\\/grondalscamping.se\\\/en\\\/camping\\\/pricelist-camping\\\/#breadcrumb\"},\"inLanguage\":\"en-US\",\"potentialAction\":[{\"@type\":\"ReadAction\",\"target\":[\"https:\\\/\\\/grondalscamping.se\\\/en\\\/camping\\\/pricelist-camping\\\/\"]}]},{\"@type\":\"ImageObject\",\"inLanguage\":\"en-US\",\"@id\":\"https:\\\/\\\/grondalscamping.se\\\/en\\\/camping\\\/pricelist-camping\\\/#primaryimage\",\"url\":\"https:\\\/\\\/grondalscamping.se\\\/wp-content\\\/uploads\\\/2026\\\/01\\\/Grondals_camping_karta_2026-1024x691.webp\",\"contentUrl\":\"https:\\\/\\\/grondalscamping.se\\\/wp-content\\\/uploads\\\/2026\\\/01\\\/Grondals_camping_karta_2026-1024x691.webp\"},{\"@type\":\"BreadcrumbList\",\"@id\":\"https:\\\/\\\/grondalscamping.se\\\/en\\\/camping\\\/pricelist-camping\\\/#breadcrumb\",\"itemListElement\":[{\"@type\":\"ListItem\",\"position\":1,\"name\":\"Hem\",\"item\":\"https:\\\/\\\/grondalscamping.se\\\/en\\\/\"},{\"@type\":\"ListItem\",\"position\":2,\"name\":\"Camping\",\"item\":\"https:\\\/\\\/grondalscamping.se\\\/en\\\/camping\\\/\"},{\"@type\":\"ListItem\",\"position\":3,\"name\":\"Pricelist camping\"}]},{\"@type\":\"WebSite\",\"@id\":\"https:\\\/\\\/grondalscamping.se\\\/#website\",\"url\":\"https:\\\/\\\/grondalscamping.se\\\/\",\"name\":\"Gr\u00f6ndals Camping &amp; Stugor\",\"description\":\"Familjecamping Gr\u00f6ndals camping &amp; stugor som \u00e4r bel\u00e4gen vid havet mitt i K\u00f6pingsvik vid en av \u00d6lands finaste sandstr\u00e4nder.\",\"publisher\":{\"@id\":\"https:\\\/\\\/grondalscamping.se\\\/#organization\"},\"potentialAction\":[{\"@type\":\"SearchAction\",\"target\":{\"@type\":\"EntryPoint\",\"urlTemplate\":\"https:\\\/\\\/grondalscamping.se\\\/?s={search_term_string}\"},\"query-input\":{\"@type\":\"PropertyValueSpecification\",\"valueRequired\":true,\"valueName\":\"search_term_string\"}}],\"inLanguage\":\"en-US\"},{\"@type\":\"Organization\",\"@id\":\"https:\\\/\\\/grondalscamping.se\\\/#organization\",\"name\":\"Gr\u00f6ndals Camping &amp; Stugor\",\"url\":\"https:\\\/\\\/grondalscamping.se\\\/\",\"logo\":{\"@type\":\"ImageObject\",\"inLanguage\":\"en-US\",\"@id\":\"https:\\\/\\\/grondalscamping.se\\\/#\\\/schema\\\/logo\\\/image\\\/\",\"url\":\"https:\\\/\\\/grondalscamping.se\\\/wp-content\\\/uploads\\\/2021\\\/09\\\/only-logo.png\",\"contentUrl\":\"https:\\\/\\\/grondalscamping.se\\\/wp-content\\\/uploads\\\/2021\\\/09\\\/only-logo.png\",\"width\":347,\"height\":147,\"caption\":\"Gr\u00f6ndals Camping &amp; Stugor\"},\"image\":{\"@id\":\"https:\\\/\\\/grondalscamping.se\\\/#\\\/schema\\\/logo\\\/image\\\/\"}}]}<\/script>\n<!-- \/ Yoast SEO plugin. -->","yoast_head_json":{"title":"Pricelist camping - Gr\u00f6ndals Camping &amp; Stugor","robots":{"index":"index","follow":"follow","max-snippet":"max-snippet:-1","max-image-preview":"max-image-preview:large","max-video-preview":"max-video-preview:-1"},"canonical":"https:\/\/grondalscamping.se\/en\/camping\/pricelist-camping\/","og_locale":"en_US","og_type":"article","og_title":"Pricelist camping - Gr\u00f6ndals Camping &amp; Stugor","og_description":"Pricelist camping What is included in the camping price? All prices are in SEK.The price is for a maximum of 6 people \/ unit, extra person 50 SEK \/ person &amp; day, maximum 2 extra people.Read more in our booking terms here! DATES 2026 PURPLE-with electricity&nbsp; YELLOW-with electricity&nbsp; BLUE-with electricity&nbsp; GREEN-with electricity&nbsp; ORANGE-with electricity, drain [&hellip;]","og_url":"https:\/\/grondalscamping.se\/en\/camping\/pricelist-camping\/","og_site_name":"Gr\u00f6ndals Camping &amp; Stugor","article_modified_time":"2026-01-22T09:36:04+00:00","og_image":[{"width":1024,"height":691,"url":"https:\/\/grondalscamping.se\/wp-content\/uploads\/2026\/01\/Grondals_camping_karta_2026-1024x691.webp","type":"image\/jpeg"}],"twitter_card":"summary_large_image","twitter_misc":{"Est. reading time":"3 minutes"},"schema":{"@context":"https:\/\/schema.org","@graph":[{"@type":"WebPage","@id":"https:\/\/grondalscamping.se\/en\/camping\/pricelist-camping\/","url":"https:\/\/grondalscamping.se\/en\/camping\/pricelist-camping\/","name":"Pricelist camping - Gr\u00f6ndals Camping &amp; Stugor","isPartOf":{"@id":"https:\/\/grondalscamping.se\/#website"},"primaryImageOfPage":{"@id":"https:\/\/grondalscamping.se\/en\/camping\/pricelist-camping\/#primaryimage"},"image":{"@id":"https:\/\/grondalscamping.se\/en\/camping\/pricelist-camping\/#primaryimage"},"thumbnailUrl":"https:\/\/grondalscamping.se\/wp-content\/uploads\/2026\/01\/Grondals_camping_karta_2026-1024x691.webp","datePublished":"2021-10-13T12:59:58+00:00","dateModified":"2026-01-22T09:36:04+00:00","breadcrumb":{"@id":"https:\/\/grondalscamping.se\/en\/camping\/pricelist-camping\/#breadcrumb"},"inLanguage":"en-US","potentialAction":[{"@type":"ReadAction","target":["https:\/\/grondalscamping.se\/en\/camping\/pricelist-camping\/"]}]},{"@type":"ImageObject","inLanguage":"en-US","@id":"https:\/\/grondalscamping.se\/en\/camping\/pricelist-camping\/#primaryimage","url":"https:\/\/grondalscamping.se\/wp-content\/uploads\/2026\/01\/Grondals_camping_karta_2026-1024x691.webp","contentUrl":"https:\/\/grondalscamping.se\/wp-content\/uploads\/2026\/01\/Grondals_camping_karta_2026-1024x691.webp"},{"@type":"BreadcrumbList","@id":"https:\/\/grondalscamping.se\/en\/camping\/pricelist-camping\/#breadcrumb","itemListElement":[{"@type":"ListItem","position":1,"name":"Hem","item":"https:\/\/grondalscamping.se\/en\/"},{"@type":"ListItem","position":2,"name":"Camping","item":"https:\/\/grondalscamping.se\/en\/camping\/"},{"@type":"ListItem","position":3,"name":"Pricelist camping"}]},{"@type":"WebSite","@id":"https:\/\/grondalscamping.se\/#website","url":"https:\/\/grondalscamping.se\/","name":"Gr\u00f6ndals Camping &amp; Stugor","description":"Familjecamping Gr\u00f6ndals camping &amp; stugor som \u00e4r bel\u00e4gen vid havet mitt i K\u00f6pingsvik vid en av \u00d6lands finaste sandstr\u00e4nder.","publisher":{"@id":"https:\/\/grondalscamping.se\/#organization"},"potentialAction":[{"@type":"SearchAction","target":{"@type":"EntryPoint","urlTemplate":"https:\/\/grondalscamping.se\/?s={search_term_string}"},"query-input":{"@type":"PropertyValueSpecification","valueRequired":true,"valueName":"search_term_string"}}],"inLanguage":"en-US"},{"@type":"Organization","@id":"https:\/\/grondalscamping.se\/#organization","name":"Gr\u00f6ndals Camping &amp; Stugor","url":"https:\/\/grondalscamping.se\/","logo":{"@type":"ImageObject","inLanguage":"en-US","@id":"https:\/\/grondalscamping.se\/#\/schema\/logo\/image\/","url":"https:\/\/grondalscamping.se\/wp-content\/uploads\/2021\/09\/only-logo.png","contentUrl":"https:\/\/grondalscamping.se\/wp-content\/uploads\/2021\/09\/only-logo.png","width":347,"height":147,"caption":"Gr\u00f6ndals Camping &amp; Stugor"},"image":{"@id":"https:\/\/grondalscamping.se\/#\/schema\/logo\/image\/"}}]}},"_links":{"self":[{"href":"https:\/\/grondalscamping.se\/en\/wp-json\/wp\/v2\/pages\/2301","targetHints":{"allow":["GET"]}}],"collection":[{"href":"https:\/\/grondalscamping.se\/en\/wp-json\/wp\/v2\/pages"}],"about":[{"href":"https:\/\/grondalscamping.se\/en\/wp-json\/wp\/v2\/types\/page"}],"author":[{"embeddable":true,"href":"https:\/\/grondalscamping.se\/en\/wp-json\/wp\/v2\/users\/1"}],"replies":[{"embeddable":true,"href":"https:\/\/grondalscamping.se\/en\/wp-json\/wp\/v2\/comments?post=2301"}],"version-history":[{"count":112,"href":"https:\/\/grondalscamping.se\/en\/wp-json\/wp\/v2\/pages\/2301\/revisions"}],"predecessor-version":[{"id":7407,"href":"https:\/\/grondalscamping.se\/en\/wp-json\/wp\/v2\/pages\/2301\/revisions\/7407"}],"up":[{"embeddable":true,"href":"https:\/\/grondalscamping.se\/en\/wp-json\/wp\/v2\/pages\/2270"}],"wp:attachment":[{"href":"https:\/\/grondalscamping.se\/en\/wp-json\/wp\/v2\/media?parent=2301"}],"curies":[{"name":"wp","href":"https:\/\/api.w.org\/{rel}","templated":true}]}}