{"id":6759,"date":"2021-08-26T14:01:13","date_gmt":"2021-08-26T12:01:13","guid":{"rendered":"https:\/\/grondalscamping.se\/campingkarta\/"},"modified":"2026-01-22T09:40:21","modified_gmt":"2026-01-22T08:40:21","slug":"campingkarte","status":"publish","type":"page","link":"https:\/\/grondalscamping.se\/de\/campingplaetze\/campingkarte\/","title":{"rendered":"Campingkarte"},"content":{"rendered":"\n<h1 class=\"wp-block-heading has-text-align-center mt-2\">Campingkarte<\/h1>\n\n\n\n<figure class=\"wp-block-image alignfull size-full\"><img loading=\"lazy\" decoding=\"async\" width=\"2560\" height=\"1728\" src=\"https:\/\/grondalscamping.se\/wp-content\/uploads\/2026\/01\/Grondals_camping_karta_2026-scaled.webp\" alt=\"\" class=\"wp-image-7368\" srcset=\"https:\/\/grondalscamping.se\/wp-content\/uploads\/2026\/01\/Grondals_camping_karta_2026-scaled.webp 2560w, https:\/\/grondalscamping.se\/wp-content\/uploads\/2026\/01\/Grondals_camping_karta_2026-300x203.webp 300w, https:\/\/grondalscamping.se\/wp-content\/uploads\/2026\/01\/Grondals_camping_karta_2026-1024x691.webp 1024w, https:\/\/grondalscamping.se\/wp-content\/uploads\/2026\/01\/Grondals_camping_karta_2026-768x518.webp 768w, https:\/\/grondalscamping.se\/wp-content\/uploads\/2026\/01\/Grondals_camping_karta_2026-1536x1037.webp 1536w, https:\/\/grondalscamping.se\/wp-content\/uploads\/2026\/01\/Grondals_camping_karta_2026-2048x1383.webp 2048w\" sizes=\"auto, (max-width: 2560px) 100vw, 2560px\" \/><\/figure>\n\n\n\n<div style=\"height:4rem\" aria-hidden=\"true\" class=\"wp-block-spacer\"><\/div>\n","protected":false},"excerpt":{"rendered":"<p>Campingkarte<\/p>\n","protected":false},"author":1,"featured_media":0,"parent":6844,"menu_order":0,"comment_status":"closed","ping_status":"closed","template":"","meta":{"_acf_changed":false,"northosts_mobile_spacing_top":"theme","northosts_mobile_spacing_bottom":"theme","northosts_desktop_spacing_top":"theme","northosts_desktop_spacing_bottom":"theme","inline_featured_image":false,"footnotes":""},"class_list":["post-6759","page","type-page","status-publish","hentry"],"acf":[],"yoast_head":"<!-- This site is optimized with the Yoast SEO plugin v27.4 - https:\/\/yoast.com\/product\/yoast-seo-wordpress\/ -->\n<title>Campingkarte - Gr\u00f6ndals Camping &amp; Stugor<\/title>\n<meta name=\"robots\" content=\"index, follow, max-snippet:-1, max-image-preview:large, max-video-preview:-1\" \/>\n<link rel=\"canonical\" href=\"https:\/\/grondalscamping.se\/de\/campingplaetze\/campingkarte\/\" \/>\n<meta property=\"og:locale\" content=\"de_DE\" \/>\n<meta property=\"og:type\" content=\"article\" \/>\n<meta property=\"og:title\" content=\"Campingkarte - Gr\u00f6ndals Camping &amp; Stugor\" \/>\n<meta property=\"og:description\" content=\"Campingkarte\" \/>\n<meta property=\"og:url\" content=\"https:\/\/grondalscamping.se\/de\/campingplaetze\/campingkarte\/\" \/>\n<meta property=\"og:site_name\" content=\"Gr\u00f6ndals Camping &amp; Stugor\" \/>\n<meta property=\"article:modified_time\" content=\"2026-01-22T08:40:21+00:00\" \/>\n<meta property=\"og:image\" content=\"https:\/\/grondalscamping.se\/wp-content\/uploads\/2026\/01\/Grondals_camping_karta_2026-1024x691.webp\" \/>\n\t<meta property=\"og:image:width\" content=\"1024\" \/>\n\t<meta property=\"og:image:height\" content=\"691\" \/>\n\t<meta property=\"og:image:type\" content=\"image\/jpeg\" \/>\n<meta name=\"twitter:card\" content=\"summary_large_image\" \/>\n<meta name=\"twitter:label1\" content=\"Est. reading time\" \/>\n\t<meta name=\"twitter:data1\" content=\"2 minutes\" \/>\n<script type=\"application\/ld+json\" class=\"yoast-schema-graph\">{\"@context\":\"https:\\\/\\\/schema.org\",\"@graph\":[{\"@type\":\"WebPage\",\"@id\":\"https:\\\/\\\/grondalscamping.se\\\/de\\\/campingplaetze\\\/campingkarte\\\/\",\"url\":\"https:\\\/\\\/grondalscamping.se\\\/de\\\/campingplaetze\\\/campingkarte\\\/\",\"name\":\"Campingkarte - Gr\u00f6ndals Camping &amp; Stugor\",\"isPartOf\":{\"@id\":\"https:\\\/\\\/grondalscamping.se\\\/#website\"},\"primaryImageOfPage\":{\"@id\":\"https:\\\/\\\/grondalscamping.se\\\/de\\\/campingplaetze\\\/campingkarte\\\/#primaryimage\"},\"image\":{\"@id\":\"https:\\\/\\\/grondalscamping.se\\\/de\\\/campingplaetze\\\/campingkarte\\\/#primaryimage\"},\"thumbnailUrl\":\"https:\\\/\\\/grondalscamping.se\\\/wp-content\\\/uploads\\\/2026\\\/01\\\/Grondals_camping_karta_2026-scaled.webp\",\"datePublished\":\"2021-08-26T12:01:13+00:00\",\"dateModified\":\"2026-01-22T08:40:21+00:00\",\"breadcrumb\":{\"@id\":\"https:\\\/\\\/grondalscamping.se\\\/de\\\/campingplaetze\\\/campingkarte\\\/#breadcrumb\"},\"inLanguage\":\"de-DE\",\"potentialAction\":[{\"@type\":\"ReadAction\",\"target\":[\"https:\\\/\\\/grondalscamping.se\\\/de\\\/campingplaetze\\\/campingkarte\\\/\"]}]},{\"@type\":\"ImageObject\",\"inLanguage\":\"de-DE\",\"@id\":\"https:\\\/\\\/grondalscamping.se\\\/de\\\/campingplaetze\\\/campingkarte\\\/#primaryimage\",\"url\":\"https:\\\/\\\/grondalscamping.se\\\/wp-content\\\/uploads\\\/2026\\\/01\\\/Grondals_camping_karta_2026-scaled.webp\",\"contentUrl\":\"https:\\\/\\\/grondalscamping.se\\\/wp-content\\\/uploads\\\/2026\\\/01\\\/Grondals_camping_karta_2026-scaled.webp\"},{\"@type\":\"BreadcrumbList\",\"@id\":\"https:\\\/\\\/grondalscamping.se\\\/de\\\/campingplaetze\\\/campingkarte\\\/#breadcrumb\",\"itemListElement\":[{\"@type\":\"ListItem\",\"position\":1,\"name\":\"Hem\",\"item\":\"https:\\\/\\\/grondalscamping.se\\\/de\\\/\"},{\"@type\":\"ListItem\",\"position\":2,\"name\":\"Campingpl\u00e4tze\",\"item\":\"https:\\\/\\\/grondalscamping.se\\\/de\\\/campingplaetze\\\/\"},{\"@type\":\"ListItem\",\"position\":3,\"name\":\"Campingkarte\"}]},{\"@type\":\"WebSite\",\"@id\":\"https:\\\/\\\/grondalscamping.se\\\/#website\",\"url\":\"https:\\\/\\\/grondalscamping.se\\\/\",\"name\":\"Gr\u00f6ndals Camping &amp; Stugor\",\"description\":\"Familjecamping Gr\u00f6ndals camping &amp; stugor som \u00e4r bel\u00e4gen vid havet mitt i K\u00f6pingsvik vid en av \u00d6lands finaste sandstr\u00e4nder.\",\"publisher\":{\"@id\":\"https:\\\/\\\/grondalscamping.se\\\/#organization\"},\"potentialAction\":[{\"@type\":\"SearchAction\",\"target\":{\"@type\":\"EntryPoint\",\"urlTemplate\":\"https:\\\/\\\/grondalscamping.se\\\/?s={search_term_string}\"},\"query-input\":{\"@type\":\"PropertyValueSpecification\",\"valueRequired\":true,\"valueName\":\"search_term_string\"}}],\"inLanguage\":\"de-DE\"},{\"@type\":\"Organization\",\"@id\":\"https:\\\/\\\/grondalscamping.se\\\/#organization\",\"name\":\"Gr\u00f6ndals Camping &amp; Stugor\",\"url\":\"https:\\\/\\\/grondalscamping.se\\\/\",\"logo\":{\"@type\":\"ImageObject\",\"inLanguage\":\"de-DE\",\"@id\":\"https:\\\/\\\/grondalscamping.se\\\/#\\\/schema\\\/logo\\\/image\\\/\",\"url\":\"https:\\\/\\\/grondalscamping.se\\\/wp-content\\\/uploads\\\/2021\\\/09\\\/only-logo.png\",\"contentUrl\":\"https:\\\/\\\/grondalscamping.se\\\/wp-content\\\/uploads\\\/2021\\\/09\\\/only-logo.png\",\"width\":347,\"height\":147,\"caption\":\"Gr\u00f6ndals Camping &amp; Stugor\"},\"image\":{\"@id\":\"https:\\\/\\\/grondalscamping.se\\\/#\\\/schema\\\/logo\\\/image\\\/\"}}]}<\/script>\n<!-- \/ Yoast SEO plugin. -->","yoast_head_json":{"title":"Campingkarte - Gr\u00f6ndals Camping &amp; Stugor","robots":{"index":"index","follow":"follow","max-snippet":"max-snippet:-1","max-image-preview":"max-image-preview:large","max-video-preview":"max-video-preview:-1"},"canonical":"https:\/\/grondalscamping.se\/de\/campingplaetze\/campingkarte\/","og_locale":"de_DE","og_type":"article","og_title":"Campingkarte - Gr\u00f6ndals Camping &amp; Stugor","og_description":"Campingkarte","og_url":"https:\/\/grondalscamping.se\/de\/campingplaetze\/campingkarte\/","og_site_name":"Gr\u00f6ndals Camping &amp; Stugor","article_modified_time":"2026-01-22T08:40:21+00:00","og_image":[{"width":1024,"height":691,"url":"https:\/\/grondalscamping.se\/wp-content\/uploads\/2026\/01\/Grondals_camping_karta_2026-1024x691.webp","type":"image\/jpeg"}],"twitter_card":"summary_large_image","twitter_misc":{"Est. reading time":"2 minutes"},"schema":{"@context":"https:\/\/schema.org","@graph":[{"@type":"WebPage","@id":"https:\/\/grondalscamping.se\/de\/campingplaetze\/campingkarte\/","url":"https:\/\/grondalscamping.se\/de\/campingplaetze\/campingkarte\/","name":"Campingkarte - Gr\u00f6ndals Camping &amp; Stugor","isPartOf":{"@id":"https:\/\/grondalscamping.se\/#website"},"primaryImageOfPage":{"@id":"https:\/\/grondalscamping.se\/de\/campingplaetze\/campingkarte\/#primaryimage"},"image":{"@id":"https:\/\/grondalscamping.se\/de\/campingplaetze\/campingkarte\/#primaryimage"},"thumbnailUrl":"https:\/\/grondalscamping.se\/wp-content\/uploads\/2026\/01\/Grondals_camping_karta_2026-scaled.webp","datePublished":"2021-08-26T12:01:13+00:00","dateModified":"2026-01-22T08:40:21+00:00","breadcrumb":{"@id":"https:\/\/grondalscamping.se\/de\/campingplaetze\/campingkarte\/#breadcrumb"},"inLanguage":"de-DE","potentialAction":[{"@type":"ReadAction","target":["https:\/\/grondalscamping.se\/de\/campingplaetze\/campingkarte\/"]}]},{"@type":"ImageObject","inLanguage":"de-DE","@id":"https:\/\/grondalscamping.se\/de\/campingplaetze\/campingkarte\/#primaryimage","url":"https:\/\/grondalscamping.se\/wp-content\/uploads\/2026\/01\/Grondals_camping_karta_2026-scaled.webp","contentUrl":"https:\/\/grondalscamping.se\/wp-content\/uploads\/2026\/01\/Grondals_camping_karta_2026-scaled.webp"},{"@type":"BreadcrumbList","@id":"https:\/\/grondalscamping.se\/de\/campingplaetze\/campingkarte\/#breadcrumb","itemListElement":[{"@type":"ListItem","position":1,"name":"Hem","item":"https:\/\/grondalscamping.se\/de\/"},{"@type":"ListItem","position":2,"name":"Campingpl\u00e4tze","item":"https:\/\/grondalscamping.se\/de\/campingplaetze\/"},{"@type":"ListItem","position":3,"name":"Campingkarte"}]},{"@type":"WebSite","@id":"https:\/\/grondalscamping.se\/#website","url":"https:\/\/grondalscamping.se\/","name":"Gr\u00f6ndals Camping &amp; Stugor","description":"Familjecamping Gr\u00f6ndals camping &amp; stugor som \u00e4r bel\u00e4gen vid havet mitt i K\u00f6pingsvik vid en av \u00d6lands finaste sandstr\u00e4nder.","publisher":{"@id":"https:\/\/grondalscamping.se\/#organization"},"potentialAction":[{"@type":"SearchAction","target":{"@type":"EntryPoint","urlTemplate":"https:\/\/grondalscamping.se\/?s={search_term_string}"},"query-input":{"@type":"PropertyValueSpecification","valueRequired":true,"valueName":"search_term_string"}}],"inLanguage":"de-DE"},{"@type":"Organization","@id":"https:\/\/grondalscamping.se\/#organization","name":"Gr\u00f6ndals Camping &amp; Stugor","url":"https:\/\/grondalscamping.se\/","logo":{"@type":"ImageObject","inLanguage":"de-DE","@id":"https:\/\/grondalscamping.se\/#\/schema\/logo\/image\/","url":"https:\/\/grondalscamping.se\/wp-content\/uploads\/2021\/09\/only-logo.png","contentUrl":"https:\/\/grondalscamping.se\/wp-content\/uploads\/2021\/09\/only-logo.png","width":347,"height":147,"caption":"Gr\u00f6ndals Camping &amp; Stugor"},"image":{"@id":"https:\/\/grondalscamping.se\/#\/schema\/logo\/image\/"}}]}},"_links":{"self":[{"href":"https:\/\/grondalscamping.se\/de\/wp-json\/wp\/v2\/pages\/6759","targetHints":{"allow":["GET"]}}],"collection":[{"href":"https:\/\/grondalscamping.se\/de\/wp-json\/wp\/v2\/pages"}],"about":[{"href":"https:\/\/grondalscamping.se\/de\/wp-json\/wp\/v2\/types\/page"}],"author":[{"embeddable":true,"href":"https:\/\/grondalscamping.se\/de\/wp-json\/wp\/v2\/users\/1"}],"replies":[{"embeddable":true,"href":"https:\/\/grondalscamping.se\/de\/wp-json\/wp\/v2\/comments?post=6759"}],"version-history":[{"count":6,"href":"https:\/\/grondalscamping.se\/de\/wp-json\/wp\/v2\/pages\/6759\/revisions"}],"predecessor-version":[{"id":7373,"href":"https:\/\/grondalscamping.se\/de\/wp-json\/wp\/v2\/pages\/6759\/revisions\/7373"}],"up":[{"embeddable":true,"href":"https:\/\/grondalscamping.se\/de\/wp-json\/wp\/v2\/pages\/6844"}],"wp:attachment":[{"href":"https:\/\/grondalscamping.se\/de\/wp-json\/wp\/v2\/media?parent=6759"}],"curies":[{"name":"wp","href":"https:\/\/api.w.org\/{rel}","templated":true}]}}