{"id":62,"date":"2021-08-26T14:08:42","date_gmt":"2021-08-26T12:08:42","guid":{"rendered":"http:\/\/grondalscampingse.northq.localhost\/?page_id=62"},"modified":"2024-10-31T14:00:03","modified_gmt":"2024-10-31T13:00:03","slug":"om-cookies","status":"publish","type":"page","link":"https:\/\/grondalscamping.se\/de\/kontakt\/om-cookies\/","title":{"rendered":"Om cookies"},"content":{"rendered":"\n<div class=\"wp-block-cover alignfull mt-0\" style=\"min-height:400px;aspect-ratio:unset;\"><span aria-hidden=\"true\" class=\"wp-block-cover__background has-lightyellow-background-color has-background-dim-20 has-background-dim\"><\/span><img loading=\"lazy\" decoding=\"async\" width=\"2560\" height=\"1709\" class=\"wp-block-cover__image-background wp-image-1420\" alt=\"\" src=\"https:\/\/grondalscamping.se\/wp-content\/uploads\/2021\/09\/66grondals-receptionen-med-blomma-scaled.jpg\" style=\"object-position:48% 50%\" data-object-fit=\"cover\" data-object-position=\"48% 50%\" srcset=\"https:\/\/grondalscamping.se\/wp-content\/uploads\/2021\/09\/66grondals-receptionen-med-blomma-scaled.jpg 2560w, https:\/\/grondalscamping.se\/wp-content\/uploads\/2021\/09\/66grondals-receptionen-med-blomma-300x200.jpg 300w, https:\/\/grondalscamping.se\/wp-content\/uploads\/2021\/09\/66grondals-receptionen-med-blomma-1024x683.jpg 1024w, https:\/\/grondalscamping.se\/wp-content\/uploads\/2021\/09\/66grondals-receptionen-med-blomma-768x513.jpg 768w, https:\/\/grondalscamping.se\/wp-content\/uploads\/2021\/09\/66grondals-receptionen-med-blomma-1536x1025.jpg 1536w, https:\/\/grondalscamping.se\/wp-content\/uploads\/2021\/09\/66grondals-receptionen-med-blomma-2048x1367.jpg 2048w\" sizes=\"auto, (max-width: 2560px) 100vw, 2560px\" \/><div class=\"wp-block-cover__inner-container is-layout-flow wp-block-cover-is-layout-flow\">\n<p class=\"has-text-align-center has-large-font-size\"><\/p>\n<\/div><\/div>\n\n\n\n<h1 class=\"wp-block-heading mt-2 has-large-font-size\">Om cookies<\/h1>\n\n\n\n<p class=\"\">N\u00e4r du bes\u00f6ker grondalscamping.se sparas viss information om vad du g\u00f6r p\u00e5 webbplatsen, sk cookies.<br>Cookies anv\u00e4nds f\u00f6r att vi ska kunna samla in bes\u00f6ksstatistik och analysera vad som beh\u00f6ver \u00e4ndras p\u00e5 webbplatsen. IP-nummer och cookies ID \u00e4r ocks\u00e5 personuppgifter och du har d\u00e4rf\u00f6r r\u00e4tt att veta hur vi anv\u00e4nder uppgifterna samt hur du kan begr\u00e4nsa anv\u00e4ndningen.<\/p>\n\n\n\n<h6 class=\"wp-block-heading\">Olika typer av Cookies<\/h6>\n\n\n\n<p class=\"\">Cookies anv\u00e4nds p\u00e5 s\u00e5 gott som alla webbplatser och kan vara n\u00f6dv\u00e4ndiga f\u00f6r att webbplatsen ska fungera optimalt. Det g\u00f6r det bland annat m\u00f6jligt att f\u00f6lja vilka sidor som bes\u00f6ks samt m\u00f6jlighet f\u00f6r dig att spara personliga inst\u00e4llningar f\u00f6r webbplatsen.<\/p>\n\n\n\n<p class=\"\"><em><strong>P\u00e5 grondalscamping.se anv\u00e4nds fyra typer av cookies:<br><\/strong><\/em><em>Sessionscookies<\/em>&nbsp;lagras tillf\u00e4lligt i datorns minne under tiden en bes\u00f6kare \u00e4r inne p\u00e5 en webbsida. Den f\u00f6rsvinner n\u00e4r du st\u00e4nger webbl\u00e4saren.<br>En&nbsp;<em>varaktig cookie<\/em>&nbsp;finns kvar p\u00e5 din dator tills den tas bort.<br><em>F\u00f6rstapartscookies<\/em>&nbsp;kommer fr\u00e5n den aktuella webbplatsen och placerar ut cookies i bes\u00f6karens webbl\u00e4sare.<br>En&nbsp;<em>tredjepartscookies<\/em>&nbsp;kommer fr\u00e5n en annan webbplats och placerar ut cookies i bes\u00f6karens webbl\u00e4sare. Du kan st\u00e4lla in din webbl\u00e4sare s\u00e5 att den blockerar cookies enbart fr\u00e5n tredje part.<\/p>\n\n\n\n<h6 class=\"wp-block-heading\">Bes\u00f6ksstatistik<\/h6>\n\n\n\n<p class=\"\">F\u00f6r att f\u00f6rst\u00e5 hur webbplatsen anv\u00e4nds och skaffa underlag f\u00f6r v\u00e5rt f\u00f6rb\u00e4ttringsarbete samlar vi in statistik om varje bes\u00f6k via statistikverktyget Google Analytics. Uppgifterna inneh\u00e5ller till exempel data om cookies ID, IP-nummer, webbl\u00e4sare och vilka sidor som blir bes\u00f6kta och sparas i 26 m\u00e5nader.<br>Mer specifikt anv\u00e4nder vi cookies f\u00f6r att identifiera om du \u00e4r en \u00e5terkommande bes\u00f6kare eller inte. Vi sparar det unika cookies ID:et i din webbl\u00e4sare. IP-nummer anv\u00e4nds f\u00f6r att identifiera geografisk hemvist p\u00e5 v\u00e5ra bes\u00f6kare.<\/p>\n\n\n\n<h6 class=\"wp-block-heading\">Om du inte accepterar Cookies<\/h6>\n\n\n\n<p class=\"\">Du kan g\u00f6ra inst\u00e4llningar i din webbl\u00e4sares s\u00e4kerhetsinst\u00e4llningar s\u00e5 att du antingen inte tar emot n\u00e5gra kakor alls eller att du f\u00e5r en fr\u00e5ga varje g\u00e5ng en webbplats f\u00f6rs\u00f6ker placera en kaka p\u00e5 din dator.<br>I webbl\u00e4saren kan du ocks\u00e5 radera tidigare lagrade cookies, se webbl\u00e4sarens hj\u00e4lpsidor f\u00f6r mer information.<\/p>\n\n\n\n<h6 class=\"wp-block-heading\">Samtycka till hantering av Cookies<\/h6>\n\n\n\n<p class=\"\">Som anv\u00e4ndare beh\u00f6ver du samtycka till v\u00e5r hantering av cookies p\u00e5 webbplatsen. Samtycke inneb\u00e4r ett medvetet godk\u00e4nnande och kan \u00e5terkallas genom att du tar bort cookies i din webbl\u00e4sare och ber oss radera information om cookies-ID. Vi har en l\u00f6sning i nedre delen av webbplatsen d\u00e4r du kan ge samtycke till anv\u00e4ndningen av cookies.<\/p>\n\n\n\n<h6 class=\"wp-block-heading\">Personuppgiftsansvarig<\/h6>\n\n\n\n<p class=\"\">Gr\u00f6ndals Camping \u00e4r personuppgiftsansvarig f\u00f6r den personuppgiftsbehandling som sker inom ramen ovan. Om du har fr\u00e5gor om v\u00e5r behandling, v\u00e4nligen kontakta oss p\u00e5&nbsp;<a href=\"mailto:info@grondalscamping.se\">info@grondalscamping.se<\/a><br>Om du har klagom\u00e5l p\u00e5 v\u00e5r behandling av dina personuppgifter har du r\u00e4tt att inge klagom\u00e5l till Datainspektionen.<\/p>\n\n\n\n<div class=\"wp-block-group alignwide mt-2 has-dark-color has-pink-background-color has-text-color has-background\"><div class=\"wp-block-group__inner-container is-layout-flow wp-block-group-is-layout-flow\">\n<blockquote class=\"wp-block-quote is-layout-flow wp-block-quote-is-layout-flow\">\n<p class=\"\">Lugn camping med bra servicehus. N\u00e4ra till stranden &amp; havet.<\/p>\n<cite>Mathias Lengyel<\/cite><\/blockquote>\n<\/div><\/div>\n\n\n\n<div style=\"height:20px\" aria-hidden=\"true\" class=\"wp-block-spacer\"><\/div>\n","protected":false},"excerpt":{"rendered":"<p>Om cookies N\u00e4r du bes\u00f6ker grondalscamping.se sparas viss information om vad du g\u00f6r p\u00e5 webbplatsen, sk cookies.Cookies anv\u00e4nds f\u00f6r att vi ska kunna samla in bes\u00f6ksstatistik och analysera vad som beh\u00f6ver \u00e4ndras p\u00e5 webbplatsen. IP-nummer och cookies ID \u00e4r ocks\u00e5 personuppgifter och du har d\u00e4rf\u00f6r r\u00e4tt att veta hur vi anv\u00e4nder uppgifterna samt hur du [&hellip;]<\/p>\n","protected":false},"author":1,"featured_media":0,"parent":138,"menu_order":0,"comment_status":"closed","ping_status":"closed","template":"","meta":{"_acf_changed":false,"northosts_mobile_spacing_top":"theme","northosts_mobile_spacing_bottom":"theme","northosts_desktop_spacing_top":"theme","northosts_desktop_spacing_bottom":"theme","inline_featured_image":false,"footnotes":""},"class_list":["post-62","page","type-page","status-publish","hentry"],"acf":[],"yoast_head":"<!-- This site is optimized with the Yoast SEO plugin v27.4 - https:\/\/yoast.com\/product\/yoast-seo-wordpress\/ -->\n<title>Om cookies - Gr\u00f6ndals Camping &amp; Stugor<\/title>\n<meta name=\"robots\" content=\"index, follow, max-snippet:-1, max-image-preview:large, max-video-preview:-1\" \/>\n<link rel=\"canonical\" href=\"https:\/\/grondalscamping.se\/kontakt\/om-cookies\/\" \/>\n<meta property=\"og:locale\" content=\"de_DE\" \/>\n<meta property=\"og:type\" content=\"article\" \/>\n<meta property=\"og:title\" content=\"Om cookies - Gr\u00f6ndals Camping &amp; Stugor\" \/>\n<meta property=\"og:description\" content=\"Om cookies N\u00e4r du bes\u00f6ker grondalscamping.se sparas viss information om vad du g\u00f6r p\u00e5 webbplatsen, sk cookies.Cookies anv\u00e4nds f\u00f6r att vi ska kunna samla in bes\u00f6ksstatistik och analysera vad som beh\u00f6ver \u00e4ndras p\u00e5 webbplatsen. IP-nummer och cookies ID \u00e4r ocks\u00e5 personuppgifter och du har d\u00e4rf\u00f6r r\u00e4tt att veta hur vi anv\u00e4nder uppgifterna samt hur du [&hellip;]\" \/>\n<meta property=\"og:url\" content=\"https:\/\/grondalscamping.se\/kontakt\/om-cookies\/\" \/>\n<meta property=\"og:site_name\" content=\"Gr\u00f6ndals Camping &amp; Stugor\" \/>\n<meta property=\"article:modified_time\" content=\"2024-10-31T13:00:03+00:00\" \/>\n<meta property=\"og:image\" content=\"https:\/\/grondalscamping.se\/wp-content\/uploads\/2021\/09\/66grondals-receptionen-med-blomma-1024x683.jpg\" \/>\n\t<meta property=\"og:image:width\" content=\"1024\" \/>\n\t<meta property=\"og:image:height\" content=\"683\" \/>\n\t<meta property=\"og:image:type\" content=\"image\/jpeg\" \/>\n<meta name=\"twitter:card\" content=\"summary_large_image\" \/>\n<meta name=\"twitter:label1\" content=\"Est. reading time\" \/>\n\t<meta name=\"twitter:data1\" content=\"2 minutes\" \/>\n<script type=\"application\/ld+json\" class=\"yoast-schema-graph\">{\"@context\":\"https:\\\/\\\/schema.org\",\"@graph\":[{\"@type\":\"WebPage\",\"@id\":\"https:\\\/\\\/grondalscamping.se\\\/kontakt\\\/om-cookies\\\/\",\"url\":\"https:\\\/\\\/grondalscamping.se\\\/kontakt\\\/om-cookies\\\/\",\"name\":\"Om cookies - Gr\u00f6ndals Camping &amp; Stugor\",\"isPartOf\":{\"@id\":\"https:\\\/\\\/grondalscamping.se\\\/#website\"},\"primaryImageOfPage\":{\"@id\":\"https:\\\/\\\/grondalscamping.se\\\/kontakt\\\/om-cookies\\\/#primaryimage\"},\"image\":{\"@id\":\"https:\\\/\\\/grondalscamping.se\\\/kontakt\\\/om-cookies\\\/#primaryimage\"},\"thumbnailUrl\":\"https:\\\/\\\/grondalscamping.se\\\/wp-content\\\/uploads\\\/2021\\\/09\\\/66grondals-receptionen-med-blomma-scaled.jpg\",\"datePublished\":\"2021-08-26T12:08:42+00:00\",\"dateModified\":\"2024-10-31T13:00:03+00:00\",\"breadcrumb\":{\"@id\":\"https:\\\/\\\/grondalscamping.se\\\/kontakt\\\/om-cookies\\\/#breadcrumb\"},\"inLanguage\":\"de-DE\",\"potentialAction\":[{\"@type\":\"ReadAction\",\"target\":[\"https:\\\/\\\/grondalscamping.se\\\/kontakt\\\/om-cookies\\\/\"]}]},{\"@type\":\"ImageObject\",\"inLanguage\":\"de-DE\",\"@id\":\"https:\\\/\\\/grondalscamping.se\\\/kontakt\\\/om-cookies\\\/#primaryimage\",\"url\":\"https:\\\/\\\/grondalscamping.se\\\/wp-content\\\/uploads\\\/2021\\\/09\\\/66grondals-receptionen-med-blomma-scaled.jpg\",\"contentUrl\":\"https:\\\/\\\/grondalscamping.se\\\/wp-content\\\/uploads\\\/2021\\\/09\\\/66grondals-receptionen-med-blomma-scaled.jpg\"},{\"@type\":\"BreadcrumbList\",\"@id\":\"https:\\\/\\\/grondalscamping.se\\\/kontakt\\\/om-cookies\\\/#breadcrumb\",\"itemListElement\":[{\"@type\":\"ListItem\",\"position\":1,\"name\":\"Hem\",\"item\":\"https:\\\/\\\/grondalscamping.se\\\/de\\\/\"},{\"@type\":\"ListItem\",\"position\":2,\"name\":\"Kontakta oss\",\"item\":\"https:\\\/\\\/grondalscamping.se\\\/kontakt\\\/\"},{\"@type\":\"ListItem\",\"position\":3,\"name\":\"Om cookies\"}]},{\"@type\":\"WebSite\",\"@id\":\"https:\\\/\\\/grondalscamping.se\\\/#website\",\"url\":\"https:\\\/\\\/grondalscamping.se\\\/\",\"name\":\"Gr\u00f6ndals Camping &amp; Stugor\",\"description\":\"Familjecamping Gr\u00f6ndals camping &amp; stugor som \u00e4r bel\u00e4gen vid havet mitt i K\u00f6pingsvik vid en av \u00d6lands finaste sandstr\u00e4nder.\",\"publisher\":{\"@id\":\"https:\\\/\\\/grondalscamping.se\\\/#organization\"},\"potentialAction\":[{\"@type\":\"SearchAction\",\"target\":{\"@type\":\"EntryPoint\",\"urlTemplate\":\"https:\\\/\\\/grondalscamping.se\\\/?s={search_term_string}\"},\"query-input\":{\"@type\":\"PropertyValueSpecification\",\"valueRequired\":true,\"valueName\":\"search_term_string\"}}],\"inLanguage\":\"de-DE\"},{\"@type\":\"Organization\",\"@id\":\"https:\\\/\\\/grondalscamping.se\\\/#organization\",\"name\":\"Gr\u00f6ndals Camping &amp; Stugor\",\"url\":\"https:\\\/\\\/grondalscamping.se\\\/\",\"logo\":{\"@type\":\"ImageObject\",\"inLanguage\":\"de-DE\",\"@id\":\"https:\\\/\\\/grondalscamping.se\\\/#\\\/schema\\\/logo\\\/image\\\/\",\"url\":\"https:\\\/\\\/grondalscamping.se\\\/wp-content\\\/uploads\\\/2021\\\/09\\\/only-logo.png\",\"contentUrl\":\"https:\\\/\\\/grondalscamping.se\\\/wp-content\\\/uploads\\\/2021\\\/09\\\/only-logo.png\",\"width\":347,\"height\":147,\"caption\":\"Gr\u00f6ndals Camping &amp; Stugor\"},\"image\":{\"@id\":\"https:\\\/\\\/grondalscamping.se\\\/#\\\/schema\\\/logo\\\/image\\\/\"}}]}<\/script>\n<!-- \/ Yoast SEO plugin. -->","yoast_head_json":{"title":"Om cookies - Gr\u00f6ndals Camping &amp; Stugor","robots":{"index":"index","follow":"follow","max-snippet":"max-snippet:-1","max-image-preview":"max-image-preview:large","max-video-preview":"max-video-preview:-1"},"canonical":"https:\/\/grondalscamping.se\/kontakt\/om-cookies\/","og_locale":"de_DE","og_type":"article","og_title":"Om cookies - Gr\u00f6ndals Camping &amp; Stugor","og_description":"Om cookies N\u00e4r du bes\u00f6ker grondalscamping.se sparas viss information om vad du g\u00f6r p\u00e5 webbplatsen, sk cookies.Cookies anv\u00e4nds f\u00f6r att vi ska kunna samla in bes\u00f6ksstatistik och analysera vad som beh\u00f6ver \u00e4ndras p\u00e5 webbplatsen. IP-nummer och cookies ID \u00e4r ocks\u00e5 personuppgifter och du har d\u00e4rf\u00f6r r\u00e4tt att veta hur vi anv\u00e4nder uppgifterna samt hur du [&hellip;]","og_url":"https:\/\/grondalscamping.se\/kontakt\/om-cookies\/","og_site_name":"Gr\u00f6ndals Camping &amp; Stugor","article_modified_time":"2024-10-31T13:00:03+00:00","og_image":[{"width":1024,"height":683,"url":"https:\/\/grondalscamping.se\/wp-content\/uploads\/2021\/09\/66grondals-receptionen-med-blomma-1024x683.jpg","type":"image\/jpeg"}],"twitter_card":"summary_large_image","twitter_misc":{"Est. reading time":"2 minutes"},"schema":{"@context":"https:\/\/schema.org","@graph":[{"@type":"WebPage","@id":"https:\/\/grondalscamping.se\/kontakt\/om-cookies\/","url":"https:\/\/grondalscamping.se\/kontakt\/om-cookies\/","name":"Om cookies - Gr\u00f6ndals Camping &amp; Stugor","isPartOf":{"@id":"https:\/\/grondalscamping.se\/#website"},"primaryImageOfPage":{"@id":"https:\/\/grondalscamping.se\/kontakt\/om-cookies\/#primaryimage"},"image":{"@id":"https:\/\/grondalscamping.se\/kontakt\/om-cookies\/#primaryimage"},"thumbnailUrl":"https:\/\/grondalscamping.se\/wp-content\/uploads\/2021\/09\/66grondals-receptionen-med-blomma-scaled.jpg","datePublished":"2021-08-26T12:08:42+00:00","dateModified":"2024-10-31T13:00:03+00:00","breadcrumb":{"@id":"https:\/\/grondalscamping.se\/kontakt\/om-cookies\/#breadcrumb"},"inLanguage":"de-DE","potentialAction":[{"@type":"ReadAction","target":["https:\/\/grondalscamping.se\/kontakt\/om-cookies\/"]}]},{"@type":"ImageObject","inLanguage":"de-DE","@id":"https:\/\/grondalscamping.se\/kontakt\/om-cookies\/#primaryimage","url":"https:\/\/grondalscamping.se\/wp-content\/uploads\/2021\/09\/66grondals-receptionen-med-blomma-scaled.jpg","contentUrl":"https:\/\/grondalscamping.se\/wp-content\/uploads\/2021\/09\/66grondals-receptionen-med-blomma-scaled.jpg"},{"@type":"BreadcrumbList","@id":"https:\/\/grondalscamping.se\/kontakt\/om-cookies\/#breadcrumb","itemListElement":[{"@type":"ListItem","position":1,"name":"Hem","item":"https:\/\/grondalscamping.se\/de\/"},{"@type":"ListItem","position":2,"name":"Kontakta oss","item":"https:\/\/grondalscamping.se\/kontakt\/"},{"@type":"ListItem","position":3,"name":"Om cookies"}]},{"@type":"WebSite","@id":"https:\/\/grondalscamping.se\/#website","url":"https:\/\/grondalscamping.se\/","name":"Gr\u00f6ndals Camping &amp; Stugor","description":"Familjecamping Gr\u00f6ndals camping &amp; stugor som \u00e4r bel\u00e4gen vid havet mitt i K\u00f6pingsvik vid en av \u00d6lands finaste sandstr\u00e4nder.","publisher":{"@id":"https:\/\/grondalscamping.se\/#organization"},"potentialAction":[{"@type":"SearchAction","target":{"@type":"EntryPoint","urlTemplate":"https:\/\/grondalscamping.se\/?s={search_term_string}"},"query-input":{"@type":"PropertyValueSpecification","valueRequired":true,"valueName":"search_term_string"}}],"inLanguage":"de-DE"},{"@type":"Organization","@id":"https:\/\/grondalscamping.se\/#organization","name":"Gr\u00f6ndals Camping &amp; Stugor","url":"https:\/\/grondalscamping.se\/","logo":{"@type":"ImageObject","inLanguage":"de-DE","@id":"https:\/\/grondalscamping.se\/#\/schema\/logo\/image\/","url":"https:\/\/grondalscamping.se\/wp-content\/uploads\/2021\/09\/only-logo.png","contentUrl":"https:\/\/grondalscamping.se\/wp-content\/uploads\/2021\/09\/only-logo.png","width":347,"height":147,"caption":"Gr\u00f6ndals Camping &amp; Stugor"},"image":{"@id":"https:\/\/grondalscamping.se\/#\/schema\/logo\/image\/"}}]}},"_links":{"self":[{"href":"https:\/\/grondalscamping.se\/de\/wp-json\/wp\/v2\/pages\/62","targetHints":{"allow":["GET"]}}],"collection":[{"href":"https:\/\/grondalscamping.se\/de\/wp-json\/wp\/v2\/pages"}],"about":[{"href":"https:\/\/grondalscamping.se\/de\/wp-json\/wp\/v2\/types\/page"}],"author":[{"embeddable":true,"href":"https:\/\/grondalscamping.se\/de\/wp-json\/wp\/v2\/users\/1"}],"replies":[{"embeddable":true,"href":"https:\/\/grondalscamping.se\/de\/wp-json\/wp\/v2\/comments?post=62"}],"version-history":[{"count":13,"href":"https:\/\/grondalscamping.se\/de\/wp-json\/wp\/v2\/pages\/62\/revisions"}],"predecessor-version":[{"id":6583,"href":"https:\/\/grondalscamping.se\/de\/wp-json\/wp\/v2\/pages\/62\/revisions\/6583"}],"up":[{"embeddable":true,"href":"https:\/\/grondalscamping.se\/de\/wp-json\/wp\/v2\/pages\/138"}],"wp:attachment":[{"href":"https:\/\/grondalscamping.se\/de\/wp-json\/wp\/v2\/media?parent=62"}],"curies":[{"name":"wp","href":"https:\/\/api.w.org\/{rel}","templated":true}]}}