{"id":5841,"date":"2024-02-07T09:26:01","date_gmt":"2024-02-07T08:26:01","guid":{"rendered":"https:\/\/grondalscamping.se\/?page_id=5841"},"modified":"2026-01-30T11:41:21","modified_gmt":"2026-01-30T10:41:21","slug":"buchen","status":"publish","type":"page","link":"https:\/\/grondalscamping.se\/de\/buchen\/","title":{"rendered":"Buchen"},"content":{"rendered":"\n<div class=\"wp-block-group alignwide py-2\"><div class=\"wp-block-group__inner-container is-layout-flow wp-block-group-is-layout-flow\">\n<h1 class=\"wp-block-heading alignwide lg:px-2\" id=\"lek-sport-aktivitet\">Buchen Sie hier Ihren Platz!<\/h1>\n<\/div><\/div>\n\n\n\n<div class=\"wp-block-cover alignfull has-custom-content-position is-position-bottom-center mt-0\" style=\"min-height:400px;aspect-ratio:unset;\"><img loading=\"lazy\" decoding=\"async\" width=\"2048\" height=\"1366\" class=\"wp-block-cover__image-background wp-image-6888\" alt=\"\" src=\"https:\/\/grondalscamping.se\/wp-content\/uploads\/2024\/11\/solnedgang-hoppar-grondals-camping-2048x1366-1.jpg\" style=\"object-position:49% 28%\" data-object-fit=\"cover\" data-object-position=\"49% 28%\" srcset=\"https:\/\/grondalscamping.se\/wp-content\/uploads\/2024\/11\/solnedgang-hoppar-grondals-camping-2048x1366-1.jpg 2048w, https:\/\/grondalscamping.se\/wp-content\/uploads\/2024\/11\/solnedgang-hoppar-grondals-camping-2048x1366-1-300x200.jpg 300w, https:\/\/grondalscamping.se\/wp-content\/uploads\/2024\/11\/solnedgang-hoppar-grondals-camping-2048x1366-1-1024x683.jpg 1024w, https:\/\/grondalscamping.se\/wp-content\/uploads\/2024\/11\/solnedgang-hoppar-grondals-camping-2048x1366-1-768x512.jpg 768w, https:\/\/grondalscamping.se\/wp-content\/uploads\/2024\/11\/solnedgang-hoppar-grondals-camping-2048x1366-1-1536x1025.jpg 1536w\" sizes=\"auto, (max-width: 2048px) 100vw, 2048px\" \/><span aria-hidden=\"true\" class=\"wp-block-cover__background has-lightyellow-background-color has-background-dim-0 has-background-dim\"><\/span><div class=\"wp-block-cover__inner-container is-layout-flow wp-block-cover-is-layout-flow\">\n<p class=\"has-text-align-center has-large-font-size\"><\/p>\n<\/div><\/div>\n\n\n\n<h3 class=\"wp-block-heading\">Willkommen auf einem familiengef\u00fchrten Campingplatz mit H\u00fctten und strandnaher Lage<\/h3>\n\n\n\n<p class=\"\">Wir bieten f\u00fcnf verschiedene Gr\u00f6\u00dfen von Campingpl\u00e4tzen mit Strom f\u00fcr Wohnwagen, Wohnmobile oder Zelte an. Bitte w\u00e4hlen Sie Ihren Stellplatz sorgf\u00e4ltig entsprechend Ihrer ben\u00f6tigten Gr\u00f6\u00dfe. Wenn Sie zwischen zwei Gr\u00f6\u00dfen schwanken, w\u00e4hlen Sie die gr\u00f6\u00dfere.<\/p>\n\n\n\n<div class=\"wp-block-group alignwide\"><div class=\"wp-block-group__inner-container is-layout-constrained wp-block-group-is-layout-constrained\">\n<div style=\"height: 1000px\"><iframe style=\"width: 100%; height: 100%; border: none;\" src=\"https:\/\/grondal.kgv.nu\/\"><span data-mce-type=\"bookmark\" style=\"display: inline-block; width: 0px; overflow: hidden; line-height: 0;\" class=\"mce_SELRES_start\"><\/span><\/iframe><\/div>\n<\/div><\/div>\n\n\n\n<div class=\"wp-block-northosts-grid alignwide grid gap-0 md:gap-0 grid-cols-1 mt-0 lg:py-2 lg:px-1 lg:py-2 lg:px-1\">\n<section class=\"wp-block-northosts-grid-item col-span-full md:col-span-1 lg:col-span-1 p-0 has-background py-1 lg:py-3 px-1 lg:px-3\" style=\"background-color:#f4eeeb\">\n<h3 class=\"wp-block-heading\">Buchungsinformationen<\/h3>\n\n\n\n<p class=\"\">Wenn Sie online buchen, ist dies kostenlos und Sie k\u00f6nnen selbst entscheiden, wann Sie Ihre Buchung vornehmen m\u00f6chten.<br>Wenn Sie Hilfe w\u00fcnschen, kontaktieren Sie uns gerne unter<br><a>info@grondalscamping.se<\/a> oder +46 485 722 27.<br>Buchung mit pers\u00f6nlichem Service: 60 SEK pro Objekt.<\/p>\n\n\n\n<p class=\"\">Buchungen f\u00fcr das Mittsommer-Wochenende erfolgen telefonisch unter +46 485 722 27.<br>Mindestalter: 23 Jahre f\u00fcr alle Personen der Gruppe, ausgenommen Familien mit Kindern.<\/p>\n\n\n\n<p class=\"\"><strong>Wann ist die Buchung g\u00fcltig?<\/strong><br>Die Buchung ist erst g\u00fcltig, wenn Sie eine Best\u00e4tigung \u2013 Rechnung oder SMS \u2013 von uns erhalten haben.<\/p>\n\n\n\n<p class=\"\"><strong>Keine Antwort erhalten?<\/strong><br>Wenn Sie innerhalb von 2\u20133 Tagen keine Antwort von uns erhalten haben, kontaktieren Sie uns bitte erneut.<br>Bitte pr\u00fcfen Sie auch Ihren Spam-Ordner, manchmal landen E-Mails dort.<\/p>\n\n\n\n<p class=\"\"><strong>Buchungsregeln Hauptsaison (05.07.\u201301.08.):<\/strong><br>Mindestaufenthalt 3 N\u00e4chte bei Vorbuchung auf den lila &amp; gelben Pl\u00e4tzen,<br>mindestens 5 N\u00e4chte f\u00fcr die gr\u00f6\u00dferen Stellpl\u00e4tze.<\/p>\n\n\n\n<p class=\"\">M\u00f6chten Sie einen k\u00fcrzeren Aufenthalt buchen, k\u00f6nnen Sie uns telefonisch oder per E-Mail kontaktieren, um zu pr\u00fcfen, ob dies m\u00f6glich ist.<br><\/p>\n\n\n\n<div class=\"wp-block-buttons is-layout-flex wp-block-buttons-is-layout-flex\">\n<div class=\"wp-block-button\"><a class=\"wp-block-button__link has-dark-background-color has-background wp-element-button\" href=\"https:\/\/grondalscamping.se\/en\/booking-and-payment-terms\/\" style=\"text-transform:uppercase\">Buchungsbedingungen<\/a><\/div>\n\n\n\n<div class=\"wp-block-button\"><a class=\"wp-block-button__link has-dark-background-color has-background wp-element-button\" href=\"https:\/\/grondalscamping.se\/de\/campingplaetze\/campingkarte\/\">CAMPINGKARTE<\/a><\/div>\n<\/div>\n<\/section>\n<\/div>\n","protected":false},"excerpt":{"rendered":"<p>Buchen Sie hier Ihren Platz! Willkommen auf einem familiengef\u00fchrten Campingplatz mit H\u00fctten und strandnaher Lage Wir bieten f\u00fcnf verschiedene Gr\u00f6\u00dfen von Campingpl\u00e4tzen mit Strom f\u00fcr Wohnwagen, Wohnmobile oder Zelte an. Bitte w\u00e4hlen Sie Ihren Stellplatz sorgf\u00e4ltig entsprechend Ihrer ben\u00f6tigten Gr\u00f6\u00dfe. Wenn Sie zwischen zwei Gr\u00f6\u00dfen schwanken, w\u00e4hlen Sie die gr\u00f6\u00dfere.<\/p>\n","protected":false},"author":4,"featured_media":0,"parent":0,"menu_order":0,"comment_status":"closed","ping_status":"closed","template":"","meta":{"_acf_changed":false,"northosts_mobile_spacing_top":"theme","northosts_mobile_spacing_bottom":"theme","northosts_desktop_spacing_top":"theme","northosts_desktop_spacing_bottom":"theme","inline_featured_image":false,"footnotes":""},"class_list":["post-5841","page","type-page","status-publish","hentry"],"acf":[],"yoast_head":"<!-- This site is optimized with the Yoast SEO plugin v27.4 - https:\/\/yoast.com\/product\/yoast-seo-wordpress\/ -->\n<title>Buchen - Gr\u00f6ndals Camping &amp; Stugor<\/title>\n<meta name=\"robots\" content=\"index, follow, max-snippet:-1, max-image-preview:large, max-video-preview:-1\" \/>\n<link rel=\"canonical\" href=\"https:\/\/grondalscamping.se\/de\/buchen\/\" \/>\n<meta property=\"og:locale\" content=\"de_DE\" \/>\n<meta property=\"og:type\" content=\"article\" \/>\n<meta property=\"og:title\" content=\"Buchen - Gr\u00f6ndals Camping &amp; Stugor\" \/>\n<meta property=\"og:description\" content=\"Buchen Sie hier Ihren Platz! Willkommen auf einem familiengef\u00fchrten Campingplatz mit H\u00fctten und strandnaher Lage Wir bieten f\u00fcnf verschiedene Gr\u00f6\u00dfen von Campingpl\u00e4tzen mit Strom f\u00fcr Wohnwagen, Wohnmobile oder Zelte an. Bitte w\u00e4hlen Sie Ihren Stellplatz sorgf\u00e4ltig entsprechend Ihrer ben\u00f6tigten Gr\u00f6\u00dfe. Wenn Sie zwischen zwei Gr\u00f6\u00dfen schwanken, w\u00e4hlen Sie die gr\u00f6\u00dfere.\" \/>\n<meta property=\"og:url\" content=\"https:\/\/grondalscamping.se\/de\/buchen\/\" \/>\n<meta property=\"og:site_name\" content=\"Gr\u00f6ndals Camping &amp; Stugor\" \/>\n<meta property=\"article:modified_time\" content=\"2026-01-30T10:41:21+00:00\" \/>\n<meta property=\"og:image\" content=\"https:\/\/grondalscamping.se\/wp-content\/uploads\/2024\/11\/solnedgang-hoppar-grondals-camping-2048x1366-1-1024x683.jpg\" \/>\n\t<meta property=\"og:image:width\" content=\"1024\" \/>\n\t<meta property=\"og:image:height\" content=\"683\" \/>\n\t<meta property=\"og:image:type\" content=\"image\/jpeg\" \/>\n<meta name=\"twitter:card\" content=\"summary_large_image\" \/>\n<meta name=\"twitter:label1\" content=\"Est. reading time\" \/>\n\t<meta name=\"twitter:data1\" content=\"1 minute\" \/>\n<script type=\"application\/ld+json\" class=\"yoast-schema-graph\">{\"@context\":\"https:\\\/\\\/schema.org\",\"@graph\":[{\"@type\":\"WebPage\",\"@id\":\"https:\\\/\\\/grondalscamping.se\\\/de\\\/buchen\\\/\",\"url\":\"https:\\\/\\\/grondalscamping.se\\\/de\\\/buchen\\\/\",\"name\":\"Buchen - Gr\u00f6ndals Camping &amp; Stugor\",\"isPartOf\":{\"@id\":\"https:\\\/\\\/grondalscamping.se\\\/#website\"},\"primaryImageOfPage\":{\"@id\":\"https:\\\/\\\/grondalscamping.se\\\/de\\\/buchen\\\/#primaryimage\"},\"image\":{\"@id\":\"https:\\\/\\\/grondalscamping.se\\\/de\\\/buchen\\\/#primaryimage\"},\"thumbnailUrl\":\"https:\\\/\\\/grondalscamping.se\\\/wp-content\\\/uploads\\\/2024\\\/11\\\/solnedgang-hoppar-grondals-camping-2048x1366-1.jpg\",\"datePublished\":\"2024-02-07T08:26:01+00:00\",\"dateModified\":\"2026-01-30T10:41:21+00:00\",\"breadcrumb\":{\"@id\":\"https:\\\/\\\/grondalscamping.se\\\/de\\\/buchen\\\/#breadcrumb\"},\"inLanguage\":\"de-DE\",\"potentialAction\":[{\"@type\":\"ReadAction\",\"target\":[\"https:\\\/\\\/grondalscamping.se\\\/de\\\/buchen\\\/\"]}]},{\"@type\":\"ImageObject\",\"inLanguage\":\"de-DE\",\"@id\":\"https:\\\/\\\/grondalscamping.se\\\/de\\\/buchen\\\/#primaryimage\",\"url\":\"https:\\\/\\\/grondalscamping.se\\\/wp-content\\\/uploads\\\/2024\\\/11\\\/solnedgang-hoppar-grondals-camping-2048x1366-1.jpg\",\"contentUrl\":\"https:\\\/\\\/grondalscamping.se\\\/wp-content\\\/uploads\\\/2024\\\/11\\\/solnedgang-hoppar-grondals-camping-2048x1366-1.jpg\"},{\"@type\":\"BreadcrumbList\",\"@id\":\"https:\\\/\\\/grondalscamping.se\\\/de\\\/buchen\\\/#breadcrumb\",\"itemListElement\":[{\"@type\":\"ListItem\",\"position\":1,\"name\":\"Hem\",\"item\":\"https:\\\/\\\/grondalscamping.se\\\/de\\\/\"},{\"@type\":\"ListItem\",\"position\":2,\"name\":\"Buchen\"}]},{\"@type\":\"WebSite\",\"@id\":\"https:\\\/\\\/grondalscamping.se\\\/#website\",\"url\":\"https:\\\/\\\/grondalscamping.se\\\/\",\"name\":\"Gr\u00f6ndals Camping &amp; Stugor\",\"description\":\"Familjecamping Gr\u00f6ndals camping &amp; stugor som \u00e4r bel\u00e4gen vid havet mitt i K\u00f6pingsvik vid en av \u00d6lands finaste sandstr\u00e4nder.\",\"publisher\":{\"@id\":\"https:\\\/\\\/grondalscamping.se\\\/#organization\"},\"potentialAction\":[{\"@type\":\"SearchAction\",\"target\":{\"@type\":\"EntryPoint\",\"urlTemplate\":\"https:\\\/\\\/grondalscamping.se\\\/?s={search_term_string}\"},\"query-input\":{\"@type\":\"PropertyValueSpecification\",\"valueRequired\":true,\"valueName\":\"search_term_string\"}}],\"inLanguage\":\"de-DE\"},{\"@type\":\"Organization\",\"@id\":\"https:\\\/\\\/grondalscamping.se\\\/#organization\",\"name\":\"Gr\u00f6ndals Camping &amp; Stugor\",\"url\":\"https:\\\/\\\/grondalscamping.se\\\/\",\"logo\":{\"@type\":\"ImageObject\",\"inLanguage\":\"de-DE\",\"@id\":\"https:\\\/\\\/grondalscamping.se\\\/#\\\/schema\\\/logo\\\/image\\\/\",\"url\":\"https:\\\/\\\/grondalscamping.se\\\/wp-content\\\/uploads\\\/2021\\\/09\\\/only-logo.png\",\"contentUrl\":\"https:\\\/\\\/grondalscamping.se\\\/wp-content\\\/uploads\\\/2021\\\/09\\\/only-logo.png\",\"width\":347,\"height\":147,\"caption\":\"Gr\u00f6ndals Camping &amp; Stugor\"},\"image\":{\"@id\":\"https:\\\/\\\/grondalscamping.se\\\/#\\\/schema\\\/logo\\\/image\\\/\"}}]}<\/script>\n<!-- \/ Yoast SEO plugin. -->","yoast_head_json":{"title":"Buchen - Gr\u00f6ndals Camping &amp; Stugor","robots":{"index":"index","follow":"follow","max-snippet":"max-snippet:-1","max-image-preview":"max-image-preview:large","max-video-preview":"max-video-preview:-1"},"canonical":"https:\/\/grondalscamping.se\/de\/buchen\/","og_locale":"de_DE","og_type":"article","og_title":"Buchen - Gr\u00f6ndals Camping &amp; Stugor","og_description":"Buchen Sie hier Ihren Platz! Willkommen auf einem familiengef\u00fchrten Campingplatz mit H\u00fctten und strandnaher Lage Wir bieten f\u00fcnf verschiedene Gr\u00f6\u00dfen von Campingpl\u00e4tzen mit Strom f\u00fcr Wohnwagen, Wohnmobile oder Zelte an. Bitte w\u00e4hlen Sie Ihren Stellplatz sorgf\u00e4ltig entsprechend Ihrer ben\u00f6tigten Gr\u00f6\u00dfe. Wenn Sie zwischen zwei Gr\u00f6\u00dfen schwanken, w\u00e4hlen Sie die gr\u00f6\u00dfere.","og_url":"https:\/\/grondalscamping.se\/de\/buchen\/","og_site_name":"Gr\u00f6ndals Camping &amp; Stugor","article_modified_time":"2026-01-30T10:41:21+00:00","og_image":[{"width":1024,"height":683,"url":"https:\/\/grondalscamping.se\/wp-content\/uploads\/2024\/11\/solnedgang-hoppar-grondals-camping-2048x1366-1-1024x683.jpg","type":"image\/jpeg"}],"twitter_card":"summary_large_image","twitter_misc":{"Est. reading time":"1 minute"},"schema":{"@context":"https:\/\/schema.org","@graph":[{"@type":"WebPage","@id":"https:\/\/grondalscamping.se\/de\/buchen\/","url":"https:\/\/grondalscamping.se\/de\/buchen\/","name":"Buchen - Gr\u00f6ndals Camping &amp; Stugor","isPartOf":{"@id":"https:\/\/grondalscamping.se\/#website"},"primaryImageOfPage":{"@id":"https:\/\/grondalscamping.se\/de\/buchen\/#primaryimage"},"image":{"@id":"https:\/\/grondalscamping.se\/de\/buchen\/#primaryimage"},"thumbnailUrl":"https:\/\/grondalscamping.se\/wp-content\/uploads\/2024\/11\/solnedgang-hoppar-grondals-camping-2048x1366-1.jpg","datePublished":"2024-02-07T08:26:01+00:00","dateModified":"2026-01-30T10:41:21+00:00","breadcrumb":{"@id":"https:\/\/grondalscamping.se\/de\/buchen\/#breadcrumb"},"inLanguage":"de-DE","potentialAction":[{"@type":"ReadAction","target":["https:\/\/grondalscamping.se\/de\/buchen\/"]}]},{"@type":"ImageObject","inLanguage":"de-DE","@id":"https:\/\/grondalscamping.se\/de\/buchen\/#primaryimage","url":"https:\/\/grondalscamping.se\/wp-content\/uploads\/2024\/11\/solnedgang-hoppar-grondals-camping-2048x1366-1.jpg","contentUrl":"https:\/\/grondalscamping.se\/wp-content\/uploads\/2024\/11\/solnedgang-hoppar-grondals-camping-2048x1366-1.jpg"},{"@type":"BreadcrumbList","@id":"https:\/\/grondalscamping.se\/de\/buchen\/#breadcrumb","itemListElement":[{"@type":"ListItem","position":1,"name":"Hem","item":"https:\/\/grondalscamping.se\/de\/"},{"@type":"ListItem","position":2,"name":"Buchen"}]},{"@type":"WebSite","@id":"https:\/\/grondalscamping.se\/#website","url":"https:\/\/grondalscamping.se\/","name":"Gr\u00f6ndals Camping &amp; Stugor","description":"Familjecamping Gr\u00f6ndals camping &amp; stugor som \u00e4r bel\u00e4gen vid havet mitt i K\u00f6pingsvik vid en av \u00d6lands finaste sandstr\u00e4nder.","publisher":{"@id":"https:\/\/grondalscamping.se\/#organization"},"potentialAction":[{"@type":"SearchAction","target":{"@type":"EntryPoint","urlTemplate":"https:\/\/grondalscamping.se\/?s={search_term_string}"},"query-input":{"@type":"PropertyValueSpecification","valueRequired":true,"valueName":"search_term_string"}}],"inLanguage":"de-DE"},{"@type":"Organization","@id":"https:\/\/grondalscamping.se\/#organization","name":"Gr\u00f6ndals Camping &amp; Stugor","url":"https:\/\/grondalscamping.se\/","logo":{"@type":"ImageObject","inLanguage":"de-DE","@id":"https:\/\/grondalscamping.se\/#\/schema\/logo\/image\/","url":"https:\/\/grondalscamping.se\/wp-content\/uploads\/2021\/09\/only-logo.png","contentUrl":"https:\/\/grondalscamping.se\/wp-content\/uploads\/2021\/09\/only-logo.png","width":347,"height":147,"caption":"Gr\u00f6ndals Camping &amp; Stugor"},"image":{"@id":"https:\/\/grondalscamping.se\/#\/schema\/logo\/image\/"}}]}},"_links":{"self":[{"href":"https:\/\/grondalscamping.se\/de\/wp-json\/wp\/v2\/pages\/5841","targetHints":{"allow":["GET"]}}],"collection":[{"href":"https:\/\/grondalscamping.se\/de\/wp-json\/wp\/v2\/pages"}],"about":[{"href":"https:\/\/grondalscamping.se\/de\/wp-json\/wp\/v2\/types\/page"}],"author":[{"embeddable":true,"href":"https:\/\/grondalscamping.se\/de\/wp-json\/wp\/v2\/users\/4"}],"replies":[{"embeddable":true,"href":"https:\/\/grondalscamping.se\/de\/wp-json\/wp\/v2\/comments?post=5841"}],"version-history":[{"count":12,"href":"https:\/\/grondalscamping.se\/de\/wp-json\/wp\/v2\/pages\/5841\/revisions"}],"predecessor-version":[{"id":7475,"href":"https:\/\/grondalscamping.se\/de\/wp-json\/wp\/v2\/pages\/5841\/revisions\/7475"}],"wp:attachment":[{"href":"https:\/\/grondalscamping.se\/de\/wp-json\/wp\/v2\/media?parent=5841"}],"curies":[{"name":"wp","href":"https:\/\/api.w.org\/{rel}","templated":true}]}}