{"id":144,"date":"2021-08-26T14:02:36","date_gmt":"2021-08-26T12:02:36","guid":{"rendered":"http:\/\/grondalscampingse.northq.localhost\/?page_id=30"},"modified":"2026-01-22T11:04:26","modified_gmt":"2026-01-22T10:04:26","slug":"lek-sport","status":"publish","type":"page","link":"https:\/\/grondalscamping.se\/de\/lek-sport\/","title":{"rendered":"Lek &#038; sport"},"content":{"rendered":"\n<div class=\"wp-block-group alignwide py-2\"><div class=\"wp-block-group__inner-container is-layout-flow wp-block-group-is-layout-flow\">\n<h1 class=\"wp-block-heading alignwide lg:px-2\" id=\"lek-sport-aktivitet\"><meta charset=\"utf-8\">Lek, sport &amp; aktivitet<\/h1>\n\n\n\n<p class=\"has-medium-font-size lg:px-2\"><meta charset=\"utf-8\"><meta charset=\"utf-8\">Att leka och r\u00f6ra p\u00e5 sig utomhus \u00e4r viktigt f\u00f6r b\u00e5de barn och vuxna. <\/p>\n<\/div><\/div>\n\n\n\n<div class=\"wp-block-cover alignfull is-light mt-0\"><img loading=\"lazy\" decoding=\"async\" width=\"2500\" height=\"1666\" class=\"wp-block-cover__image-background wp-image-6397\" alt=\"\" src=\"https:\/\/grondalscamping.se\/wp-content\/uploads\/2024\/10\/Grodal_7_lek_sport_fotboll.jpg\" style=\"object-position:54% 60%\" data-object-fit=\"cover\" data-object-position=\"54% 60%\" srcset=\"https:\/\/grondalscamping.se\/wp-content\/uploads\/2024\/10\/Grodal_7_lek_sport_fotboll.jpg 2500w, https:\/\/grondalscamping.se\/wp-content\/uploads\/2024\/10\/Grodal_7_lek_sport_fotboll-300x200.jpg 300w, https:\/\/grondalscamping.se\/wp-content\/uploads\/2024\/10\/Grodal_7_lek_sport_fotboll-1024x682.jpg 1024w, https:\/\/grondalscamping.se\/wp-content\/uploads\/2024\/10\/Grodal_7_lek_sport_fotboll-768x512.jpg 768w, https:\/\/grondalscamping.se\/wp-content\/uploads\/2024\/10\/Grodal_7_lek_sport_fotboll-1536x1024.jpg 1536w, https:\/\/grondalscamping.se\/wp-content\/uploads\/2024\/10\/Grodal_7_lek_sport_fotboll-2048x1365.jpg 2048w\" sizes=\"auto, (max-width: 2500px) 100vw, 2500px\" \/><span aria-hidden=\"true\" class=\"wp-block-cover__background has-background-dim-0 has-background-dim\" style=\"background-color:#858971\"><\/span><div class=\"wp-block-cover__inner-container is-layout-flow wp-block-cover-is-layout-flow\">\n<p class=\"has-text-align-center has-large-font-size\"><\/p>\n<\/div><\/div>\n\n\n\n<div class=\"wp-block-media-text alignwide has-media-on-the-right is-stacked-on-mobile mt-0 lg:mt-1 py-1 lg:py-2 lg:px-2\" style=\"grid-template-columns:auto 60%\"><div class=\"wp-block-media-text__content\">\n<h3 class=\"wp-block-heading has-text-align-right py-1 lg:py-0\" id=\"lekplats-for-alla-aldrar\">Lekplats f\u00f6r alla \u00e5ldrar<\/h3>\n\n\n\n<p class=\"has-text-align-right py-0\">Vi l\u00e4gger stor vikt p\u00e5 v\u00e5r fina lekplats som hj\u00e4lper till att ha kul, koppla av och tr\u00e4ffa nya v\u00e4nner.<br><br><\/p>\n<\/div><figure class=\"wp-block-media-text__media\"><img loading=\"lazy\" decoding=\"async\" width=\"1024\" height=\"682\" src=\"https:\/\/grondalscamping.se\/wp-content\/uploads\/2024\/10\/Grondal_4_lekplats-1024x682.jpg\" alt=\"\" class=\"wp-image-6407 size-full\" srcset=\"https:\/\/grondalscamping.se\/wp-content\/uploads\/2024\/10\/Grondal_4_lekplats-1024x682.jpg 1024w, https:\/\/grondalscamping.se\/wp-content\/uploads\/2024\/10\/Grondal_4_lekplats-300x200.jpg 300w, https:\/\/grondalscamping.se\/wp-content\/uploads\/2024\/10\/Grondal_4_lekplats-768x512.jpg 768w, https:\/\/grondalscamping.se\/wp-content\/uploads\/2024\/10\/Grondal_4_lekplats-1536x1024.jpg 1536w, https:\/\/grondalscamping.se\/wp-content\/uploads\/2024\/10\/Grondal_4_lekplats.jpg 2000w\" sizes=\"auto, (max-width: 1024px) 100vw, 1024px\" \/><\/figure><\/div>\n\n\n\n<div class=\"wp-block-media-text alignwide is-stacked-on-mobile mt-0 py-1 lg:py-1 lg:px-2\" style=\"grid-template-columns:60% auto\"><figure class=\"wp-block-media-text__media\"><img data-dominant-color=\"bdd8ef\" data-has-transparency=\"false\" style=\"--dominant-color: #bdd8ef;\" loading=\"lazy\" decoding=\"async\" width=\"1024\" height=\"682\" src=\"https:\/\/grondalscamping.se\/wp-content\/uploads\/2026\/01\/sandstrand-bad-Grondal-1024x682.webp\" alt=\"\" class=\"wp-image-7428 size-full not-transparent\" srcset=\"https:\/\/grondalscamping.se\/wp-content\/uploads\/2026\/01\/sandstrand-bad-Grondal-1024x682.webp 1024w, https:\/\/grondalscamping.se\/wp-content\/uploads\/2026\/01\/sandstrand-bad-Grondal-300x200.webp 300w, https:\/\/grondalscamping.se\/wp-content\/uploads\/2026\/01\/sandstrand-bad-Grondal-768x512.webp 768w, https:\/\/grondalscamping.se\/wp-content\/uploads\/2026\/01\/sandstrand-bad-Grondal-1536x1024.webp 1536w, https:\/\/grondalscamping.se\/wp-content\/uploads\/2026\/01\/sandstrand-bad-Grondal.webp 2000w\" sizes=\"auto, (max-width: 1024px) 100vw, 1024px\" \/><\/figure><div class=\"wp-block-media-text__content\">\n<h3 class=\"wp-block-heading has-text-align-left py-1 lg:py-0\" id=\"bad-som-passar-alla\">Bad som passar alla<\/h3>\n\n\n\n<p class=\"has-text-align-left py-0\">Den l\u00e5nggrunda badviken med mjuk vit sand \u00e4r idealisk f\u00f6r b\u00e5de mindre som st\u00f6rre barn. Med lekplatsen, stranden och gr\u00f6nomr\u00e5det runt oss vill vi hj\u00e4lpa till att skapa en bra vistelse f\u00f6r lek och bad.<\/p>\n<\/div><\/div>\n\n\n\n<div class=\"wp-block-group alignwide mt-0 has-black-color has-text-color has-background mt-1 py-1 lg:py-1\" style=\"background-color:#f4e6e5\"><div class=\"wp-block-group__inner-container is-layout-flow wp-block-group-is-layout-flow\">\n<blockquote class=\"wp-block-quote has-text-align-left is-style-default mt-0 is-layout-flow wp-block-quote-is-layout-flow\">\n<p class=\"\">S\u00e5 trevlig camping! Trevlig och hj\u00e4lpsam personal, fr\u00e4scha servicehus och bra l\u00e4ge!<\/p>\n<cite>Anna Karlholm<\/cite><\/blockquote>\n<\/div><\/div>\n\n\n\n<div class=\"wp-block-media-text alignwide has-media-on-the-right is-stacked-on-mobile mt-0 py-1 lg:py-2 lg:px-2\" style=\"grid-template-columns:auto 60%\"><div class=\"wp-block-media-text__content\">\n<h3 class=\"wp-block-heading has-text-align-right py-1 lg:py-0\" id=\"fotboll-volleybollplan\">Fotboll <\/h3>\n\n\n\n<p class=\"has-text-align-right\">Bredvid camping finner ni ett st\u00f6rre gr\u00f6nomr\u00e5de med fotbollsplan.&nbsp;<\/p>\n<\/div><figure class=\"wp-block-media-text__media\"><img loading=\"lazy\" decoding=\"async\" width=\"1024\" height=\"683\" src=\"https:\/\/grondalscamping.se\/wp-content\/uploads\/2024\/10\/Grondal_24_19_fotboll-1024x683.jpg\" alt=\"\" class=\"wp-image-6402 size-full\" srcset=\"https:\/\/grondalscamping.se\/wp-content\/uploads\/2024\/10\/Grondal_24_19_fotboll-1024x683.jpg 1024w, https:\/\/grondalscamping.se\/wp-content\/uploads\/2024\/10\/Grondal_24_19_fotboll-300x200.jpg 300w, https:\/\/grondalscamping.se\/wp-content\/uploads\/2024\/10\/Grondal_24_19_fotboll-768x512.jpg 768w, https:\/\/grondalscamping.se\/wp-content\/uploads\/2024\/10\/Grondal_24_19_fotboll-1536x1024.jpg 1536w, https:\/\/grondalscamping.se\/wp-content\/uploads\/2024\/10\/Grondal_24_19_fotboll-2048x1365.jpg 2048w\" sizes=\"auto, (max-width: 1024px) 100vw, 1024px\" \/><\/figure><\/div>\n\n\n\n<div class=\"wp-block-media-text alignwide is-stacked-on-mobile mt-0 py-1 lg:py-1 lg:px-2\" style=\"grid-template-columns:60% auto\"><figure class=\"wp-block-media-text__media\"><img loading=\"lazy\" decoding=\"async\" width=\"1024\" height=\"857\" src=\"https:\/\/grondalscamping.se\/wp-content\/uploads\/2023\/09\/man-som-gymmar-grondals-e1695732864814-1024x857.jpg\" alt=\"\" class=\"wp-image-5465 size-full\" srcset=\"https:\/\/grondalscamping.se\/wp-content\/uploads\/2023\/09\/man-som-gymmar-grondals-e1695732864814-1024x857.jpg 1024w, https:\/\/grondalscamping.se\/wp-content\/uploads\/2023\/09\/man-som-gymmar-grondals-e1695732864814-300x251.jpg 300w, https:\/\/grondalscamping.se\/wp-content\/uploads\/2023\/09\/man-som-gymmar-grondals-e1695732864814-768x643.jpg 768w, https:\/\/grondalscamping.se\/wp-content\/uploads\/2023\/09\/man-som-gymmar-grondals-e1695732864814.jpg 1333w\" sizes=\"auto, (max-width: 1024px) 100vw, 1024px\" \/><\/figure><div class=\"wp-block-media-text__content\">\n<h3 class=\"wp-block-heading has-text-align-left py-1 lg:py-1\" id=\"strandpromenad-utegym\">Strandpromenad &amp; utegym<\/h3>\n\n\n\n<p class=\"has-text-align-left py-0\">L\u00e4ngs med stranden i K\u00f6pingsvik finns en vacker belyst strandpromenad med utegym som \u00e4ven bjuder in till h\u00e4rliga promenader och l\u00f6prundor.<\/p>\n\n\n\n<p class=\"\"><\/p>\n<\/div><\/div>\n\n\n\n<div class=\"wp-block-northosts-grid alignfull grid gap-0 md:gap-0 grid-cols-2 lg:px-4 lg:px-4\">\n<section class=\"wp-block-northosts-grid-item col-span-full md:col-span-1 lg:col-span-1 p-0 px-1\">\n<h2 class=\"wp-block-heading lg:py-1 lg:px-0\">Spring, cykla, tr\u00e4na<\/h2>\n<\/section>\n\n\n\n<section class=\"wp-block-northosts-grid-item col-span-full md:col-span-1 lg:col-span-1 p-0 px-1\">\n<div class=\"wp-block-buttons lg:py-1 is-horizontal is-content-justification-right is-layout-flex wp-container-core-buttons-is-layout-ae2fe186 wp-block-buttons-is-layout-flex\">\n<div class=\"wp-block-button\"><a class=\"wp-block-button__link wp-element-button\" href=\"https:\/\/olandrunning.se\/\" target=\"_blank\" rel=\"noreferrer noopener\">\u00d6LANDSLOPP<\/a><\/div>\n<\/div>\n<\/section>\n\n\n\n<section class=\"wp-block-northosts-grid-item col-span-full md:col-span-1 lg:col-span-1 p-0 has-background py-1 lg:py-3 px-1 lg:px-3\" style=\"background-color:#f4eeeb\">\n<p class=\"\"><meta charset=\"utf-8\"><strong>L\u00f6parkarta<\/strong><br>H\u00e4r, till h\u00f6ger finner ni en l\u00f6parkarta som best\u00e5r av tre olika str\u00e4ckor:<br>korta \u2013 2,7 km,&nbsp; mellan \u2013 3,6 km och l\u00e5nga 5,3 km. L\u00f6pstr\u00e4ckorna leder dig p\u00e5 en h\u00e4rligt springtur l\u00e4ngst med havet och underlaget best\u00e5r mestadels av grus.<\/p>\n\n\n\n<p class=\"\"><strong>Cykeluthyrning<\/strong><br>Varf\u00f6r inte hyra en cykel hos oss och uppt\u00e4ck \u00d6land p\u00e5 tv\u00e5 hjul? I receptionen erbjuder vi cykeluthyrning av Sj\u00f6sala cyklar, alla utrustade med korg. Gratis kartor finns i receptionen. L\u00e4s mer h\u00e4r&nbsp;<a href=\"https:\/\/www.oland.se\/sv\/cykla\" target=\"_blank\" rel=\"noreferrer noopener\">cykla p\u00e5 \u00d6land<\/a><\/p>\n\n\n\n<p class=\"\"><strong>Tr\u00e4ningspass<\/strong><br>Under h\u00f6gs\u00e4song finns flera olika aktiviteter \u00f6ppna f\u00f6r alla i K\u00f6pingsvik s\u00e5som yoga och tr\u00e4ningspass. I v\u00e5r n\u00e4rhet (4 km fr\u00e5n oss) finns&nbsp;<a href=\"https:\/\/borgholmsbadhus.se\/\" target=\"_blank\" rel=\"noreferrer noopener\">Borgholms Gym &amp; Bad<\/a>,&nbsp;<a href=\"https:\/\/nordicwellness.se\/vara-klubbar\/aland\/aland-borgholm\/\" target=\"_blank\" rel=\"noreferrer noopener\">Nordic Wellness<\/a>&nbsp;och&nbsp;<a href=\"https:\/\/malkars.se\/anlaggning\/borgholm\/\" target=\"_blank\" rel=\"noreferrer noopener\">Malkars Tr\u00e4ningscenter<\/a>.<\/p>\n\n\n\n<p class=\"\"><strong>Tennis &amp; Padel <\/strong><\/p>\n\n\n\n<p class=\"\">Padeltennis p\u00e5 <a href=\"https:\/\/lundegard.se\/aktiviteter\/padeltennis\/\">Lundeg\u00e5rds camping.<\/a><br><a href=\"https:\/\/padelarena.nu\/borgholm\/\">Padel Arena Borgholm<\/a><br><a href=\"https:\/\/borgholmstk.se\/\">Borgholms Tennisklubb<\/a><\/p>\n<\/section>\n\n\n\n<section class=\"wp-block-northosts-grid-item col-span-full md:col-span-1 lg:col-span-1 p-0\">\n<figure class=\"wp-block-image\"><img loading=\"lazy\" decoding=\"async\" width=\"1093\" height=\"1692\" src=\"https:\/\/grondalscamping.se\/wp-content\/uploads\/2021\/10\/loparkarta-grondalscamping-e1541439083776.jpeg\" alt=\"\" class=\"wp-image-1542\" srcset=\"https:\/\/grondalscamping.se\/wp-content\/uploads\/2021\/10\/loparkarta-grondalscamping-e1541439083776.jpeg 1093w, https:\/\/grondalscamping.se\/wp-content\/uploads\/2021\/10\/loparkarta-grondalscamping-e1541439083776-194x300.jpeg 194w, https:\/\/grondalscamping.se\/wp-content\/uploads\/2021\/10\/loparkarta-grondalscamping-e1541439083776-661x1024.jpeg 661w, https:\/\/grondalscamping.se\/wp-content\/uploads\/2021\/10\/loparkarta-grondalscamping-e1541439083776-768x1189.jpeg 768w, https:\/\/grondalscamping.se\/wp-content\/uploads\/2021\/10\/loparkarta-grondalscamping-e1541439083776-992x1536.jpeg 992w\" sizes=\"auto, (max-width: 1093px) 100vw, 1093px\" \/><\/figure>\n<\/section>\n<\/div>\n","protected":false},"excerpt":{"rendered":"<p>Lek, sport &amp; aktivitet Att leka och r\u00f6ra p\u00e5 sig utomhus \u00e4r viktigt f\u00f6r b\u00e5de barn och vuxna. Lekplats f\u00f6r alla \u00e5ldrar Vi l\u00e4gger stor vikt p\u00e5 v\u00e5r fina lekplats som hj\u00e4lper till att ha kul, koppla av och tr\u00e4ffa nya v\u00e4nner. Bad som passar alla Den l\u00e5nggrunda badviken med mjuk vit sand \u00e4r idealisk [&hellip;]<\/p>\n","protected":false},"author":1,"featured_media":0,"parent":0,"menu_order":0,"comment_status":"closed","ping_status":"closed","template":"","meta":{"_acf_changed":false,"northosts_mobile_spacing_top":"theme","northosts_mobile_spacing_bottom":"theme","northosts_desktop_spacing_top":"theme","northosts_desktop_spacing_bottom":"theme","inline_featured_image":false,"footnotes":""},"class_list":["post-144","page","type-page","status-publish","hentry"],"acf":[],"yoast_head":"<!-- This site is optimized with the Yoast SEO plugin v27.4 - https:\/\/yoast.com\/product\/yoast-seo-wordpress\/ -->\n<title>Lek &amp; sport - Gr\u00f6ndals Camping &amp; Stugor<\/title>\n<meta name=\"robots\" content=\"index, follow, max-snippet:-1, max-image-preview:large, max-video-preview:-1\" \/>\n<link rel=\"canonical\" href=\"https:\/\/grondalscamping.se\/lek-sport\/\" \/>\n<meta property=\"og:locale\" content=\"de_DE\" \/>\n<meta property=\"og:type\" content=\"article\" \/>\n<meta property=\"og:title\" content=\"Lek &amp; sport - Gr\u00f6ndals Camping &amp; Stugor\" \/>\n<meta property=\"og:description\" content=\"Lek, sport &amp; aktivitet Att leka och r\u00f6ra p\u00e5 sig utomhus \u00e4r viktigt f\u00f6r b\u00e5de barn och vuxna. Lekplats f\u00f6r alla \u00e5ldrar Vi l\u00e4gger stor vikt p\u00e5 v\u00e5r fina lekplats som hj\u00e4lper till att ha kul, koppla av och tr\u00e4ffa nya v\u00e4nner. Bad som passar alla Den l\u00e5nggrunda badviken med mjuk vit sand \u00e4r idealisk [&hellip;]\" \/>\n<meta property=\"og:url\" content=\"https:\/\/grondalscamping.se\/lek-sport\/\" \/>\n<meta property=\"og:site_name\" content=\"Gr\u00f6ndals Camping &amp; Stugor\" \/>\n<meta property=\"article:modified_time\" content=\"2026-01-22T10:04:26+00:00\" \/>\n<meta property=\"og:image\" content=\"https:\/\/grondalscamping.se\/wp-content\/uploads\/2024\/10\/Grodal_7_lek_sport_fotboll-1024x682.jpg\" \/>\n\t<meta property=\"og:image:width\" content=\"1024\" \/>\n\t<meta property=\"og:image:height\" content=\"682\" \/>\n\t<meta property=\"og:image:type\" content=\"image\/jpeg\" \/>\n<meta name=\"twitter:card\" content=\"summary_large_image\" \/>\n<meta name=\"twitter:label1\" content=\"Est. reading time\" \/>\n\t<meta name=\"twitter:data1\" content=\"4 minutes\" \/>\n<script type=\"application\/ld+json\" class=\"yoast-schema-graph\">{\"@context\":\"https:\\\/\\\/schema.org\",\"@graph\":[{\"@type\":\"WebPage\",\"@id\":\"https:\\\/\\\/grondalscamping.se\\\/lek-sport\\\/\",\"url\":\"https:\\\/\\\/grondalscamping.se\\\/lek-sport\\\/\",\"name\":\"Lek & sport - Gr\u00f6ndals Camping &amp; Stugor\",\"isPartOf\":{\"@id\":\"https:\\\/\\\/grondalscamping.se\\\/#website\"},\"primaryImageOfPage\":{\"@id\":\"https:\\\/\\\/grondalscamping.se\\\/lek-sport\\\/#primaryimage\"},\"image\":{\"@id\":\"https:\\\/\\\/grondalscamping.se\\\/lek-sport\\\/#primaryimage\"},\"thumbnailUrl\":\"https:\\\/\\\/grondalscamping.se\\\/wp-content\\\/uploads\\\/2024\\\/10\\\/Grodal_7_lek_sport_fotboll.jpg\",\"datePublished\":\"2021-08-26T12:02:36+00:00\",\"dateModified\":\"2026-01-22T10:04:26+00:00\",\"breadcrumb\":{\"@id\":\"https:\\\/\\\/grondalscamping.se\\\/lek-sport\\\/#breadcrumb\"},\"inLanguage\":\"de-DE\",\"potentialAction\":[{\"@type\":\"ReadAction\",\"target\":[\"https:\\\/\\\/grondalscamping.se\\\/lek-sport\\\/\"]}]},{\"@type\":\"ImageObject\",\"inLanguage\":\"de-DE\",\"@id\":\"https:\\\/\\\/grondalscamping.se\\\/lek-sport\\\/#primaryimage\",\"url\":\"https:\\\/\\\/grondalscamping.se\\\/wp-content\\\/uploads\\\/2024\\\/10\\\/Grodal_7_lek_sport_fotboll.jpg\",\"contentUrl\":\"https:\\\/\\\/grondalscamping.se\\\/wp-content\\\/uploads\\\/2024\\\/10\\\/Grodal_7_lek_sport_fotboll.jpg\"},{\"@type\":\"BreadcrumbList\",\"@id\":\"https:\\\/\\\/grondalscamping.se\\\/lek-sport\\\/#breadcrumb\",\"itemListElement\":[{\"@type\":\"ListItem\",\"position\":1,\"name\":\"Hem\",\"item\":\"https:\\\/\\\/grondalscamping.se\\\/de\\\/\"},{\"@type\":\"ListItem\",\"position\":2,\"name\":\"Lek &#038; sport\"}]},{\"@type\":\"WebSite\",\"@id\":\"https:\\\/\\\/grondalscamping.se\\\/#website\",\"url\":\"https:\\\/\\\/grondalscamping.se\\\/\",\"name\":\"Gr\u00f6ndals Camping &amp; Stugor\",\"description\":\"Familjecamping Gr\u00f6ndals camping &amp; stugor som \u00e4r bel\u00e4gen vid havet mitt i K\u00f6pingsvik vid en av \u00d6lands finaste sandstr\u00e4nder.\",\"publisher\":{\"@id\":\"https:\\\/\\\/grondalscamping.se\\\/#organization\"},\"potentialAction\":[{\"@type\":\"SearchAction\",\"target\":{\"@type\":\"EntryPoint\",\"urlTemplate\":\"https:\\\/\\\/grondalscamping.se\\\/?s={search_term_string}\"},\"query-input\":{\"@type\":\"PropertyValueSpecification\",\"valueRequired\":true,\"valueName\":\"search_term_string\"}}],\"inLanguage\":\"de-DE\"},{\"@type\":\"Organization\",\"@id\":\"https:\\\/\\\/grondalscamping.se\\\/#organization\",\"name\":\"Gr\u00f6ndals Camping &amp; Stugor\",\"url\":\"https:\\\/\\\/grondalscamping.se\\\/\",\"logo\":{\"@type\":\"ImageObject\",\"inLanguage\":\"de-DE\",\"@id\":\"https:\\\/\\\/grondalscamping.se\\\/#\\\/schema\\\/logo\\\/image\\\/\",\"url\":\"https:\\\/\\\/grondalscamping.se\\\/wp-content\\\/uploads\\\/2021\\\/09\\\/only-logo.png\",\"contentUrl\":\"https:\\\/\\\/grondalscamping.se\\\/wp-content\\\/uploads\\\/2021\\\/09\\\/only-logo.png\",\"width\":347,\"height\":147,\"caption\":\"Gr\u00f6ndals Camping &amp; Stugor\"},\"image\":{\"@id\":\"https:\\\/\\\/grondalscamping.se\\\/#\\\/schema\\\/logo\\\/image\\\/\"}}]}<\/script>\n<!-- \/ Yoast SEO plugin. -->","yoast_head_json":{"title":"Lek & sport - Gr\u00f6ndals Camping &amp; Stugor","robots":{"index":"index","follow":"follow","max-snippet":"max-snippet:-1","max-image-preview":"max-image-preview:large","max-video-preview":"max-video-preview:-1"},"canonical":"https:\/\/grondalscamping.se\/lek-sport\/","og_locale":"de_DE","og_type":"article","og_title":"Lek & sport - Gr\u00f6ndals Camping &amp; Stugor","og_description":"Lek, sport &amp; aktivitet Att leka och r\u00f6ra p\u00e5 sig utomhus \u00e4r viktigt f\u00f6r b\u00e5de barn och vuxna. Lekplats f\u00f6r alla \u00e5ldrar Vi l\u00e4gger stor vikt p\u00e5 v\u00e5r fina lekplats som hj\u00e4lper till att ha kul, koppla av och tr\u00e4ffa nya v\u00e4nner. Bad som passar alla Den l\u00e5nggrunda badviken med mjuk vit sand \u00e4r idealisk [&hellip;]","og_url":"https:\/\/grondalscamping.se\/lek-sport\/","og_site_name":"Gr\u00f6ndals Camping &amp; Stugor","article_modified_time":"2026-01-22T10:04:26+00:00","og_image":[{"width":1024,"height":682,"url":"https:\/\/grondalscamping.se\/wp-content\/uploads\/2024\/10\/Grodal_7_lek_sport_fotboll-1024x682.jpg","type":"image\/jpeg"}],"twitter_card":"summary_large_image","twitter_misc":{"Est. reading time":"4 minutes"},"schema":{"@context":"https:\/\/schema.org","@graph":[{"@type":"WebPage","@id":"https:\/\/grondalscamping.se\/lek-sport\/","url":"https:\/\/grondalscamping.se\/lek-sport\/","name":"Lek & sport - Gr\u00f6ndals Camping &amp; Stugor","isPartOf":{"@id":"https:\/\/grondalscamping.se\/#website"},"primaryImageOfPage":{"@id":"https:\/\/grondalscamping.se\/lek-sport\/#primaryimage"},"image":{"@id":"https:\/\/grondalscamping.se\/lek-sport\/#primaryimage"},"thumbnailUrl":"https:\/\/grondalscamping.se\/wp-content\/uploads\/2024\/10\/Grodal_7_lek_sport_fotboll.jpg","datePublished":"2021-08-26T12:02:36+00:00","dateModified":"2026-01-22T10:04:26+00:00","breadcrumb":{"@id":"https:\/\/grondalscamping.se\/lek-sport\/#breadcrumb"},"inLanguage":"de-DE","potentialAction":[{"@type":"ReadAction","target":["https:\/\/grondalscamping.se\/lek-sport\/"]}]},{"@type":"ImageObject","inLanguage":"de-DE","@id":"https:\/\/grondalscamping.se\/lek-sport\/#primaryimage","url":"https:\/\/grondalscamping.se\/wp-content\/uploads\/2024\/10\/Grodal_7_lek_sport_fotboll.jpg","contentUrl":"https:\/\/grondalscamping.se\/wp-content\/uploads\/2024\/10\/Grodal_7_lek_sport_fotboll.jpg"},{"@type":"BreadcrumbList","@id":"https:\/\/grondalscamping.se\/lek-sport\/#breadcrumb","itemListElement":[{"@type":"ListItem","position":1,"name":"Hem","item":"https:\/\/grondalscamping.se\/de\/"},{"@type":"ListItem","position":2,"name":"Lek &#038; sport"}]},{"@type":"WebSite","@id":"https:\/\/grondalscamping.se\/#website","url":"https:\/\/grondalscamping.se\/","name":"Gr\u00f6ndals Camping &amp; Stugor","description":"Familjecamping Gr\u00f6ndals camping &amp; stugor som \u00e4r bel\u00e4gen vid havet mitt i K\u00f6pingsvik vid en av \u00d6lands finaste sandstr\u00e4nder.","publisher":{"@id":"https:\/\/grondalscamping.se\/#organization"},"potentialAction":[{"@type":"SearchAction","target":{"@type":"EntryPoint","urlTemplate":"https:\/\/grondalscamping.se\/?s={search_term_string}"},"query-input":{"@type":"PropertyValueSpecification","valueRequired":true,"valueName":"search_term_string"}}],"inLanguage":"de-DE"},{"@type":"Organization","@id":"https:\/\/grondalscamping.se\/#organization","name":"Gr\u00f6ndals Camping &amp; Stugor","url":"https:\/\/grondalscamping.se\/","logo":{"@type":"ImageObject","inLanguage":"de-DE","@id":"https:\/\/grondalscamping.se\/#\/schema\/logo\/image\/","url":"https:\/\/grondalscamping.se\/wp-content\/uploads\/2021\/09\/only-logo.png","contentUrl":"https:\/\/grondalscamping.se\/wp-content\/uploads\/2021\/09\/only-logo.png","width":347,"height":147,"caption":"Gr\u00f6ndals Camping &amp; Stugor"},"image":{"@id":"https:\/\/grondalscamping.se\/#\/schema\/logo\/image\/"}}]}},"_links":{"self":[{"href":"https:\/\/grondalscamping.se\/de\/wp-json\/wp\/v2\/pages\/144","targetHints":{"allow":["GET"]}}],"collection":[{"href":"https:\/\/grondalscamping.se\/de\/wp-json\/wp\/v2\/pages"}],"about":[{"href":"https:\/\/grondalscamping.se\/de\/wp-json\/wp\/v2\/types\/page"}],"author":[{"embeddable":true,"href":"https:\/\/grondalscamping.se\/de\/wp-json\/wp\/v2\/users\/1"}],"replies":[{"embeddable":true,"href":"https:\/\/grondalscamping.se\/de\/wp-json\/wp\/v2\/comments?post=144"}],"version-history":[{"count":72,"href":"https:\/\/grondalscamping.se\/de\/wp-json\/wp\/v2\/pages\/144\/revisions"}],"predecessor-version":[{"id":7431,"href":"https:\/\/grondalscamping.se\/de\/wp-json\/wp\/v2\/pages\/144\/revisions\/7431"}],"wp:attachment":[{"href":"https:\/\/grondalscamping.se\/de\/wp-json\/wp\/v2\/media?parent=144"}],"curies":[{"name":"wp","href":"https:\/\/api.w.org\/{rel}","templated":true}]}}