{"id":141,"date":"2021-08-26T14:01:29","date_gmt":"2021-08-26T12:01:29","guid":{"rendered":"http:\/\/grondalscampingse.northq.localhost\/?page_id=24"},"modified":"2026-01-22T10:36:22","modified_gmt":"2026-01-22T09:36:22","slug":"priser-camping","status":"publish","type":"page","link":"https:\/\/grondalscamping.se\/de\/camping\/priser-camping\/","title":{"rendered":"Priser camping"},"content":{"rendered":"\n<h1 class=\"wp-block-heading has-text-align-center mt-2\">Priser camping<\/h1>\n\n\n\n<p class=\"has-text-align-center has-small-font-size\"><em>Priserna avser max 6 personer (vuxna och barn). <\/em><br><em>Vid extra person (vuxen eller barn), tillkommer en avgift p\u00e5 50 kr\/per person och dygn, max 2 extra personer. <\/em><br><em><a href=\"https:\/\/grondalscamping.se\/bokningsvillkor\/\"><span style=\"text-decoration: underline;\">L\u00e4s mer i v\u00e5ra bokningsvillkor h\u00e4r!<\/span><\/a><\/em><\/p>\n\n\n\n<div class=\"wp-block-group alignwide\"><div class=\"wp-block-group__inner-container is-layout-constrained wp-block-group-is-layout-constrained\">\n<figure class=\"wp-block-table alignwide is-style-regular py-0 lg:px-4\"><table class=\"has-dark-color has-text-color\"><thead><tr><th class=\"has-text-align-left\" data-align=\"left\"><strong>DATUM 2026<\/strong><\/th><th class=\"has-text-align-left\" data-align=\"left\"><strong>LILA<\/strong> <br>-med el<\/th><th class=\"has-text-align-left\" data-align=\"left\"><strong>GULA<\/strong> <br>-med el<\/th><th class=\"has-text-align-left\" data-align=\"left\"><strong>BL\u00c5A<\/strong><br>-med el<\/th><th class=\"has-text-align-left\" data-align=\"left\"><strong>GR\u00d6NA<\/strong><br>-med el<\/th><th class=\"has-text-align-left\" data-align=\"left\"><strong>ORANGE<\/strong> <br>-med el, avlopp <\/th><th class=\"has-text-align-left\" data-align=\"left\"><strong>ST\u00c4LLPLATS<\/strong><\/th><\/tr><\/thead><tbody><tr><td class=\"has-text-align-left\" data-align=\"left\"><strong>24\/4\u201317\/6<\/strong><\/td><td class=\"has-text-align-left\" data-align=\"left\">390:-<\/td><td class=\"has-text-align-left\" data-align=\"left\">395:-<\/td><td class=\"has-text-align-left\" data-align=\"left\">411:-<\/td><td class=\"has-text-align-left\" data-align=\"left\">432:-<\/td><td class=\"has-text-align-left\" data-align=\"left\">468:-<\/td><td class=\"has-text-align-left\" data-align=\"left\">322:-<\/td><\/tr><tr><td class=\"has-text-align-left\" data-align=\"left\"><strong>4\/6-6\/6<\/strong><\/td><td class=\"has-text-align-left\" data-align=\"left\">463-*494:-<\/td><td class=\"has-text-align-left\" data-align=\"left\">484-*504:-<\/td><td class=\"has-text-align-left\" data-align=\"left\">489-*515:-<\/td><td class=\"has-text-align-left\" data-align=\"left\">505-*530:-<\/td><td class=\"has-text-align-left\" data-align=\"left\">572:-<\/td><td class=\"has-text-align-left\" data-align=\"left\">333:-<\/td><\/tr><tr><td class=\"has-text-align-left\" data-align=\"left\"><strong>18\/6\u20134\/7<\/strong><\/td><td class=\"has-text-align-left\" data-align=\"left\">577-*603:-<\/td><td class=\"has-text-align-left\" data-align=\"left\">603-*629:-<\/td><td class=\"has-text-align-left\" data-align=\"left\">619-*650:-<\/td><td class=\"has-text-align-left\" data-align=\"left\">645-*666:-<\/td><td class=\"has-text-align-left\" data-align=\"left\">723:-<\/td><td class=\"has-text-align-left\" data-align=\"left\">395:-<\/td><\/tr><tr><td class=\"has-text-align-left\" data-align=\"left\"><strong>5\/7-1\/8<\/strong><\/td><td class=\"has-text-align-left\" data-align=\"left\">634-*666:-<\/td><td class=\"has-text-align-left\" data-align=\"left\">666-*692:-<\/td><td class=\"has-text-align-left\" data-align=\"left\">681-*718:-<\/td><td class=\"has-text-align-left\" data-align=\"left\">712-*733:-<\/td><td class=\"has-text-align-left\" data-align=\"left\">796:-<\/td><td class=\"has-text-align-left\" data-align=\"left\">437:-<\/td><\/tr><tr><td class=\"has-text-align-left\" data-align=\"left\"><strong>2\/8-22\/8<\/strong><\/td><td class=\"has-text-align-left\" data-align=\"left\">463-*494:-<\/td><td class=\"has-text-align-left\" data-align=\"left\">484-*504:-<\/td><td class=\"has-text-align-left\" data-align=\"left\">489-*515:-<\/td><td class=\"has-text-align-left\" data-align=\"left\">505-*530:-<\/td><td class=\"has-text-align-left\" data-align=\"left\">572:-<\/td><td class=\"has-text-align-left\" data-align=\"left\">333:-<\/td><\/tr><tr><td class=\"has-text-align-left\" data-align=\"left\"><strong>23\/8-23\/9<\/strong><\/td><td class=\"has-text-align-left\" data-align=\"left\">390:-<\/td><td class=\"has-text-align-left\" data-align=\"left\">395:-<\/td><td class=\"has-text-align-left\" data-align=\"left\">411:-<\/td><td class=\"has-text-align-left\" data-align=\"left\">432:-<\/td><td class=\"has-text-align-left\" data-align=\"left\">468:-<\/td><td class=\"has-text-align-left\" data-align=\"left\">322:-<\/td><\/tr><tr><td class=\"has-text-align-left\" data-align=\"left\"><strong>24\/9-26\/9<\/strong><\/td><td class=\"has-text-align-left\" data-align=\"left\">4447:-<\/td><td class=\"has-text-align-left\" data-align=\"left\">458:-<\/td><td class=\"has-text-align-left\" data-align=\"left\">463:-<\/td><td class=\"has-text-align-left\" data-align=\"left\">468:-<\/td><td class=\"has-text-align-left\" data-align=\"left\">510:-<\/td><td class=\"has-text-align-left\" data-align=\"left\">328:-<\/td><\/tr><\/tbody><\/table><\/figure>\n\n\n\n<p class=\"has-text-align-right has-small-font-size lg:px-4\"><em>*H\u00f6rntomt<\/em><\/p>\n<\/div><\/div>\n\n\n\n<h2 class=\"wp-block-heading has-text-align-center\">Vilken plats passar er?<\/h2>\n\n\n\n<div class=\"wp-block-northosts-grid alignfull grid gap-0 md:gap-0 grid-cols-2 lg:px-4 lg:px-4\">\n<section class=\"wp-block-northosts-grid-item col-span-full md:col-span-1 lg:col-span-1 p-0 px-1 lg:px-1\">\n<figure class=\"wp-block-table mt-0 is-style-regular\"><table class=\"has-black-color has-text-color\"><thead><tr><th class=\"has-text-align-left\" data-align=\"left\"><strong>F\u00c4RG<\/strong><\/th><th class=\"has-text-align-left\" data-align=\"left\"><strong>MAXM\u00c5TT ENHET<\/strong><\/th><th class=\"has-text-align-left\" data-align=\"left\"><strong>STORLEK<\/strong><\/th><\/tr><\/thead><tbody><tr><td class=\"has-text-align-left\" data-align=\"left\"><strong>LILA \u2013 <\/strong>med el<br>Husvagn\/husbil\/t\u00e4lt<\/td><td class=\"has-text-align-left\" data-align=\"left\">Husvagn: L 6m, (exkl drag) B 5m.<br>Husbil: Max 7m. B 5m.<\/td><td class=\"has-text-align-left\" data-align=\"left\">L\u00e4ngd: 11m.<br>Bredd: 5m.<\/td><\/tr><tr><td class=\"has-text-align-left\" data-align=\"left\"><strong>GUL \u2013 <\/strong>med el<br>Husvagn\/husbil\/t\u00e4lt<\/td><td class=\"has-text-align-left\" data-align=\"left\">Husvagn: L 6m, (exkl drag). B 5,5m.<br>Husbil: Max 7m. B 5,5 m.<\/td><td class=\"has-text-align-left\" data-align=\"left\">L\u00e4ngd: 11m. <br>Bredd: 5,5m.<\/td><\/tr><tr><td class=\"has-text-align-left\" data-align=\"left\"><strong>BL\u00c5 \u2013 <\/strong>med el<br>Husvagn\/husbil\/t\u00e4lt<\/td><td class=\"has-text-align-left\" data-align=\"left\">Husvagn: L: 7m, (exkl drag). B 6m.<br>Husbil: Max 8m. B 6m.<\/td><td class=\"has-text-align-left\" data-align=\"left\">L\u00e4ngd: 10m. <br>Bredd: 8m.<\/td><\/tr><tr><td class=\"has-text-align-left\" data-align=\"left\"><strong>GR\u00d6N \u2013&nbsp;<\/strong>med el<br>Husvagn\/husbil\/t\u00e4lt<\/td><td class=\"has-text-align-left\" data-align=\"left\">Husvagn: L 10m, (exkl drag). B 6m.<br>Husbil: Max 10m, B6 m.<\/td><td class=\"has-text-align-left\" data-align=\"left\">L\u00e4ngd: 10m. <br>Bredd: 10m.<\/td><\/tr><tr><td class=\"has-text-align-left\" data-align=\"left\"><strong>ORANGE &#8211; <\/strong>med el, avlopp<br>Husvagn\/husbil\/t\u00e4lt<\/td><td class=\"has-text-align-left\" data-align=\"left\">Husvagn: L&nbsp;8m, (exkl drag) B 10m.<br>Husbil: Max&nbsp;8 m, B10m.<\/td><td class=\"has-text-align-left\" data-align=\"left\">L\u00e4ngd:&nbsp;8m. <br>Bredd: 10m.<\/td><\/tr><tr><td class=\"has-text-align-left\" data-align=\"left\"><strong>ST\u00c4LLPLATS<\/strong> &#8211; husbil<br><\/td><td class=\"has-text-align-left\" data-align=\"left\">F\u00f6r alla husbilar, ej el.<\/td><td class=\"has-text-align-left\" data-align=\"left\">G\u00e5r ej att boka.<\/td><\/tr><\/tbody><\/table><\/figure>\n<\/section>\n\n\n\n<section class=\"wp-block-northosts-grid-item col-span-full md:col-span-1 lg:col-span-1 p-0\">\n<figure class=\"wp-block-image size-large\"><img data-dominant-color=\"bac97e\" data-has-transparency=\"false\" style=\"--dominant-color: #bac97e;\" loading=\"lazy\" decoding=\"async\" width=\"1024\" height=\"691\" src=\"https:\/\/grondalscamping.se\/wp-content\/uploads\/2026\/01\/Grondals_camping_karta_2026-1024x691.webp\" alt=\"\" class=\"wp-image-7366 not-transparent\" srcset=\"https:\/\/grondalscamping.se\/wp-content\/uploads\/2026\/01\/Grondals_camping_karta_2026-1024x691.webp 1024w, https:\/\/grondalscamping.se\/wp-content\/uploads\/2026\/01\/Grondals_camping_karta_2026-300x203.webp 300w, https:\/\/grondalscamping.se\/wp-content\/uploads\/2026\/01\/Grondals_camping_karta_2026-768x518.webp 768w, https:\/\/grondalscamping.se\/wp-content\/uploads\/2026\/01\/Grondals_camping_karta_2026-1536x1037.webp 1536w, https:\/\/grondalscamping.se\/wp-content\/uploads\/2026\/01\/Grondals_camping_karta_2026-2048x1383.webp 2048w\" sizes=\"auto, (max-width: 1024px) 100vw, 1024px\" \/><\/figure>\n\n\n\n<p class=\"has-small-font-size\"><em>Vi har fem olika campingtomter med el att v\u00e4lja mellan. Var noga med att v\u00e4lja en plats efter den storlek du beh\u00f6ver, s\u00e5 att ni klara s\u00e4kerhetsavst\u00e5ndet. Lila tomter \u00e4r v\u00e5ra minsta och gr\u00f6na \u00e4r de st\u00f6rsta. St\u00e4llplats utan el kan inte f\u00f6rbokas.<\/em><br><em>Tillg\u00e4nglighetsanpassad tomt R 23&nbsp;(Lila) bokas i f\u00f6rsta hand av er som beh\u00f6ver extra n\u00e4ra till servicehus.<\/em><\/p>\n<\/section>\n<\/div>\n\n\n\n<div style=\"height:4rem\" aria-hidden=\"true\" class=\"wp-block-spacer\"><\/div>\n","protected":false},"excerpt":{"rendered":"<p>Priser camping Priserna avser max 6 personer (vuxna och barn). Vid extra person (vuxen eller barn), tillkommer en avgift p\u00e5 50 kr\/per person och dygn, max 2 extra personer. L\u00e4s mer i v\u00e5ra bokningsvillkor h\u00e4r! DATUM 2026 LILA -med el GULA -med el BL\u00c5A-med el GR\u00d6NA-med el ORANGE -med el, avlopp ST\u00c4LLPLATS 24\/4\u201317\/6 390:- 395:- [&hellip;]<\/p>\n","protected":false},"author":1,"featured_media":0,"parent":133,"menu_order":0,"comment_status":"closed","ping_status":"closed","template":"","meta":{"_acf_changed":false,"northosts_mobile_spacing_top":"theme","northosts_mobile_spacing_bottom":"theme","northosts_desktop_spacing_top":"theme","northosts_desktop_spacing_bottom":"theme","inline_featured_image":false,"footnotes":""},"class_list":["post-141","page","type-page","status-publish","hentry"],"acf":[],"yoast_head":"<!-- This site is optimized with the Yoast SEO plugin v27.4 - https:\/\/yoast.com\/product\/yoast-seo-wordpress\/ -->\n<title>Priser camping - Gr\u00f6ndals Camping &amp; Stugor<\/title>\n<meta name=\"robots\" content=\"index, follow, max-snippet:-1, max-image-preview:large, max-video-preview:-1\" \/>\n<link rel=\"canonical\" href=\"https:\/\/grondalscamping.se\/camping\/priser-camping\/\" \/>\n<meta property=\"og:locale\" content=\"de_DE\" \/>\n<meta property=\"og:type\" content=\"article\" \/>\n<meta property=\"og:title\" content=\"Priser camping - Gr\u00f6ndals Camping &amp; Stugor\" \/>\n<meta property=\"og:description\" content=\"Priser camping Priserna avser max 6 personer (vuxna och barn). Vid extra person (vuxen eller barn), tillkommer en avgift p\u00e5 50 kr\/per person och dygn, max 2 extra personer. L\u00e4s mer i v\u00e5ra bokningsvillkor h\u00e4r! DATUM 2026 LILA -med el GULA -med el BL\u00c5A-med el GR\u00d6NA-med el ORANGE -med el, avlopp ST\u00c4LLPLATS 24\/4\u201317\/6 390:- 395:- [&hellip;]\" \/>\n<meta property=\"og:url\" content=\"https:\/\/grondalscamping.se\/camping\/priser-camping\/\" \/>\n<meta property=\"og:site_name\" content=\"Gr\u00f6ndals Camping &amp; Stugor\" \/>\n<meta property=\"article:modified_time\" content=\"2026-01-22T09:36:22+00:00\" \/>\n<meta property=\"og:image\" content=\"https:\/\/grondalscamping.se\/wp-content\/uploads\/2026\/01\/Grondals_camping_karta_2026-1024x691.webp\" \/>\n\t<meta property=\"og:image:width\" content=\"1024\" \/>\n\t<meta property=\"og:image:height\" content=\"691\" \/>\n\t<meta property=\"og:image:type\" content=\"image\/jpeg\" \/>\n<meta name=\"twitter:card\" content=\"summary_large_image\" \/>\n<meta name=\"twitter:label1\" content=\"Est. reading time\" \/>\n\t<meta name=\"twitter:data1\" content=\"3 minutes\" \/>\n<script type=\"application\/ld+json\" class=\"yoast-schema-graph\">{\"@context\":\"https:\\\/\\\/schema.org\",\"@graph\":[{\"@type\":\"WebPage\",\"@id\":\"https:\\\/\\\/grondalscamping.se\\\/camping\\\/priser-camping\\\/\",\"url\":\"https:\\\/\\\/grondalscamping.se\\\/camping\\\/priser-camping\\\/\",\"name\":\"Priser camping - Gr\u00f6ndals Camping &amp; Stugor\",\"isPartOf\":{\"@id\":\"https:\\\/\\\/grondalscamping.se\\\/#website\"},\"primaryImageOfPage\":{\"@id\":\"https:\\\/\\\/grondalscamping.se\\\/camping\\\/priser-camping\\\/#primaryimage\"},\"image\":{\"@id\":\"https:\\\/\\\/grondalscamping.se\\\/camping\\\/priser-camping\\\/#primaryimage\"},\"thumbnailUrl\":\"https:\\\/\\\/grondalscamping.se\\\/wp-content\\\/uploads\\\/2026\\\/01\\\/Grondals_camping_karta_2026-1024x691.webp\",\"datePublished\":\"2021-08-26T12:01:29+00:00\",\"dateModified\":\"2026-01-22T09:36:22+00:00\",\"breadcrumb\":{\"@id\":\"https:\\\/\\\/grondalscamping.se\\\/camping\\\/priser-camping\\\/#breadcrumb\"},\"inLanguage\":\"de-DE\",\"potentialAction\":[{\"@type\":\"ReadAction\",\"target\":[\"https:\\\/\\\/grondalscamping.se\\\/camping\\\/priser-camping\\\/\"]}]},{\"@type\":\"ImageObject\",\"inLanguage\":\"de-DE\",\"@id\":\"https:\\\/\\\/grondalscamping.se\\\/camping\\\/priser-camping\\\/#primaryimage\",\"url\":\"https:\\\/\\\/grondalscamping.se\\\/wp-content\\\/uploads\\\/2026\\\/01\\\/Grondals_camping_karta_2026-1024x691.webp\",\"contentUrl\":\"https:\\\/\\\/grondalscamping.se\\\/wp-content\\\/uploads\\\/2026\\\/01\\\/Grondals_camping_karta_2026-1024x691.webp\"},{\"@type\":\"BreadcrumbList\",\"@id\":\"https:\\\/\\\/grondalscamping.se\\\/camping\\\/priser-camping\\\/#breadcrumb\",\"itemListElement\":[{\"@type\":\"ListItem\",\"position\":1,\"name\":\"Hem\",\"item\":\"https:\\\/\\\/grondalscamping.se\\\/de\\\/\"},{\"@type\":\"ListItem\",\"position\":2,\"name\":\"Camping\",\"item\":\"https:\\\/\\\/grondalscamping.se\\\/camping\\\/\"},{\"@type\":\"ListItem\",\"position\":3,\"name\":\"Priser camping\"}]},{\"@type\":\"WebSite\",\"@id\":\"https:\\\/\\\/grondalscamping.se\\\/#website\",\"url\":\"https:\\\/\\\/grondalscamping.se\\\/\",\"name\":\"Gr\u00f6ndals Camping &amp; Stugor\",\"description\":\"Familjecamping Gr\u00f6ndals camping &amp; stugor som \u00e4r bel\u00e4gen vid havet mitt i K\u00f6pingsvik vid en av \u00d6lands finaste sandstr\u00e4nder.\",\"publisher\":{\"@id\":\"https:\\\/\\\/grondalscamping.se\\\/#organization\"},\"potentialAction\":[{\"@type\":\"SearchAction\",\"target\":{\"@type\":\"EntryPoint\",\"urlTemplate\":\"https:\\\/\\\/grondalscamping.se\\\/?s={search_term_string}\"},\"query-input\":{\"@type\":\"PropertyValueSpecification\",\"valueRequired\":true,\"valueName\":\"search_term_string\"}}],\"inLanguage\":\"de-DE\"},{\"@type\":\"Organization\",\"@id\":\"https:\\\/\\\/grondalscamping.se\\\/#organization\",\"name\":\"Gr\u00f6ndals Camping &amp; Stugor\",\"url\":\"https:\\\/\\\/grondalscamping.se\\\/\",\"logo\":{\"@type\":\"ImageObject\",\"inLanguage\":\"de-DE\",\"@id\":\"https:\\\/\\\/grondalscamping.se\\\/#\\\/schema\\\/logo\\\/image\\\/\",\"url\":\"https:\\\/\\\/grondalscamping.se\\\/wp-content\\\/uploads\\\/2021\\\/09\\\/only-logo.png\",\"contentUrl\":\"https:\\\/\\\/grondalscamping.se\\\/wp-content\\\/uploads\\\/2021\\\/09\\\/only-logo.png\",\"width\":347,\"height\":147,\"caption\":\"Gr\u00f6ndals Camping &amp; Stugor\"},\"image\":{\"@id\":\"https:\\\/\\\/grondalscamping.se\\\/#\\\/schema\\\/logo\\\/image\\\/\"}}]}<\/script>\n<!-- \/ Yoast SEO plugin. -->","yoast_head_json":{"title":"Priser camping - Gr\u00f6ndals Camping &amp; Stugor","robots":{"index":"index","follow":"follow","max-snippet":"max-snippet:-1","max-image-preview":"max-image-preview:large","max-video-preview":"max-video-preview:-1"},"canonical":"https:\/\/grondalscamping.se\/camping\/priser-camping\/","og_locale":"de_DE","og_type":"article","og_title":"Priser camping - Gr\u00f6ndals Camping &amp; Stugor","og_description":"Priser camping Priserna avser max 6 personer (vuxna och barn). Vid extra person (vuxen eller barn), tillkommer en avgift p\u00e5 50 kr\/per person och dygn, max 2 extra personer. L\u00e4s mer i v\u00e5ra bokningsvillkor h\u00e4r! DATUM 2026 LILA -med el GULA -med el BL\u00c5A-med el GR\u00d6NA-med el ORANGE -med el, avlopp ST\u00c4LLPLATS 24\/4\u201317\/6 390:- 395:- [&hellip;]","og_url":"https:\/\/grondalscamping.se\/camping\/priser-camping\/","og_site_name":"Gr\u00f6ndals Camping &amp; Stugor","article_modified_time":"2026-01-22T09:36:22+00:00","og_image":[{"width":1024,"height":691,"url":"https:\/\/grondalscamping.se\/wp-content\/uploads\/2026\/01\/Grondals_camping_karta_2026-1024x691.webp","type":"image\/jpeg"}],"twitter_card":"summary_large_image","twitter_misc":{"Est. reading time":"3 minutes"},"schema":{"@context":"https:\/\/schema.org","@graph":[{"@type":"WebPage","@id":"https:\/\/grondalscamping.se\/camping\/priser-camping\/","url":"https:\/\/grondalscamping.se\/camping\/priser-camping\/","name":"Priser camping - Gr\u00f6ndals Camping &amp; Stugor","isPartOf":{"@id":"https:\/\/grondalscamping.se\/#website"},"primaryImageOfPage":{"@id":"https:\/\/grondalscamping.se\/camping\/priser-camping\/#primaryimage"},"image":{"@id":"https:\/\/grondalscamping.se\/camping\/priser-camping\/#primaryimage"},"thumbnailUrl":"https:\/\/grondalscamping.se\/wp-content\/uploads\/2026\/01\/Grondals_camping_karta_2026-1024x691.webp","datePublished":"2021-08-26T12:01:29+00:00","dateModified":"2026-01-22T09:36:22+00:00","breadcrumb":{"@id":"https:\/\/grondalscamping.se\/camping\/priser-camping\/#breadcrumb"},"inLanguage":"de-DE","potentialAction":[{"@type":"ReadAction","target":["https:\/\/grondalscamping.se\/camping\/priser-camping\/"]}]},{"@type":"ImageObject","inLanguage":"de-DE","@id":"https:\/\/grondalscamping.se\/camping\/priser-camping\/#primaryimage","url":"https:\/\/grondalscamping.se\/wp-content\/uploads\/2026\/01\/Grondals_camping_karta_2026-1024x691.webp","contentUrl":"https:\/\/grondalscamping.se\/wp-content\/uploads\/2026\/01\/Grondals_camping_karta_2026-1024x691.webp"},{"@type":"BreadcrumbList","@id":"https:\/\/grondalscamping.se\/camping\/priser-camping\/#breadcrumb","itemListElement":[{"@type":"ListItem","position":1,"name":"Hem","item":"https:\/\/grondalscamping.se\/de\/"},{"@type":"ListItem","position":2,"name":"Camping","item":"https:\/\/grondalscamping.se\/camping\/"},{"@type":"ListItem","position":3,"name":"Priser camping"}]},{"@type":"WebSite","@id":"https:\/\/grondalscamping.se\/#website","url":"https:\/\/grondalscamping.se\/","name":"Gr\u00f6ndals Camping &amp; Stugor","description":"Familjecamping Gr\u00f6ndals camping &amp; stugor som \u00e4r bel\u00e4gen vid havet mitt i K\u00f6pingsvik vid en av \u00d6lands finaste sandstr\u00e4nder.","publisher":{"@id":"https:\/\/grondalscamping.se\/#organization"},"potentialAction":[{"@type":"SearchAction","target":{"@type":"EntryPoint","urlTemplate":"https:\/\/grondalscamping.se\/?s={search_term_string}"},"query-input":{"@type":"PropertyValueSpecification","valueRequired":true,"valueName":"search_term_string"}}],"inLanguage":"de-DE"},{"@type":"Organization","@id":"https:\/\/grondalscamping.se\/#organization","name":"Gr\u00f6ndals Camping &amp; Stugor","url":"https:\/\/grondalscamping.se\/","logo":{"@type":"ImageObject","inLanguage":"de-DE","@id":"https:\/\/grondalscamping.se\/#\/schema\/logo\/image\/","url":"https:\/\/grondalscamping.se\/wp-content\/uploads\/2021\/09\/only-logo.png","contentUrl":"https:\/\/grondalscamping.se\/wp-content\/uploads\/2021\/09\/only-logo.png","width":347,"height":147,"caption":"Gr\u00f6ndals Camping &amp; Stugor"},"image":{"@id":"https:\/\/grondalscamping.se\/#\/schema\/logo\/image\/"}}]}},"_links":{"self":[{"href":"https:\/\/grondalscamping.se\/de\/wp-json\/wp\/v2\/pages\/141","targetHints":{"allow":["GET"]}}],"collection":[{"href":"https:\/\/grondalscamping.se\/de\/wp-json\/wp\/v2\/pages"}],"about":[{"href":"https:\/\/grondalscamping.se\/de\/wp-json\/wp\/v2\/types\/page"}],"author":[{"embeddable":true,"href":"https:\/\/grondalscamping.se\/de\/wp-json\/wp\/v2\/users\/1"}],"replies":[{"embeddable":true,"href":"https:\/\/grondalscamping.se\/de\/wp-json\/wp\/v2\/comments?post=141"}],"version-history":[{"count":291,"href":"https:\/\/grondalscamping.se\/de\/wp-json\/wp\/v2\/pages\/141\/revisions"}],"predecessor-version":[{"id":7408,"href":"https:\/\/grondalscamping.se\/de\/wp-json\/wp\/v2\/pages\/141\/revisions\/7408"}],"up":[{"embeddable":true,"href":"https:\/\/grondalscamping.se\/de\/wp-json\/wp\/v2\/pages\/133"}],"wp:attachment":[{"href":"https:\/\/grondalscamping.se\/de\/wp-json\/wp\/v2\/media?parent=141"}],"curies":[{"name":"wp","href":"https:\/\/api.w.org\/{rel}","templated":true}]}}